{"id":157019,"date":"2021-03-16T08:12:46","date_gmt":"2021-03-16T13:12:46","guid":{"rendered":"https:\/\/www.acrartex.com\/products\/support-epirb-lowpro3-cat-ii\/"},"modified":"2021-03-16T08:12:46","modified_gmt":"2021-03-16T13:12:46","slug":"support-epirb-lowpro3-cat-ii","status":"publish","type":"product","link":"https:\/\/www.acrartex.com\/fr\/products\/support-epirb-lowpro3-cat-ii\/","title":{"rendered":"Support EPIRB LowPro\u21223 Cat II"},"content":{"rendered":"<ul>\n<li>Le montage unidirectionnel \u00e9limine la possibilit\u00e9 d&#8217;installer EPIRB \u00e0 l&#8217;envers<\/li>\n<li>L&#8217;aimant de d\u00e9sactivation int\u00e9gr\u00e9 emp\u00eache l&#8217; EPIRB de transmettre jusqu&#8217;\u00e0 son d\u00e9ploiement<\/li>\n<li>La conception en deux parties permet \u00e0 l&#8217;aimant de d\u00e9sactivation de se d\u00e9tacher du support pour le stockage sur l&#8217; EPIRB dans un sac de foss\u00e9 pour \u00e9viter les fausses alarmes<\/li>\n<\/ul>\n<p>Fonctionne avec GlobalFix \u2122 iPRO (RLB-36), GlobalFix \u2122 PRO (RLB-37), SATELLITE 3 406\u2122 (RLB-38)<\/p>\n","protected":false},"excerpt":{"rendered":"<p>Le LowPro\u21223 est fabriqu\u00e9 \u00e0 partir d&#8217;un mat\u00e9riau haute densit\u00e9, qui stocke en toute s\u00e9curit\u00e9 votre GlobalFix \u2122 iPRO\/PRO m\u00eame apr\u00e8s avoir endur\u00e9 des ann\u00e9es d&#8217;aventures.<\/p>\n<p> Ce support EPIRB fonctionne avec les produits suivants :<\/p>\n<p> \u2022 GlobalFix \u2122 iPRO<\/p>\n<p> \u2022 GlobalFix \u2122 PRO<\/p>\n<p> \u2022 SATELLITE 3 406\u2122<\/p>\n<p>&nbsp;<\/p>\n<p>&nbsp;<\/p>\n","protected":false},"featured_media":157026,"template":"","meta":{"_acf_changed":false,"om_disable_all_campaigns":false},"product_brand":[],"product_cat":[5950,5944,5721,5948,5946],"product_tag":[12809,8113,12810,12811,8114,5794,12814,5735,12815,5729,12812,12813,5723],"class_list":{"0":"post-157019","1":"product","2":"type-product","3":"status-publish","4":"has-post-thumbnail","6":"product_cat-commercial-fr","7":"product_cat-interieur","8":"product_cat-marin-fr","9":"product_cat-offshore-fr","10":"product_cat-pres-du-rivage","11":"product_tag-406-balises-de-detresse","12":"product_tag-acr-fr","13":"product_tag-acr-globalfix-fr","14":"product_tag-acr-globalfix-406-fr","15":"product_tag-artex-fr","16":"product_tag-balise-de-localisation-personnelle","17":"product_tag-categorie-ii-fr","18":"product_tag-correctif-global","19":"product_tag-faible-pro","20":"product_tag-globalfix-fr","21":"product_tag-globalfix-406-epirb-fr","22":"product_tag-lowpro-3-fr","23":"product_tag-rls-fr","24":"pa_boat-size-0-20-fr","25":"pa_boat-size-21-40-fr","26":"pa_boat-size-40-80-fr","27":"pa_boat-size-80-fr","28":"pa_boat-type-bateau-a-moteur","29":"pa_boat-type-cargo","30":"pa_boat-type-location-de-yacht","31":"pa_boat-type-peche-commerciale","32":"pa_boat-type-remorqueur","33":"pa_boat-type-sportcraft-fr","34":"pa_boat-type-voilier","35":"pa_boat-type-yacht-fr","36":"pa_product-accessoires-de-securite","37":"pa_product-heritage","38":"pa_product-rescue-beacons-fr","39":"pa_product-rescue-beacons-vhf-sart-fr","41":"first","42":"instock","43":"taxable","44":"shipping-taxable","45":"product-type-simple"},"acf":[],"_links":{"self":[{"href":"https:\/\/www.acrartex.com\/fr\/wp-json\/wp\/v2\/product\/157019","targetHints":{"allow":["GET"]}}],"collection":[{"href":"https:\/\/www.acrartex.com\/fr\/wp-json\/wp\/v2\/product"}],"about":[{"href":"https:\/\/www.acrartex.com\/fr\/wp-json\/wp\/v2\/types\/product"}],"wp:featuredmedia":[{"embeddable":true,"href":"https:\/\/www.acrartex.com\/fr\/wp-json\/wp\/v2\/media\/157026"}],"wp:attachment":[{"href":"https:\/\/www.acrartex.com\/fr\/wp-json\/wp\/v2\/media?parent=157019"}],"wp:term":[{"taxonomy":"product_brand","embeddable":true,"href":"https:\/\/www.acrartex.com\/fr\/wp-json\/wp\/v2\/product_brand?post=157019"},{"taxonomy":"product_cat","embeddable":true,"href":"https:\/\/www.acrartex.com\/fr\/wp-json\/wp\/v2\/product_cat?post=157019"},{"taxonomy":"product_tag","embeddable":true,"href":"https:\/\/www.acrartex.com\/fr\/wp-json\/wp\/v2\/product_tag?post=157019"}],"curies":[{"name":"wp","href":"https:\/\/api.w.org\/{rel}","templated":true}]}}