{"id":156888,"date":"2021-03-16T08:24:25","date_gmt":"2021-03-16T13:24:25","guid":{"rendered":"https:\/\/www.acrartex.com\/products\/personal-locator-beacon-resqlink-400\/"},"modified":"2026-02-03T13:47:39","modified_gmt":"2026-02-03T18:47:39","slug":"personal-locator-beacon-resqlink-400","status":"publish","type":"product","link":"https:\/\/www.acrartex.com\/fr\/products\/personal-locator-beacon-resqlink-400\/","title":{"rendered":"Personal Locator Beacon ResQLink \u2122 400"},"content":{"rendered":"<p style=\"margin-left: 0in; margin-right: 0in;\">Dot\u00e9 de trois niveaux de technologie de signal int\u00e9gr\u00e9 \u2013 positionnement GPS , puissant signal 406 MHz et fonction de radioguidage 121,5 MHz \u2013 le ResQLink 400 transmet rapidement et pr\u00e9cis\u00e9ment votre position \u00e0 un r\u00e9seau mondial de satellites de recherche et de sauvetage. De plus, un flash et un flash infrarouge int\u00e9gr\u00e9s facilitent les sauvetages de nuit ou par faible visibilit\u00e9. <\/p>\n<p style=\"margin-left: 0in; margin-right: 0in;\">O\u00f9 que vous m\u00e8ne votre aventure, qu&#8217;il s&#8217;agisse d&#8217;une excursion vers les plus hauts sommets, les terres les plus inexplor\u00e9es ou les oc\u00e9ans les plus vastes, soyez assur\u00e9 que le ResQLink 400 s&#8217;active toujours facilement. D\u00e9ployez simplement l&#8217;antenne, appuyez sur le bouton ON, et la balise se charge du reste en guidant sans effort les sauveteurs \u00e0 moins de 100 m\u00e8tres de votre position. <\/p>\n<p style=\"margin-left: 0in; margin-right: 0in;\">Gr\u00e2ce \u00e0 des \u00e9l\u00e9ments de conception innovants, des clips multifonctions peuvent \u00eatre utilis\u00e9s avec la balise, offrant ainsi de nombreuses options de portage pour une vari\u00e9t\u00e9 d&#8217;applications utiles. La facilit\u00e9 d&#8217;int\u00e9gration du ResQLink 400 sur vous ou avec votre \u00e9quipement rend vos aventures non seulement plus s\u00fbres, mais aussi plus pratiques. <\/p>\n<p style=\"margin-left: 0in; margin-right: 0in;\">En tant que leader dans les produits de sauvetage \u00e0 usage professionnel et r\u00e9cr\u00e9atif, ACR offre une s\u00e9curit\u00e9 et une tranquillit\u00e9 d&#8217;esprit in\u00e9gal\u00e9es avec la Personal Locator Beacon ResQLink 400.<\/p>\n<p><strong>2346&nbsp;: Kit de s\u00e9curit\u00e9 PLB ResQlink 400 Base<\/strong> | Ce kit comprend les \u00e9l\u00e9ments suivants&nbsp;:<\/p>\n<p>+ Personal Locator Beacon ResQLink 400\u2122 (programm\u00e9e aux \u00c9tats-Unis uniquement)<br \/>\n + Lampe de sauvetage C-Strobe\u2122 H2O<br \/>\n + Sifflet Res-Q\u2122<br \/>\n + Sac \u00e9tanche RapidDitch<br \/>\n + Miroir de signalisation<\/p>\n","protected":false},"excerpt":{"rendered":"<p style=\"margin-left: 0in; margin-right: 0in;\"><span style=\"font-size: 14px;\">Petit mais robuste, le ResQLink 400 a \u00e9t\u00e9 con\u00e7u et test\u00e9 par des professionnels pour garantir sa r\u00e9sistance aux \u00e9l\u00e9ments les plus rudes. Cette Personal Locator Beacon flottante ne n\u00e9cessite aucun abonnement et peut am\u00e9liorer votre s\u00e9curit\u00e9 dans des environnements tr\u00e8s vari\u00e9s. Que ce soit sur terre, en mer ou dans les airs, la pr\u00e9cision satellitaire et la robustesse militaire du ResQLink vous permettent de mener \u00e0 bien vos op\u00e9rations de sauvetage.  <\/span><\/p>\n<p style=\"margin-left: 0in; margin-right: 0in;\"><span style=\"font-size: 14px;\"><strong>Caract\u00e9ristiques et avantages :<\/strong><\/span><\/p>\n<ul>\n<li><span style=\"font-size: 14px;\">Aucun abonnement requis<\/span><\/li>\n<li><span style=\"font-size: 14px;\">GPS et GNSS Galileo<\/span><\/li>\n<li><span style=\"font-size: 14px;\">Flottabilit\u00e9 int\u00e9gr\u00e9e<\/span><\/li>\n<li><span style=\"font-size: 14px;\">Stroboscope et stroboscope infrarouge<\/span><\/li>\n<li><span style=\"font-size: 14px;\">Couverture mondiale<\/span><\/li>\n<li><span style=\"font-size: 14px;\">Compatible MEOSAR<\/span><\/li>\n<li><span style=\"font-size: 14px;\">Petit et l\u00e9ger<\/span><\/li>\n<li><span style=\"font-size: 14px;\">Dur\u00e9e de vie de la batterie de 5 ans<\/span><\/li>\n<li><span style=\"font-size: 14px;\">Dur\u00e9e de vie op\u00e9rationnelle de plus de 24 heures**<\/span><\/li>\n<li><span style=\"font-size: 14px;\">Syst\u00e8me de clip multifonction inclus<\/span><\/li>\n<\/ul>\n<p><span style=\"font-size: 14px;\">**Bas\u00e9 sur un rapport de test d&#8217;un laboratoire accr\u00e9dit\u00e9 | <a href=\"https:\/\/www.dropbox.com\/s\/8343nj28z0d7bxa\/Prop%2065%20-%20BPA.pdf?dl=0\">AVERTISSEMENT&nbsp;: PROP 65<\/a> <\/span><\/p>\n","protected":false},"featured_media":156902,"template":"","meta":{"_acf_changed":false,"om_disable_all_campaigns":false},"product_brand":[],"product_cat":[5950,5787,5956,5944,5721,12145,5946,5952,5954,5958],"product_tag":[12500,5637,6246,6278,8113,6279,12148,6249,5794,11556,6285,6322,12789,6313,12785,12177,6325,6288,6253,6265,5797,12172,12168,6270,6316,6277,5789,6258,6319,12162,5974,12492,6274,12793],"class_list":{"0":"post-156888","1":"product","2":"type-product","3":"status-publish","4":"has-post-thumbnail","6":"product_cat-commercial-fr","7":"product_cat-de-plein-air","8":"product_cat-equipement-de-voyage","9":"product_cat-interieur","10":"product_cat-marin-fr","11":"product_cat-personal-locator-beacon-fr","12":"product_cat-pres-du-rivage","13":"product_cat-randonnee-escalade-camp","14":"product_cat-sport-daction-tout-terrain","15":"product_cat-sports-de-pagaie-peche","16":"product_tag-2921-fr","17":"product_tag-406-fr","18":"product_tag-406-mhz-fr","19":"product_tag-66-canaux","20":"product_tag-acr-fr","21":"product_tag-activation-facile","22":"product_tag-atterrir","23":"product_tag-balise","24":"product_tag-balise-de-localisation-personnelle","25":"product_tag-balise-de-localisation-personnelle-acr","26":"product_tag-balise-de-randonnee","27":"product_tag-balise-de-survie","28":"product_tag-balise-gps","29":"product_tag-chasse","30":"product_tag-de-plein-air","31":"product_tag-dernier-modele","32":"product_tag-equipement-de-sauvetage","33":"product_tag-escalade","34":"product_tag-flottable","35":"product_tag-flotteurs","36":"product_tag-gps-fr","37":"product_tag-kayak-fr","38":"product_tag-littoral","39":"product_tag-localisateur-gps","40":"product_tag-peche","41":"product_tag-petite-balise","42":"product_tag-plb-fr","43":"product_tag-plb-flottant","44":"product_tag-premiers-intervenants","45":"product_tag-randonnee","46":"product_tag-resq-fr","47":"product_tag-resqlink-400-fr","48":"product_tag-rls-personnelle","49":"product_tag-traceur-gps","50":"pa_activity-camping-fr","51":"pa_activity-cross-country-fr","52":"pa_activity-escalade","53":"pa_activity-motoneige","54":"pa_activity-peche","55":"pa_activity-randonnee","56":"pa_activity-ski-snowboard-fr","57":"pa_activity-sports-de-pagaie","58":"pa_activity-tout-terrain-4x4","59":"pa_activity-velo","60":"pa_boat-type-bateau-a-moteur","61":"pa_boat-type-location-de-yacht","62":"pa_boat-type-peche-commerciale","63":"pa_boat-type-remorqueur","64":"pa_boat-type-sportcraft-fr","65":"pa_boat-type-voilier","66":"pa_boat-type-yacht-fr","67":"pa_product-rescue-beacons-fr","68":"pa_terrain-colline-et-montagne","69":"pa_terrain-foret-et-jungle","70":"pa_terrain-rivieres-zones-humides-lacs","71":"pa_terrain-toundra","73":"first","74":"instock","75":"taxable","76":"shipping-taxable","77":"purchasable","78":"product-type-variable","79":"has-default-attributes"},"acf":[],"_links":{"self":[{"href":"https:\/\/www.acrartex.com\/fr\/wp-json\/wp\/v2\/product\/156888","targetHints":{"allow":["GET"]}}],"collection":[{"href":"https:\/\/www.acrartex.com\/fr\/wp-json\/wp\/v2\/product"}],"about":[{"href":"https:\/\/www.acrartex.com\/fr\/wp-json\/wp\/v2\/types\/product"}],"wp:featuredmedia":[{"embeddable":true,"href":"https:\/\/www.acrartex.com\/fr\/wp-json\/wp\/v2\/media\/156902"}],"wp:attachment":[{"href":"https:\/\/www.acrartex.com\/fr\/wp-json\/wp\/v2\/media?parent=156888"}],"wp:term":[{"taxonomy":"product_brand","embeddable":true,"href":"https:\/\/www.acrartex.com\/fr\/wp-json\/wp\/v2\/product_brand?post=156888"},{"taxonomy":"product_cat","embeddable":true,"href":"https:\/\/www.acrartex.com\/fr\/wp-json\/wp\/v2\/product_cat?post=156888"},{"taxonomy":"product_tag","embeddable":true,"href":"https:\/\/www.acrartex.com\/fr\/wp-json\/wp\/v2\/product_tag?post=156888"}],"curies":[{"name":"wp","href":"https:\/\/api.w.org\/{rel}","templated":true}]}}