{"id":156378,"date":"2021-03-16T08:23:29","date_gmt":"2021-03-16T13:23:29","guid":{"rendered":"https:\/\/www.acrartex.com\/products\/pochette-de-flottaison-pour-resqlink-plb\/"},"modified":"2021-03-16T08:23:29","modified_gmt":"2021-03-16T13:23:29","slug":"pochette-de-flottaison-pour-resqlink-plb","status":"publish","type":"product","link":"https:\/\/www.acrartex.com\/fr\/products\/pochette-de-flottaison-pour-resqlink-plb\/","title":{"rendered":"Pochette de flottaison pour ResQlink PLB"},"content":{"rendered":"<ul>\n<li>L\u00e9ger<\/li>\n<li>Assez petit pour \u00eatre facilement transport\u00e9 dans un sac ou une poche<\/li>\n<li>Maintient le ResQLink en s\u00e9curit\u00e9 et assure la flottabilit\u00e9<\/li>\n<li>Cordon<\/li>\n<li>Zipcord<\/li>\n<\/ul>\n","protected":false},"excerpt":{"rendered":"<p>La pochette de flottaison pour RESQLINK\u2122 ajoute une deuxi\u00e8me couche de protection \u00e0 votre balise de localisation personnelle et lui permet de flotter. Pratique et facile \u00e0 fixer \u00e0 votre gilet de sauvetage gr\u00e2ce \u00e0 son cordon. <\/p>\n<p><strong>REMARQUE&nbsp;: Cette pochette est uniquement destin\u00e9e au mod\u00e8le ResQLink PLB -375 (r\u00e9f\u00e9rence&nbsp;2880). Elle ne convient pas aux mod\u00e8les ResQLink Plus (r\u00e9f\u00e9rence&nbsp;2881), ResQLink 400 (r\u00e9f\u00e9rence&nbsp;2921) ni ResQLink View (r\u00e9f\u00e9rence&nbsp;2922).   <\/strong><\/p>\n<p>&nbsp;<\/p>\n","protected":false},"featured_media":156448,"template":"","meta":{"_acf_changed":false,"om_disable_all_campaigns":false},"product_brand":[],"product_cat":[5628,5950,5787,5956,5969,5944,5721,5943,5963,5946,5952,5954,5958],"product_tag":[12514,5794,12535,5797,5976,5789,12503,12523,5971],"class_list":{"0":"post-156378","1":"product","2":"type-product","3":"status-publish","4":"has-post-thumbnail","6":"product_cat-aviation-fr","7":"product_cat-commercial-fr","8":"product_cat-de-plein-air","9":"product_cat-equipement-de-voyage","10":"product_cat-forces-terrestres-speciales","11":"product_cat-interieur","12":"product_cat-marin-fr","13":"product_cat-militaire","14":"product_cat-police-municipalite","15":"product_cat-pres-du-rivage","16":"product_cat-randonnee-escalade-camp","17":"product_cat-sport-daction-tout-terrain","18":"product_cat-sports-de-pagaie-peche","19":"product_tag-2880-fr","20":"product_tag-balise-de-localisation-personnelle","21":"product_tag-flottation","22":"product_tag-gps-fr","23":"product_tag-lien-resq","24":"product_tag-plb-fr","25":"product_tag-plb-fr-2","26":"product_tag-poche","27":"product_tag-resqlink-fr","28":"pa_activity-peche","29":"pa_activity-ski-snowboard-fr","30":"pa_activity-tout-terrain-4x4","31":"pa_aircraft-type-moteur-unique","32":"pa_aircraft-type-turbopropulseur","33":"pa_product-heritage","34":"pa_product-rescue-beacons-fr","35":"pa_terrain-colline-et-montagne","36":"pa_terrain-foret-et-jungle","37":"pa_terrain-toundra","39":"first","40":"outofstock","41":"taxable","42":"shipping-taxable","43":"product-type-simple"},"acf":[],"_links":{"self":[{"href":"https:\/\/www.acrartex.com\/fr\/wp-json\/wp\/v2\/product\/156378","targetHints":{"allow":["GET"]}}],"collection":[{"href":"https:\/\/www.acrartex.com\/fr\/wp-json\/wp\/v2\/product"}],"about":[{"href":"https:\/\/www.acrartex.com\/fr\/wp-json\/wp\/v2\/types\/product"}],"wp:featuredmedia":[{"embeddable":true,"href":"https:\/\/www.acrartex.com\/fr\/wp-json\/wp\/v2\/media\/156448"}],"wp:attachment":[{"href":"https:\/\/www.acrartex.com\/fr\/wp-json\/wp\/v2\/media?parent=156378"}],"wp:term":[{"taxonomy":"product_brand","embeddable":true,"href":"https:\/\/www.acrartex.com\/fr\/wp-json\/wp\/v2\/product_brand?post=156378"},{"taxonomy":"product_cat","embeddable":true,"href":"https:\/\/www.acrartex.com\/fr\/wp-json\/wp\/v2\/product_cat?post=156378"},{"taxonomy":"product_tag","embeddable":true,"href":"https:\/\/www.acrartex.com\/fr\/wp-json\/wp\/v2\/product_tag?post=156378"}],"curies":[{"name":"wp","href":"https:\/\/api.w.org\/{rel}","templated":true}]}}