{"id":156195,"date":"2021-03-16T08:23:13","date_gmt":"2021-03-16T13:23:13","guid":{"rendered":"https:\/\/www.acrartex.com\/products\/kit-pilote-artex-elt-345\/"},"modified":"2021-03-16T08:23:13","modified_gmt":"2021-03-16T13:23:13","slug":"kit-pilote-artex-elt-345","status":"publish","type":"product","link":"https:\/\/www.acrartex.com\/fr\/products\/kit-pilote-artex-elt-345\/","title":{"rendered":"Kit pilote ARTEX ELT 345\u2122"},"content":{"rendered":"<p>En cas d&#8217;urgence, faites confiance \u00e0 la marque \u00e0 laquelle les plus grands constructeurs a\u00e9ronautiques font confiance pour sa qualit\u00e9 irr\u00e9prochable, sa technologie de pointe et son service client exceptionnel. Le nouvel <a href=\"https:\/\/www.acrartex.com\/fr\/products\/elt-345\/\">ELT 345<\/a> ARTEX est fabriqu\u00e9 selon les normes de gestion de la qualit\u00e9 les plus strictes du secteur, garantissant un fonctionnement ELT d\u00e8s la premi\u00e8re utilisation. L&#8217; ELT 345 ARTEX \u00e9met sur les fr\u00e9quences 406 MHz et 121,5 MHz et offre une pr\u00e9cision de positionnement gr\u00e2ce \u00e0 son interface de navigation GPS int\u00e9gr\u00e9e. Les donn\u00e9es GPS sont int\u00e9gr\u00e9es d\u00e8s la premi\u00e8re transmission d&#8217;urgence et permettent aux \u00e9quipes de recherche et de sauvetage de localiser l&#8217;appareil \u00e0 100 m\u00e8tres pr\u00e8s, en moins d&#8217;une minute. L&#8217; ELT 345 b\u00e9n\u00e9ficie d&#8217;un prix attractif pour un ELT offrant la m\u00eame qualit\u00e9 et les m\u00eames performances qui ont fait la renomm\u00e9e de la marque ARTEX .    <\/p>\n<p>&nbsp;<\/p>\n<p><strong>Comment fonctionne l&#8217; ARTEX ELT 345&nbsp;:<\/strong><\/p>\n<p>L&#8217; ARTEX ELT 345 peut \u00eatre activ\u00e9 manuellement (via un interrupteur \u00e0 distance du poste de pilotage ou un interrupteur ELT ) ou automatiquement (le G-Switch d\u00e9tecte un impact de 2,3 G ou plus) et alerte l&#8217;organisme de recherche et de sauvetage le plus proche de votre situation d&#8217;urgence. Le signal de 406 MHz, contenant vos coordonn\u00e9es GPS , est transmis aux satellites Cospas-Sarsat et relay\u00e9 au centre de contr\u00f4le de mission, o\u00f9 il est imm\u00e9diatement achemin\u00e9 vers l&#8217;organisme de recherche et de sauvetage le plus proche. L&#8217;enregistrement de votre balise indiquera <strong>votre<\/strong> identit\u00e9 aux premiers secours, et la balise elle-m\u00eame leur indiquera votre <strong>position<\/strong> \u00e0 100 m\u00e8tres pr\u00e8s. Enfin, le signal de guidage local de 121,5 MHz aide les \u00e9quipes de recherche et de sauvetage \u00e0 d\u00e9terminer votre position exacte.   <\/p>\n<p>&nbsp;<\/p>\n<p><strong>Installation facile :<\/strong><\/p>\n<p>L&#8217; ELT 345 ARTEX offre une solution de modernisation simple et rapide gr\u00e2ce \u00e0 des options d&#8217;installation flexibles, comme un commutateur \u00e0 distance \u00e0 deux fils, sans alimentation de l&#8217;avion. Gr\u00e2ce \u00e0 sa sortie unique, ELT ELT utilise la m\u00eame sortie RF et un seul c\u00e2ble coaxial pour transmettre les signaux 406 MHz et 121,5 MHz. L&#8217;interface de navigation int\u00e9gr\u00e9e ne n\u00e9cessite pas d&#8217;alimentation de l&#8217;avion pour fonctionner, ce qui r\u00e9duit consid\u00e9rablement les co\u00fbts d&#8217;installation. Le support de montage en acier inoxydable \u00e0 trous multiples facilite et acc\u00e9l\u00e8re le remplacement des anciens ELT ARTEX ou des anciens ELT ACK, Kannad et AmeriKing.   <\/p>\n<p>Associez l&#8217; ELT 345 au syst\u00e8me exclusif de test de confirmation par satellite en ligne d&#8217; ARTEX , <a title=\"406Test.com\" href=\"http:\/\/www.406test.com\/\">406Test.com<\/a> , et obtenez les r\u00e9sultats des tests de balises en temps r\u00e9el, provenant des m\u00eames satellites que ceux utilis\u00e9s par les \u00e9quipes de recherche et de sauvetage, pour garantir le bon fonctionnement de votre syst\u00e8me ELT . Ce n&#8217;est pas pour rien que les ELT ARTEX sont le choix de plus d&#8217;avionneurs que tout autre&nbsp;: ils font confiance ARTEX pour fabriquer des produits de la plus haute qualit\u00e9, sachant qu&#8217;ils servent \u00e0 sauver des vies. <\/p>\n<p>&nbsp;<\/p>\n<p><strong>Contenu du kit :<\/strong><\/p>\n<ul style=\"list-style-type: disc;\">\n<li><a href=\"https:\/\/www.acrartex.com\/fr\/products\/elt-345\/\">ELT 345\u2122<\/a> (r\u00e9f. 8102)<\/li>\n<li>Personal Locator Beacon <a href=\"https:\/\/www.acrartex.com\/fr\/products\/personal-locator-beacon-resqlink-400\/\">ResQLink 400\u2122<\/a> (r\u00e9f. 2921)<\/li>\n<li>Feu de d\u00e9tresse d&#8217;urgence <a href=\"https:\/\/www.acrartex.com\/products\/c-light-h20\">C-Light H\u2082O\u2122<\/a> (r\u00e9f. 3962)<\/li>\n<li>Miroir de signalisation<\/li>\n<li>Sifflet WW-3 Res-Q\u2122 (r\u00e9f. 1700)<\/li>\n<\/ul>\n","protected":false},"excerpt":{"rendered":"<p>Voici le tout dernier kit de survie pour pilotes disponible. Le nouveau <a href=\"https:\/\/www.acrartex.com\/press_releases\/167\">kit pilote ARTEX ELT 345\u2122<\/a> allie parfaitement s\u00e9curit\u00e9 et survie pour assurer la s\u00e9curit\u00e9 des aviateurs en cas d&#8217;urgence. Ce kit pratique permet aux aviateurs d&#8217;\u00e9quiper leur avion du dernier Emergency Locator Transmitter ( ELT ) 406 MHz, ainsi que de leur \u00e9quipement de survie personnel, afin de fournir un syst\u00e8me redondant pour alerter les secours de leur position.  <\/p>\n<p>&nbsp;<\/p>\n<p>L&#8217; <a href=\"https:\/\/www.acrartex.com\/products\/elt-345-transmitter\">ARTEX ELT 345<\/a> est livr\u00e9 avec un interrupteur \u00e0 distance, un buzzer, une antenne et du mat\u00e9riel d&#8217;installation et offre aux pilotes une solution de mise \u00e0 niveau ELT rentable pour les anciens ELT 121,5 MHz qui ne sont plus surveill\u00e9s par les satellites de recherche et de sauvetage, ou en remplacement d&#8217;autres ELT 406 MHz pour l&#8217;aviateur soucieux de la qualit\u00e9 et de la valeur.<\/p>\n<p>&nbsp;<\/p>\n<p>Ce kit comprend les produits de survie essentiels suivants&nbsp;:<\/p>\n<p>&nbsp;<\/p>\n<ul>\n<li>ELT 345\u2122 (comprend une antenne, un commutateur \u00e0 distance et le mat\u00e9riel d&#8217;installation)<\/li>\n<li>Personal Locator Beacon ResQLink +\u2122<\/li>\n<li>Feu de d\u00e9tresse d&#8217;urgence C-Light H\u2082O\u2122<\/li>\n<li>Miroir de signalisation<\/li>\n<li>Sifflet WW-3 Res-Q\u2122<\/li>\n<\/ul>\n<p>&nbsp;<\/p>\n<p><a href=\"https:\/\/www.dropbox.com\/s\/8343nj28z0d7bxa\/Prop%2065%20-%20BPA.pdf?dl=0\">AVERTISSEMENT : PROPOSITION 65<\/a><\/p>\n<p>&nbsp;<\/p>\n<p>&nbsp;<\/p>\n","protected":false},"featured_media":156385,"template":"","meta":{"_acf_changed":false,"om_disable_all_campaigns":false},"product_brand":[],"product_cat":[5628,5959,8483,5961],"product_tag":[12500,12483,5794,12404,5633,9235,12462,12434,12419,12387,5789,5971,12492,12474,12449],"class_list":{"0":"post-156195","1":"product","2":"type-product","3":"status-publish","4":"has-post-thumbnail","6":"product_cat-aviation-fr","7":"product_cat-aviation-generale","8":"product_cat-avions-commerciaux","9":"product_cat-jet-daffaires","10":"product_tag-2921-fr","11":"product_tag-balise-de-localisation-durgence","12":"product_tag-balise-de-localisation-personnelle","13":"product_tag-c-light-h2o-fr","14":"product_tag-elt-fr","15":"product_tag-elt-345-fr","16":"product_tag-kit-de-survie","17":"product_tag-kit-pilote","18":"product_tag-lumiere-de-detresse","19":"product_tag-miroir-de-signalisation","20":"product_tag-plb-fr","21":"product_tag-resqlink-fr","22":"product_tag-resqlink-400-fr","23":"product_tag-sifflet-de-secours","24":"product_tag-survivant","25":"pa_product-heritage","27":"first","28":"instock","29":"taxable","30":"shipping-taxable","31":"product-type-simple"},"acf":[],"_links":{"self":[{"href":"https:\/\/www.acrartex.com\/fr\/wp-json\/wp\/v2\/product\/156195","targetHints":{"allow":["GET"]}}],"collection":[{"href":"https:\/\/www.acrartex.com\/fr\/wp-json\/wp\/v2\/product"}],"about":[{"href":"https:\/\/www.acrartex.com\/fr\/wp-json\/wp\/v2\/types\/product"}],"wp:featuredmedia":[{"embeddable":true,"href":"https:\/\/www.acrartex.com\/fr\/wp-json\/wp\/v2\/media\/156385"}],"wp:attachment":[{"href":"https:\/\/www.acrartex.com\/fr\/wp-json\/wp\/v2\/media?parent=156195"}],"wp:term":[{"taxonomy":"product_brand","embeddable":true,"href":"https:\/\/www.acrartex.com\/fr\/wp-json\/wp\/v2\/product_brand?post=156195"},{"taxonomy":"product_cat","embeddable":true,"href":"https:\/\/www.acrartex.com\/fr\/wp-json\/wp\/v2\/product_cat?post=156195"},{"taxonomy":"product_tag","embeddable":true,"href":"https:\/\/www.acrartex.com\/fr\/wp-json\/wp\/v2\/product_tag?post=156195"}],"curies":[{"name":"wp","href":"https:\/\/api.w.org\/{rel}","templated":true}]}}