{"id":156146,"date":"2021-03-16T08:23:22","date_gmt":"2021-03-16T13:23:22","guid":{"rendered":"https:\/\/www.acrartex.com\/products\/tps-8700-kit-de-test-et-de-programmation\/"},"modified":"2021-03-16T08:23:22","modified_gmt":"2021-03-16T13:23:22","slug":"tps-8700-kit-de-test-et-de-programmation","status":"publish","type":"product","link":"https:\/\/www.acrartex.com\/fr\/products\/tps-8700-kit-de-test-et-de-programmation\/","title":{"rendered":"TPS 8700 \u2013 Kit de test et de programmation"},"content":{"rendered":"<p><strong><u>Test ELT et v\u00e9rification de l&#8217;identifiant ELT<\/u><\/strong><\/p>\n<p>Les balises de localisation d&#8217;urgence (ELT) d&#8217;a\u00e9ronef doivent avoir leur num\u00e9ro d&#8217;identification unique enregistr\u00e9 aupr\u00e8s des autorit\u00e9s nationales. Le testeur ARTEX offre une m\u00e9thode simple pour v\u00e9rifier et enregistrer l&#8217;identifiant des ELT ARTEX apr\u00e8s leur installation, leur reprogrammation ou leur r\u00e9enregistrement suite \u00e0 un changement de propri\u00e9taire. <\/p>\n<p>&nbsp;<\/p>\n<p><strong><u>Donn\u00e9es de test<\/u><\/strong><\/p>\n<p>Le testeur ARTEX enregistre toutes les donn\u00e9es dans une base de donn\u00e9es interne, qui peut \u00eatre sauvegard\u00e9e sur votre PC. Les donn\u00e9es sont consultables sur l&#8217;ordinateur ind\u00e9pendamment du testeur et sont horodat\u00e9es, preuve de leur transmission et de leur programmation correcte. Le testeur peut imprimer sur un PC via une interface USB. Cette fonction d&#8217;impression n\u00e9cessite un logiciel t\u00e9l\u00e9chargeable sur ACRARTEX.com.   <\/p>\n<p>&nbsp;<\/p>\n<p><strong><u>Programmation<\/u><\/strong><\/p>\n<p>Le programmateur\/testeur ARTEX poss\u00e8de toutes les fonctionnalit\u00e9s mentionn\u00e9es pr\u00e9c\u00e9demment et permet de programmer rapidement et facilement toute la gamme d&#8217;ELT ARTEX . Il permet de programmer le protocole souhait\u00e9, le d\u00e9bit en bauds des donn\u00e9es NAV et les informations requises, conform\u00e9ment aux sp\u00e9cifications Cospas-Sarsat via le c\u00e2ble de programmation fourni. <\/p>\n<p>&nbsp;<\/p>\n<p>*Toutes les fonctionnalit\u00e9s du 8700 s&#8217;appliquent uniquement aux ELT ARTEX .<\/p>\n<table style=\"width: 500px;\" border=\"1\" cellspacing=\"1\" cellpadding=\"1\" align=\"left\">\n<tbody>\n<tr>\n<td><span style=\"font-size: 12.0pt;\">Tableau des fonctionnalit\u00e9s de test et de programmation<\/span><\/td>\n<td><strong><span style=\"font-size: 12.0pt;\">TPS 8700<\/span><\/strong><\/td>\n<td><strong><span style=\"font-size: 12.0pt;\">TS 8701<\/span><\/strong><\/td>\n<td><strong><span style=\"font-size: 12.0pt;\">TPS 8715<\/span><\/strong><\/td>\n<\/tr>\n<tr>\n<td><span style=\"font-size: 12.0pt;\">V\u00e9rification de l&#8217;identifiant ELT et d\u00e9codage de la transmission 406 MHz<\/span><\/td>\n<td>x<\/td>\n<td>x<\/td>\n<td>x<\/td>\n<\/tr>\n<tr>\n<td><span style=\"font-size: 12.0pt;\">Test de pr\u00e9sence de transmissions \u00e0 121,5 MHz et 243 MHz<\/span><\/td>\n<td>x<\/td>\n<td>x<\/td>\n<td>x<\/td>\n<\/tr>\n<tr>\n<td><span style=\"font-size: 12.0pt;\">Programmation des ELT ARTEX General Aviation uniquement (r\u00e9f\u00e9rence PN 8700 pour l&#8217;unit\u00e9 qui est \u00e9galement capable de programmer ELT de niveau transport)<\/span><\/td>\n<td><\/td>\n<td><\/td>\n<td>x<\/td>\n<\/tr>\n<tr>\n<td><span style=\"font-size: 12.0pt;\">Programmation de tous les ELT ARTEX<\/span><\/td>\n<td>x<\/td>\n<td><\/td>\n<td><\/td>\n<\/tr>\n<tr>\n<td><span style=\"font-size: 12.0pt;\">Sauvegarde des donn\u00e9es sur PC<\/span><\/td>\n<td>x<\/td>\n<td>x<\/td>\n<td>x<\/td>\n<\/tr>\n<tr>\n<td><span style=\"font-size: 12.0pt;\">Capacit\u00e9 d&#8217;impression via l&#8217;interface USB vers un PC<\/span><\/td>\n<td>x<\/td>\n<td>x<\/td>\n<td>x<\/td>\n<\/tr>\n<tr>\n<td><span style=\"font-size: 12.0pt;\">Logiciel inclus avec le produit<\/span><\/td>\n<td>x<\/td>\n<td>x<\/td>\n<td><\/td>\n<\/tr>\n<tr>\n<td><span style=\"font-size: 12.0pt;\">Logiciel non inclus avec le produit (logiciel t\u00e9l\u00e9charg\u00e9 apr\u00e8s r\u00e9ception du produit par le client)<\/span><\/td>\n<td><\/td>\n<td><\/td>\n<td>x<\/td>\n<\/tr>\n<\/tbody>\n<\/table>\n<p>&nbsp;<\/p>\n","protected":false},"excerpt":{"rendered":"<p>Le TPS 8700 est un syst\u00e8me robuste, compact et portable qui permet la programmation, la v\u00e9rification et le test de tous les ELT ARTEX .<\/p>\n<p> <span style=\"color: #ff0000;\"><strong>REMARQUE&nbsp;: ce produit a \u00e9t\u00e9 abandonn\u00e9 et a \u00e9t\u00e9 remplac\u00e9 par le <a href=\"https:\/\/www.acrartex.com\/products\/fpt\/\">programmateur ARTEX s\u00e9rie FPT 8800<\/a> .<\/strong><\/span><\/p>\n<p>&nbsp;<\/p>\n","protected":false},"featured_media":156150,"template":"","meta":{"_acf_changed":false,"om_disable_all_campaigns":false},"product_brand":[],"product_cat":[5628],"product_tag":[],"class_list":{"0":"post-156146","1":"product","2":"type-product","3":"status-publish","4":"has-post-thumbnail","6":"product_cat-aviation-fr","7":"pa_product-heritage","9":"first","10":"instock","11":"taxable","12":"shipping-taxable","13":"product-type-simple"},"acf":[],"_links":{"self":[{"href":"https:\/\/www.acrartex.com\/fr\/wp-json\/wp\/v2\/product\/156146","targetHints":{"allow":["GET"]}}],"collection":[{"href":"https:\/\/www.acrartex.com\/fr\/wp-json\/wp\/v2\/product"}],"about":[{"href":"https:\/\/www.acrartex.com\/fr\/wp-json\/wp\/v2\/types\/product"}],"wp:featuredmedia":[{"embeddable":true,"href":"https:\/\/www.acrartex.com\/fr\/wp-json\/wp\/v2\/media\/156150"}],"wp:attachment":[{"href":"https:\/\/www.acrartex.com\/fr\/wp-json\/wp\/v2\/media?parent=156146"}],"wp:term":[{"taxonomy":"product_brand","embeddable":true,"href":"https:\/\/www.acrartex.com\/fr\/wp-json\/wp\/v2\/product_brand?post=156146"},{"taxonomy":"product_cat","embeddable":true,"href":"https:\/\/www.acrartex.com\/fr\/wp-json\/wp\/v2\/product_cat?post=156146"},{"taxonomy":"product_tag","embeddable":true,"href":"https:\/\/www.acrartex.com\/fr\/wp-json\/wp\/v2\/product_tag?post=156146"}],"curies":[{"name":"wp","href":"https:\/\/api.w.org\/{rel}","templated":true}]}}