{"id":156001,"date":"2021-03-16T08:25:01","date_gmt":"2021-03-16T13:25:01","guid":{"rendered":"https:\/\/www.acrartex.com\/products\/projecteur-a-led-rcl-85\/"},"modified":"2026-02-03T14:09:29","modified_gmt":"2026-02-03T19:09:29","slug":"projecteur-a-led-rcl-85","status":"publish","type":"product","link":"https:\/\/www.acrartex.com\/fr\/products\/projecteur-a-led-rcl-85\/","title":{"rendered":"Projecteur \u00e0 LED RCL -85"},"content":{"rendered":"<p style=\"margin: 0in 0in 0.0001pt;\"><span style=\"font-size: 10pt;\"><span style=\"line-height: 150%;\">Le design \u00e9l\u00e9gant RCL -85 LED en fait un choix attrayant et \u00e9conomique pour les bateaux de plaisance de petite et moyenne taille, ainsi que pour les navires commerciaux l\u00e9gers. Ce projecteur est \u00e9quip\u00e9 d&#8217;une t\u00e9l\u00e9commande sans fil permettant une rotation \u00e0 350 degr\u00e9s. Avec un angle de faisceau de 8 degr\u00e9s, il peut s&#8217;incliner jusqu&#8217;\u00e0 90 degr\u00e9s pour \u00e9clairer facilement les ponts-levis, les bou\u00e9es et les quais. En cas d&#8217;urgence, utilisez la fonction stroboscopique pour signaler votre pr\u00e9sence. <strong><span style=\"font-weight: normal;\">Le RCL -85 est r\u00e9sistant aux intemp\u00e9ries gr\u00e2ce \u00e0 son<\/span><\/strong> \u00e9lectronique int\u00e9gr\u00e9e \u00e0 la t\u00eate d&#8217;\u00e9clairage IP68, plut\u00f4t qu&#8217;\u00e0 sa base, pour une protection accrue. Le bo\u00eetier et la lentille ASA sont \u00e9tanches aux intemp\u00e9ries pour des ann\u00e9es de fonctionnement sans probl\u00e8me, id\u00e9al pour tous ceux qui recherchent un projecteur LED lumineux et abordable pour bateaux et camions.      <\/span><\/span><\/p>\n<p style=\"text-align: justify; margin: 0in 0in 0.0001pt;\"><span style=\"font-size: 10pt;\"><span style=\"line-height: 150%;\"><b>Caract\u00e9ristiques principales :<\/b><\/span><\/span><\/p>\n<ul>\n<li style=\"text-align: justify; margin: 0in 0in 0.0001pt;\"><span style=\"font-size: 10pt;\"><span style=\"line-height: 150%;\">6 LED \u00e0 haut flux (OSRAM)  <\/span><\/span><\/li>\n<li style=\"text-align: justify; margin: 0in 0in 0.0001pt;\"><span style=\"font-size: 10pt;\"><span style=\"line-height: 150%;\">240&nbsp;000 candelas, port\u00e9e maximale du faisceau&nbsp;: 980&nbsp;m<\/span><\/span><\/li>\n<li style=\"text-align: justify; margin: 0in 0in 0.0001pt;\"><span style=\"font-size: 10pt;\"><span style=\"line-height: 150%;\">T\u00e9l\u00e9commande sans fil (incluse)<\/span><\/span><\/li>\n<li style=\"text-align: justify; margin: 0in 0in 0.0001pt;\"><span style=\"font-size: 10pt;\"><span style=\"line-height: 150%;\">Rotation \u00e0 350 <sup>\u00b0<\/sup> et inclinaison \u00e0 90 <sup>\u00b0<\/sup><\/span><\/span><\/li>\n<li style=\"text-align: justify; margin: 0in 0in 0.0001pt;\"><span style=\"font-size: 10pt;\"><span style=\"line-height: 150%;\">2 amp\u00e8res (12 V) \u00e0 1,1 amp\u00e8re (24 V)<\/span><\/span><\/li>\n<li style=\"text-align: justify; margin: 0in 0in 0.0001pt;\"><span style=\"font-size: 10pt;\"><span style=\"line-height: 150%;\">LED efficaces et longue dur\u00e9e de vie \u2013 50 000 heures de fonctionnement<\/span><\/span><\/li>\n<li style=\"text-align: justify; margin: 0in 0in 0.0001pt;\"><span style=\"font-size: 10pt;\"><span style=\"line-height: 150%;\">R\u00e9sistant aux UV et aux intemp\u00e9ries<\/span><\/span><\/li>\n<li>Projecteur LED lumineux pour bateaux et camions<\/li>\n<li style=\"text-align: justify; margin: 0in 0in 0.0001pt;\"><span style=\"font-size: 10.0pt;\">Installation simple (connexion \u00e9lectrique 12-24 V uniquement)<\/span><\/li>\n<\/ul>\n","protected":false},"excerpt":{"rendered":"<p style=\"margin: 0in 0in 0.0001pt;\"><span style=\"font-size: 10pt;\"><span style=\"line-height: 150%;\">Le tout nouveau projecteur LED RCL -85 a \u00e9t\u00e9 con\u00e7u pour les plaisanciers souhaitant se passer des projecteurs halog\u00e8nes, tout en b\u00e9n\u00e9ficiant d&#8217;un projecteur LED puissant et abordable pour bateaux et camions. Avec une puissance impressionnante de 240&nbsp;000 candelas et 6 LED \u00e0 haut flux (30 W), vous b\u00e9n\u00e9ficiez d&#8217;une visibilit\u00e9 sur plus d&#8217;un demi-mille nautique pour \u00e9clairer votre destination. Son installation simple n\u00e9cessite simplement une alimentation de 12 \u00e0 24 V, et toutes les op\u00e9rations sont enti\u00e8rement sans fil.  <\/span><\/span><\/p>\n<p>&nbsp;<\/p>\n<p style=\"margin: 0in 0in 0.0001pt;\"><a href=\"https:\/\/www.dropbox.com\/s\/fk04stqsp2hgk5f\/Prop%2065%20-%20DEHP.pdf?dl=0\">AVERTISSEMENT : PROPOSITION 65<\/a><\/p>\n<p>&nbsp;<\/p>\n","protected":false},"featured_media":36740,"template":"","meta":{"_acf_changed":false,"om_disable_all_campaigns":false},"product_brand":[],"product_cat":[5944,5721,5948,5946,7163],"product_tag":[12330,12343,12278,12306,7341,12319,7174,7169,12292,11531,7346,7170,7168],"class_list":{"0":"post-156001","1":"product","2":"type-product","3":"status-publish","4":"has-post-thumbnail","6":"product_cat-interieur","7":"product_cat-marin-fr","8":"product_cat-offshore-fr","9":"product_cat-pres-du-rivage","10":"product_cat-projecteurs","11":"product_tag-1956-fr","12":"product_tag-1957-fr","13":"product_tag-acr-rcl-85-fr","14":"product_tag-eclairage-de-camion-de-travail","15":"product_tag-projecteur-a-led","16":"product_tag-projecteur-a-led-lumineux-pour-bateaux-et-camions","17":"product_tag-projecteur-acr","18":"product_tag-projecteur-de-bateau","19":"product_tag-projecteur-de-camion","20":"product_tag-projecteur-de-recherche-a-led-pour-bateau","21":"product_tag-projecteur-led-marin","22":"product_tag-projecteur-marin","23":"product_tag-projecteurs-a-vendre","24":"pa_product-projecteurs","26":"first","27":"instock","28":"taxable","29":"shipping-taxable","30":"purchasable","31":"product-type-variable"},"acf":[],"_links":{"self":[{"href":"https:\/\/www.acrartex.com\/fr\/wp-json\/wp\/v2\/product\/156001","targetHints":{"allow":["GET"]}}],"collection":[{"href":"https:\/\/www.acrartex.com\/fr\/wp-json\/wp\/v2\/product"}],"about":[{"href":"https:\/\/www.acrartex.com\/fr\/wp-json\/wp\/v2\/types\/product"}],"wp:featuredmedia":[{"embeddable":true,"href":"https:\/\/www.acrartex.com\/fr\/wp-json\/wp\/v2\/media\/36740"}],"wp:attachment":[{"href":"https:\/\/www.acrartex.com\/fr\/wp-json\/wp\/v2\/media?parent=156001"}],"wp:term":[{"taxonomy":"product_brand","embeddable":true,"href":"https:\/\/www.acrartex.com\/fr\/wp-json\/wp\/v2\/product_brand?post=156001"},{"taxonomy":"product_cat","embeddable":true,"href":"https:\/\/www.acrartex.com\/fr\/wp-json\/wp\/v2\/product_cat?post=156001"},{"taxonomy":"product_tag","embeddable":true,"href":"https:\/\/www.acrartex.com\/fr\/wp-json\/wp\/v2\/product_tag?post=156001"}],"curies":[{"name":"wp","href":"https:\/\/api.w.org\/{rel}","templated":true}]}}