{"id":155991,"date":"2021-03-16T08:25:07","date_gmt":"2021-03-16T13:25:07","guid":{"rendered":"https:\/\/www.acrartex.com\/products\/projecteur-a-led-rcl-95\/"},"modified":"2026-02-03T14:13:27","modified_gmt":"2026-02-03T19:13:27","slug":"projecteur-a-led-rcl-95","status":"publish","type":"product","link":"https:\/\/www.acrartex.com\/fr\/products\/projecteur-a-led-rcl-95\/","title":{"rendered":"Projecteur \u00e0 LED RCL -95"},"content":{"rendered":"<p style=\"margin: 0in 0in 0.0001pt;\"><span style=\"font-size: 10pt;\"><span style=\"line-height: 150%;\">Utilisez le projecteur LED RCL -95 avec le<b> <\/b>Le joystick filaire mont\u00e9 sur le tableau de bord ou la t\u00e9l\u00e9commande sans fil permettent de faire pivoter le projecteur \u00e0 360 degr\u00e9s en continu, \u00e0 vitesse rapide ou lente, sans avoir \u00e0 l&#8217;arr\u00eater brusquement. Avec un angle de faisceau de 8 degr\u00e9s, le projecteur peut s&#8217;incliner jusqu&#8217;\u00e0 135 degr\u00e9s pour \u00e9clairer facilement les ponts-levis, les bou\u00e9es et les quais. La fonction de retour automatique permet de ramener le projecteur \u00e0 sa position de d\u00e9part souhait\u00e9e \u00e0 chaque fois que vous l&#8217;\u00e9teignez. <strong><span style=\"font-weight: normal;\">Le RCL -95 est le projecteur de recherche LED pour bateau le plus puissant et r\u00e9sistant aux intemp\u00e9ries. Son \u00e9lectronique est<\/span><\/strong> log\u00e9e dans la t\u00eate d&#8217;\u00e9clairage \u00e9tanche IP68 plut\u00f4t que dans la base pour une protection accrue. Le bo\u00eetier et la lentille en ASA sont \u00e9tanches aux intemp\u00e9ries pour des ann\u00e9es de fonctionnement sans probl\u00e8me.     <\/span><\/span><\/p>\n<p style=\"margin: 0in 0in 0.0001pt;\"><b>Caract\u00e9ristiques principales :<\/b><\/p>\n<ul>\n<li style=\"text-align: justify; margin: 0in 0in 0.0001pt;\"><span style=\"font-size: 10pt;\"><span style=\"line-height: 150%;\">10 LED \u00e0 haut flux (OSRAM)  <\/span><\/span><\/li>\n<li style=\"text-align: justify; margin: 0in 0in 0.0001pt;\"><span style=\"font-size: 10pt;\"><span style=\"line-height: 150%;\">460 000 Candela, port\u00e9e maximale du faisceau 4 501 pieds (1 372 m), l&#8217;un des projecteurs de recherche \u00e0 LED pour bateaux les plus brillants<\/span><\/span><\/li>\n<li style=\"text-align: justify; margin: 0in 0in 0.0001pt;\"><span style=\"font-size: 10pt;\"><span style=\"line-height: 150%;\">T\u00e9l\u00e9commande sans fil et joystick filaire pour tableau de bord (tous deux inclus)<\/span><\/span><\/li>\n<li style=\"text-align: justify; margin: 0in 0in 0.0001pt;\"><span style=\"font-size: 10pt;\"><span style=\"line-height: 150%;\">Rotation continue \u00e0 360 <sup>\u00b0<\/sup> et inclinaison \u00e0 135 <sup>\u00b0<\/sup><\/span><\/span><\/li>\n<li style=\"text-align: justify; margin: 0in 0in 0.0001pt;\"><span style=\"font-size: 10pt;\"><span style=\"line-height: 150%;\">Retour automatique \u00e0 la maison lorsque le v\u00e9hicule est \u00e9teint<\/span><\/span><\/li>\n<li style=\"text-align: justify; margin: 0in 0in 0.0001pt;\"><span style=\"font-size: 10pt;\"><span style=\"line-height: 150%;\">4 amp\u00e8res (12 V) \u00e0 2 amp\u00e8res (24 V)<\/span><\/span><\/li>\n<li style=\"text-align: justify; margin: 0in 0in 0.0001pt;\"><span style=\"font-size: 10pt;\"><span style=\"line-height: 150%;\">LED efficaces et longue dur\u00e9e de vie \u2013 50 000 heures de fonctionnement<\/span><\/span><\/li>\n<li style=\"text-align: justify; margin: 0in 0in 0.0001pt;\"><span style=\"font-size: 10pt;\"><span style=\"line-height: 150%;\">R\u00e9sistant aux UV et aux intemp\u00e9ries<\/span><\/span><\/li>\n<li style=\"text-align: justify; margin: 0in 0in 0.0001pt;\"><span style=\"font-size: 10pt;\"><span style=\"line-height: 150%;\">Installation simple (connexion d&#8217;alimentation 12-24 V et c\u00e2ble de commande de joystick filaire de 5 m)<\/span><\/span><\/li>\n<li>Id\u00e9al pour les camions de travail, les fourgonnettes, les bateaux et les bateaux de travail<\/li>\n<\/ul>\n<p><b>Accessoires optionnels :<\/b><b><\/b><\/p>\n<ul>\n<li><b><\/b><span style=\"font-size: 10pt;\"><span style=\"line-height: 150%;\">T\u00e9l\u00e9commande sans fil pour tableau de bord (r\u00e9f. 9635)<\/span><\/span><\/li>\n<li><span style=\"font-size: 10pt;\"><span style=\"line-height: 150%;\">Plaque de montage de remplacement RCL -95 pour GOLIGHT\u00ae (r\u00e9f. 9639)*<\/span><\/span><\/li>\n<li><span style=\"font-size: 10pt;\"><span style=\"line-height: 150%;\">C\u00e2ble d&#8217;extension RCL -95 de 5 m (16,4 pi) (r\u00e9f. 9638)<\/span><\/span><\/li>\n<li><span style=\"font-size: 10pt;\"><span style=\"line-height: 150%;\">Faisceau de c\u00e2bles pour joystick RCL -95 (r\u00e9f. 9640)<\/span><\/span><\/li>\n<\/ul>\n<p><span style=\"font-size: 10pt;\"><span style=\"line-height: 150%;\">*Ce kit de mise \u00e0 niveau peut \u00eatre utilis\u00e9 pour remplacer les projecteurs GOLIGHT\u00ae Stryker ou RadioRay par le projecteur RCL -95. Remarque&nbsp;: Ce kit ne convient pas \u00e0 la version portable RadioRay (GOLIGHT est une marque d\u00e9pos\u00e9e de GOLIGHT Inc.). <\/span><\/span><\/p>\n","protected":false},"excerpt":{"rendered":"<p style=\"margin: 0in 0in 0.0001pt;\"><span style=\"font-size: 10pt;\"><span style=\"line-height: 150%;\">Le tout nouveau projecteur LED RCL -95 a \u00e9t\u00e9 con\u00e7u pour allier performance et simplicit\u00e9, et figure parmi les projecteurs LED pour bateaux les plus lumineux. Avec une puissance de 460&nbsp;000 candelas, la meilleure du march\u00e9, et 10 LED \u00e0 haut flux (50 W), il vous offre une visibilit\u00e9 sur plus de 3\/4 de mille nautique pour \u00e9clairer votre destination.   <\/span><\/span><span style=\"font-size: 10.0pt;\">La conception \u00e9l\u00e9gante RCL -95 LED en fait un choix attrayant et \u00e9conomique pour les bateaux \u00e0 moteur de plaisance de petite et moyenne taille ainsi que pour les navires commerciaux l\u00e9gers.<\/span><\/p>\n<p>&nbsp;<\/p>\n<p style=\"margin: 0in 0in 0.0001pt;\"><a href=\"https:\/\/www.dropbox.com\/s\/0ezw0kexbm120vv\/Prop%2065%20-%20Lead%20and%20Lead%20Compounds.pdf?dl=0\">AVERTISSEMENT : PROPOSITION 65<\/a><\/p>\n","protected":false},"featured_media":36733,"template":"","meta":{"_acf_changed":false,"om_disable_all_campaigns":false},"product_brand":[],"product_cat":[5944,5721,5948,5946,7163],"product_tag":[12293,12308,12280,7174,7169,11531,7346,7170,12265],"class_list":{"0":"post-155991","1":"product","2":"type-product","3":"status-publish","4":"has-post-thumbnail","6":"product_cat-interieur","7":"product_cat-marin-fr","8":"product_cat-offshore-fr","9":"product_cat-pres-du-rivage","10":"product_cat-projecteurs","11":"product_tag-1958-fr","12":"product_tag-1959-fr","13":"product_tag-acr-rcl-95-fr","14":"product_tag-projecteur-acr","15":"product_tag-projecteur-de-bateau","16":"product_tag-projecteur-de-recherche-a-led-pour-bateau","17":"product_tag-projecteur-led-marin","18":"product_tag-projecteur-marin","19":"product_tag-projecteurs-a-vendre-fr","20":"pa_product-projecteurs","22":"first","23":"instock","24":"taxable","25":"shipping-taxable","26":"purchasable","27":"product-type-variable"},"acf":[],"_links":{"self":[{"href":"https:\/\/www.acrartex.com\/fr\/wp-json\/wp\/v2\/product\/155991","targetHints":{"allow":["GET"]}}],"collection":[{"href":"https:\/\/www.acrartex.com\/fr\/wp-json\/wp\/v2\/product"}],"about":[{"href":"https:\/\/www.acrartex.com\/fr\/wp-json\/wp\/v2\/types\/product"}],"wp:featuredmedia":[{"embeddable":true,"href":"https:\/\/www.acrartex.com\/fr\/wp-json\/wp\/v2\/media\/36733"}],"wp:attachment":[{"href":"https:\/\/www.acrartex.com\/fr\/wp-json\/wp\/v2\/media?parent=155991"}],"wp:term":[{"taxonomy":"product_brand","embeddable":true,"href":"https:\/\/www.acrartex.com\/fr\/wp-json\/wp\/v2\/product_brand?post=155991"},{"taxonomy":"product_cat","embeddable":true,"href":"https:\/\/www.acrartex.com\/fr\/wp-json\/wp\/v2\/product_cat?post=155991"},{"taxonomy":"product_tag","embeddable":true,"href":"https:\/\/www.acrartex.com\/fr\/wp-json\/wp\/v2\/product_tag?post=155991"}],"curies":[{"name":"wp","href":"https:\/\/api.w.org\/{rel}","templated":true}]}}