{"id":155806,"date":"2021-03-16T08:24:50","date_gmt":"2021-03-16T13:24:50","guid":{"rendered":"https:\/\/www.acrartex.com\/products\/personal-locator-beacon-resqlink-view\/"},"modified":"2026-03-06T10:11:53","modified_gmt":"2026-03-06T15:11:53","slug":"personal-locator-beacon-resqlink-view","status":"publish","type":"product","link":"https:\/\/www.acrartex.com\/fr\/products\/personal-locator-beacon-resqlink-view\/","title":{"rendered":"Balise de localisation personnelle ResQLink\u2122"},"content":{"rendered":"<p style=\"margin-left: 0in; margin-right: 0in;\">Gr\u00e2ce \u00e0 ses trois technologies de signalisation int\u00e9gr\u00e9es (positionnement GPS, signal puissant \u00e0 406 MHz et radiogoniom\u00e9trie \u00e0 121,5 MHz), la ResQLink View transmet rapidement et pr\u00e9cis\u00e9ment votre position \u00e0 un r\u00e9seau mondial de satellites de recherche et de sauvetage. De plus, un flash stroboscopique int\u00e9gr\u00e9 et un flash infrarouge facilitent les sauvetages de nuit ou par faible visibilit\u00e9. <\/p>\n<p style=\"margin-left: 0in; margin-right: 0in;\">O\u00f9 que vous m\u00e8nent vos aventures, que ce soit au sommet des plus hautes montagnes, sur les terrains les plus recul\u00e9s ou au c\u0153ur des oc\u00e9ans, soyez assur\u00e9 que la balise ResQLink View s&#8217;active toujours facilement. D\u00e9ployez simplement l&#8217;antenne, appuyez sur le bouton marche\/arr\u00eat, et la balise fera le reste. Elle guidera sans effort les sauveteurs jusqu&#8217;\u00e0 100 m\u00e8tres de votre position. B\u00e9n\u00e9ficiez d&#8217;une tranquillit\u00e9 d&#8217;esprit accrue gr\u00e2ce \u00e0 l&#8217;\u00e9cran num\u00e9rique int\u00e9gr\u00e9 qui affiche en temps r\u00e9el l&#8217;\u00e9tat de la balise et les coordonn\u00e9es GPS tout au long de l&#8217;op\u00e9ration de sauvetage.   <\/p>\n<p style=\"margin-left: 0in; margin-right: 0in;\">Gr\u00e2ce \u00e0 des \u00e9l\u00e9ments de conception innovants, les clips multifonctions peuvent \u00eatre utilis\u00e9s avec la balise, offrant ainsi de nombreuses options de port pour diverses applications pratiques. La facilit\u00e9 accrue d&#8217;int\u00e9gration de la ResQLink View sur soi ou dans son \u00e9quipement rend toutes vos aventures non seulement plus s\u00fbres, mais aussi plus pratiques. <\/p>\n<p style=\"margin-left: 0in; margin-right: 0in;\">Leader dans le domaine des produits de sauvetage \u00e0 usage professionnel et r\u00e9cr\u00e9atif, ACR offre une s\u00e9curit\u00e9 et une tranquillit\u00e9 d&#8217;esprit in\u00e9gal\u00e9es gr\u00e2ce \u00e0 la balise de localisation personnelle ResQLink View.<\/p>\n<p style=\"margin-left: 0in; margin-right: 0in;\"><strong>Caract\u00e9ristiques et avantages :<\/strong><\/p>\n<ul>\n<li>Aucun abonnement requis<\/li>\n<li>GPS et GNSS Galileo<\/li>\n<li>Flottabilit\u00e9 int\u00e9gr\u00e9e<\/li>\n<li>Stroboscope et stroboscope infrarouge<\/li>\n<li>Couverture mondiale<\/li>\n<li>Compatible MEOSAR<\/li>\n<li>Petit et l\u00e9ger<\/li>\n<li>Dur\u00e9e de vie de la batterie de 5 ans<\/li>\n<li>Dur\u00e9e de vie op\u00e9rationnelle de 28 heures**<\/li>\n<li>Syst\u00e8me de clip multifonction inclus<\/li>\n<li><span style=\"font-family: Tahoma, sans-serif;\">Skins ACR exclusifs inclus \u00e0 l&#8217;achat (personnalisez votre balise et adaptez-la \u00e0 votre style de vie et \u00e0 vos activit\u00e9s pr\u00e9f\u00e9r\u00e9es)<\/span><\/li>\n<\/ul>\n<p>&nbsp;<\/p>\n<p><strong>2347&nbsp;: Kit de s\u00e9curit\u00e9 ResQlink View PLB<\/strong> | Ce kit comprend les \u00e9l\u00e9ments suivants&nbsp;:<\/p>\n<ul>\n<li>Balise de localisation personnelle ResQLink View\u2122 (programmation r\u00e9serv\u00e9e aux \u00c9tats-Unis)<\/li>\n<li>Lampe de secours C-Strobe\u2122 H2O \u2013 <a href=\"https:\/\/www.acrartex.com\/products\/c-strobe-h20\">En savoir plus<\/a><\/li>\n<li>Sifflet Res-Q\u2122 \u2013 <a href=\"https:\/\/www.acrartex.com\/fr\/products\/sifflet-ww-3-resq\/\">En savoir plus<\/a><\/li>\n<li>Sac \u00e9tanche RapidDitch<\/li>\n<li>Miroir de signalisation<\/li>\n<\/ul>\n<p>&nbsp;<\/p>\n<p><strong>2361&nbsp;: Kit de s\u00e9curit\u00e9 ResQLink VIEW PLB + ResQFlare<\/strong> | Ce kit comprend les produits de survie essentiels suivants&nbsp;:<\/p>\n<ul>\n<li>Balise de localisation personnelle ResQLink View (programmation r\u00e9serv\u00e9e aux \u00c9tats-Unis)<\/li>\n<li>Fus\u00e9e de d\u00e9tresse \u00e9lectronique ResQFlare<\/li>\n<li>Lampe de sauvetage C-Strobe H2O<\/li>\n<li>Miroir de signalisation<\/li>\n<li>Sifflet Res-Q\u2122<\/li>\n<li>Sac \u00e9tanche RapidDitch<\/li>\n<\/ul>\n","protected":false},"excerpt":{"rendered":"<p style=\"margin-left: 0in; margin-right: 0in;\">Petit mais robuste, le ResQLink View a \u00e9t\u00e9 con\u00e7u et test\u00e9 par des professionnels pour r\u00e9sister aux conditions les plus extr\u00eames. Cette balise de localisation personnelle flottante ne n\u00e9cessite aucun abonnement et dispose d&#8217;un \u00e9cran num\u00e9rique affichant son statut en temps r\u00e9el et ses coordonn\u00e9es GPS. Sur terre, en mer ou dans les airs, gr\u00e2ce \u00e0 sa pr\u00e9cision satellitaire et sa robustesse militaire, le ResQLink met les secours \u00e0 port\u00e9e de main.  <\/p>\n<p>**D&#8217;apr\u00e8s un rapport d&#8217;essai provenant d&#8217;un laboratoire accr\u00e9dit\u00e9<\/p>\n<p>&nbsp;<\/p>\n<p><a href=\"https:\/\/www.dropbox.com\/s\/8343nj28z0d7bxa\/Prop%2065%20-%20BPA.pdf?dl=0\">AVERTISSEMENT : PROPOSITION 65<\/a><\/p>\n<p>&nbsp;<\/p>\n","protected":false},"featured_media":12437,"template":"","meta":{"_acf_changed":false,"om_disable_all_campaigns":false},"product_brand":[],"product_cat":[5950,5787,5956,5944,5721,12145,5946,5952,5954,5958],"product_tag":[5637,6246,8113,12148,6249,11556,6285,6313,12210,6325,6288,12223,6253,6265,5797,12172,6270,9296,12238,6316,6277,5789,12193,6258,12162,5974,5971,6274,12182],"class_list":{"0":"post-155806","1":"product","2":"type-product","3":"status-publish","4":"has-post-thumbnail","6":"product_cat-commercial-fr","7":"product_cat-de-plein-air","8":"product_cat-equipement-de-voyage","9":"product_cat-interieur","10":"product_cat-marin-fr","11":"product_cat-personal-locator-beacon-fr","12":"product_cat-pres-du-rivage","13":"product_cat-randonnee-escalade-camp","14":"product_cat-sport-daction-tout-terrain","15":"product_cat-sports-de-pagaie-peche","16":"product_tag-406-fr","17":"product_tag-406-mhz-fr","18":"product_tag-acr-fr","19":"product_tag-atterrir","20":"product_tag-balise","21":"product_tag-balise-de-localisation-personnelle-acr","22":"product_tag-balise-de-randonnee","23":"product_tag-chasse","24":"product_tag-ecran-lcd","25":"product_tag-equipement-de-sauvetage","26":"product_tag-escalade","27":"product_tag-fiable","28":"product_tag-flottable","29":"product_tag-flotteurs","30":"product_tag-gps-fr","31":"product_tag-kayak-fr","32":"product_tag-localisateur-gps","33":"product_tag-marin-fr","34":"product_tag-pas-dabonnement","35":"product_tag-peche","36":"product_tag-petite-balise","37":"product_tag-plb-fr","38":"product_tag-plb-425-fr","39":"product_tag-plb-flottant","40":"product_tag-randonnee","41":"product_tag-resq-fr","42":"product_tag-resqlink-fr","43":"product_tag-rls-personnelle","44":"product_tag-vue-resqlink","45":"pa_activity-camping-fr","46":"pa_activity-cross-country-fr","47":"pa_activity-escalade","48":"pa_activity-motoneige","49":"pa_activity-peche","50":"pa_activity-randonnee","51":"pa_activity-ski-snowboard-fr","52":"pa_activity-sports-de-pagaie","53":"pa_activity-tout-terrain-4x4","54":"pa_activity-velo","55":"pa_boat-type-bateau-a-moteur","56":"pa_boat-type-location-de-yacht","57":"pa_boat-type-peche-commerciale","58":"pa_boat-type-sportcraft-fr","59":"pa_boat-type-voilier","60":"pa_boat-type-yacht-fr","61":"pa_product-rescue-beacons-fr","62":"pa_terrain-colline-et-montagne","63":"pa_terrain-foret-et-jungle","64":"pa_terrain-rivieres-zones-humides-lacs","65":"pa_terrain-toundra","67":"first","68":"instock","69":"taxable","70":"shipping-taxable","71":"purchasable","72":"product-type-variable","73":"has-default-attributes"},"acf":[],"_links":{"self":[{"href":"https:\/\/www.acrartex.com\/fr\/wp-json\/wp\/v2\/product\/155806","targetHints":{"allow":["GET"]}}],"collection":[{"href":"https:\/\/www.acrartex.com\/fr\/wp-json\/wp\/v2\/product"}],"about":[{"href":"https:\/\/www.acrartex.com\/fr\/wp-json\/wp\/v2\/types\/product"}],"wp:featuredmedia":[{"embeddable":true,"href":"https:\/\/www.acrartex.com\/fr\/wp-json\/wp\/v2\/media\/12437"}],"wp:attachment":[{"href":"https:\/\/www.acrartex.com\/fr\/wp-json\/wp\/v2\/media?parent=155806"}],"wp:term":[{"taxonomy":"product_brand","embeddable":true,"href":"https:\/\/www.acrartex.com\/fr\/wp-json\/wp\/v2\/product_brand?post=155806"},{"taxonomy":"product_cat","embeddable":true,"href":"https:\/\/www.acrartex.com\/fr\/wp-json\/wp\/v2\/product_cat?post=155806"},{"taxonomy":"product_tag","embeddable":true,"href":"https:\/\/www.acrartex.com\/fr\/wp-json\/wp\/v2\/product_tag?post=155806"}],"curies":[{"name":"wp","href":"https:\/\/api.w.org\/{rel}","templated":true}]}}