{"id":155522,"date":"2021-03-16T08:16:59","date_gmt":"2021-03-16T13:16:59","guid":{"rendered":"https:\/\/www.acrartex.com\/products\/c-strobes\/"},"modified":"2026-04-06T09:49:39","modified_gmt":"2026-04-06T14:49:39","slug":"c-strobes","status":"publish","type":"product","link":"https:\/\/www.acrartex.com\/fr\/products\/c-strobes\/","title":{"rendered":"C-Strobes"},"content":{"rendered":"<p>Le C-Strobe s&#8217;active manuellement gr\u00e2ce \u00e0 un simple bouton rotatif. Le mod\u00e8le C-Strobe H2O propose deux modes d&#8217;activation&nbsp;: une simple pression sur le bouton marche\/arr\u00eat ou, en position arm\u00e9e, une activation automatique en cas d&#8217;immersion dans l&#8217;eau. Le mod\u00e8le C-Strobe H2O, riche en fonctionnalit\u00e9s, propose \u00e9galement trois modes de fonctionnement&nbsp;: stroboscope, fixe et SOS. <\/p>\n<p>&nbsp;<\/p>\n<p>Fin, l\u00e9ger et polyvalent, il se glisse facilement dans une poche ou se suspend discr\u00e8tement \u00e0 un gilet de sauvetage ou \u00e0 un sac \u00e0 dos. Les boucles d&#8217;arrimage flexibles sur le c\u00f4t\u00e9 offrent de multiples options de fixation, notamment sur la sangle de votre sac \u00e0 dos ou sur les sangles de votre gilet de sauvetage. La sangle <sup>Velcro\u00ae<\/sup> se fixe autour des boucles d&#8217;arrimage et offre d&#8217;innombrables possibilit\u00e9s de fixation. La lampe est \u00e9galement livr\u00e9e avec un clip pratique pour se glisser sur le tube de gonflage buccal de votre gilet de sauvetage gonflable et ainsi la ranger \u00e0 l&#8217;int\u00e9rieur.   <\/p>\n<p>&nbsp;<\/p>\n<p><strong>Caract\u00e9ristiques:<\/strong><\/p>\n<ul>\n<li>Pour une assistance de localisation en cas d&#8217;urgence en cas de faible luminosit\u00e9<\/li>\n<li>LED blanche extr\u00eamement lumineuse de 45 lumens<\/li>\n<li>La longue dur\u00e9e de vie en fonctionnement continu de plus de 120 heures<\/li>\n<li>\u00c9tanche \u2013 Test\u00e9 pendant 24 heures \u00e0 1 m (3,3 pi)<\/li>\n<li>Bo\u00eetier r\u00e9sistant aux chocs<\/li>\n<li>Fonctionne avec deux piles \u00ab AA \u00bb de 1,5 V (non incluses)<\/li>\n<li>Approuv\u00e9 par l&#8217;USCG\/SOLAS<\/li>\n<li>Id\u00e9al pour les gilets de sauvetage, le camping, le v\u00e9lo, l&#8217;automobile, etc.<\/li>\n<li>Sangle Velcro\u00ae incluse (avec version card\u00e9e) utilis\u00e9e en conjonction avec des boucles d&#8217;arrimage int\u00e9gr\u00e9es pour une flexibilit\u00e9 de montage<\/li>\n<li>Clip PFD inclus (avec version cartonn\u00e9e) pour une fixation facile au tube de gonflage oral<\/li>\n<li><span style=\"color: black;\">Capteurs d&#8217;activation de l&#8217;eau \u2013 Activation automatique au contact de l&#8217;eau (uniquement avec le C-Light H20 (3964.1)<\/span><\/li>\n<\/ul>\n","protected":false},"excerpt":{"rendered":"<p>Compactes, robustes et \u00e9tanches, les lampes C-Strobe (non activ\u00e9es par l&#8217;eau) et C-Strobe H2O (activ\u00e9es par l&#8217;eau) sont homologu\u00e9es USCG\/SOLAS et disposent d&#8217;une LED de 45 lumens offrant une autonomie de 120 heures en mode stroboscopique. Dot\u00e9es d&#8217;un bo\u00eetier r\u00e9sistant aux chocs, ces lampes stroboscopiques de d\u00e9tresse personnelles sont fiables et polyvalentes, id\u00e9ales pour un \u00e9clairage de d\u00e9tresse efficace. <\/p>\n<p>&nbsp;<\/p>\n<p><a href=\"https:\/\/www.dropbox.com\/s\/8343nj28z0d7bxa\/Prop%2065%20-%20BPA.pdf?dl=0\">AVERTISSEMENT : PROPOSITION 65<\/a><\/p>\n<p>&nbsp;<\/p>\n<p>&nbsp;<\/p>\n","protected":false},"featured_media":155606,"template":"","meta":{"_acf_changed":false,"om_disable_all_campaigns":false},"product_brand":[],"product_cat":[5950,5787,5956,5944,5721,5948,5946,7903,5952,5954,5958],"product_tag":[11968,9887,9893,11954,11960,7929,11945,8041,9888,11977,11933],"class_list":{"0":"post-155522","1":"product","2":"type-product","3":"status-publish","4":"has-post-thumbnail","6":"product_cat-commercial-fr","7":"product_cat-de-plein-air","8":"product_cat-equipement-de-voyage","9":"product_cat-interieur","10":"product_cat-marin-fr","11":"product_cat-offshore-fr","12":"product_cat-pres-du-rivage","13":"product_cat-produits-de-signalisation","14":"product_cat-randonnee-escalade-camp","15":"product_cat-sport-daction-tout-terrain","16":"product_cat-sports-de-pagaie-peche","17":"product_tag-feu-stroboscopique-durgence-fr","18":"product_tag-feu-stroboscopique-marin","19":"product_tag-feux-de-secours","20":"product_tag-feux-de-securite-stroboscopiques","21":"product_tag-feux-stroboscopiques-de-securite","22":"product_tag-lumiere-pfd","23":"product_tag-lumiere-stroboscopique-acr","24":"product_tag-lumieres-stroboscopiques","25":"product_tag-stroboscope-acr","26":"product_tag-stroboscope-acr-c","27":"product_tag-stroboscope-durgence","28":"pa_activity-camping-fr","29":"pa_activity-cross-country-fr","30":"pa_activity-escalade","31":"pa_activity-motoneige","32":"pa_activity-peche","33":"pa_activity-randonnee","34":"pa_activity-ski-snowboard-fr","35":"pa_activity-sports-de-pagaie","36":"pa_activity-tout-terrain-4x4","37":"pa_activity-velo","38":"pa_boat-size-0-20-fr","39":"pa_boat-size-21-40-fr","40":"pa_boat-size-40-80-fr","41":"pa_boat-size-80-fr","42":"pa_boat-type-bateau-a-moteur","43":"pa_boat-type-cargo","44":"pa_boat-type-location-de-yacht","45":"pa_boat-type-peche-commerciale","46":"pa_boat-type-remorqueur","47":"pa_boat-type-sportcraft-fr","48":"pa_boat-type-voilier","49":"pa_boat-type-yacht-fr","50":"pa_product-accessoires-de-securite","51":"pa_product-lumieres-de-sauvetage","52":"pa_product-produits-de-signalisation","53":"pa_terrain-colline-et-montagne","54":"pa_terrain-foret-et-jungle","55":"pa_terrain-rivieres-zones-humides-lacs","56":"pa_terrain-toundra","58":"first","59":"instock","60":"taxable","61":"shipping-taxable","62":"purchasable","63":"product-type-variable"},"acf":[],"_links":{"self":[{"href":"https:\/\/www.acrartex.com\/fr\/wp-json\/wp\/v2\/product\/155522","targetHints":{"allow":["GET"]}}],"collection":[{"href":"https:\/\/www.acrartex.com\/fr\/wp-json\/wp\/v2\/product"}],"about":[{"href":"https:\/\/www.acrartex.com\/fr\/wp-json\/wp\/v2\/types\/product"}],"wp:featuredmedia":[{"embeddable":true,"href":"https:\/\/www.acrartex.com\/fr\/wp-json\/wp\/v2\/media\/155606"}],"wp:attachment":[{"href":"https:\/\/www.acrartex.com\/fr\/wp-json\/wp\/v2\/media?parent=155522"}],"wp:term":[{"taxonomy":"product_brand","embeddable":true,"href":"https:\/\/www.acrartex.com\/fr\/wp-json\/wp\/v2\/product_brand?post=155522"},{"taxonomy":"product_cat","embeddable":true,"href":"https:\/\/www.acrartex.com\/fr\/wp-json\/wp\/v2\/product_cat?post=155522"},{"taxonomy":"product_tag","embeddable":true,"href":"https:\/\/www.acrartex.com\/fr\/wp-json\/wp\/v2\/product_tag?post=155522"}],"curies":[{"name":"wp","href":"https:\/\/api.w.org\/{rel}","templated":true}]}}