{"id":155323,"date":"2021-03-16T08:27:47","date_gmt":"2021-03-16T13:27:47","guid":{"rendered":"https:\/\/www.acrartex.com\/products\/kit-de-securite-resqflare-fusee-electronique-de-secours-et-signalisation-pour-bateau\/"},"modified":"2025-12-19T00:00:41","modified_gmt":"2025-12-19T05:00:41","slug":"kit-de-securite-resqflare-fusee-electronique-de-secours-et-signalisation-pour-bateau","status":"publish","type":"product","link":"https:\/\/www.acrartex.com\/fr\/products\/kit-de-securite-resqflare-fusee-electronique-de-secours-et-signalisation-pour-bateau\/","title":{"rendered":"Kit de s\u00e9curit\u00e9 ResQFlare \u2013 Fus\u00e9e \u00e9lectronique de secours et signalisation pour bateau"},"content":{"rendered":"<h2>Les fus\u00e9es \u00e9clairantes pour bateaux sont devenues beaucoup plus s\u00fbres gr\u00e2ce au nouveau kit de s\u00e9curit\u00e9 ResQFlare<\/h2>\n<p style=\"margin: 0in;\"><span style=\"font-size: 10pt;\"><span style=\"font-size: 11.0pt;\"><span style=\"background: white;\"><span style=\"color: black;\">Cet ensemble comprend les produits de s\u00e9curit\u00e9 importants suivants&nbsp;:<\/span><\/span><\/span><\/span><\/p>\n<ul>\n<li style=\"margin-top: 0in; margin-right: 13.5pt; margin-bottom: .0001pt; margin: 0in;\"><a href=\"https:\/\/www.acrartex.com\/de\/products\/resqflare-elektronische-led-notfall-bootsfackel\/\"><span style=\"font-size: 10pt;\"><span style=\"background: white;\"><span style=\"font-size: 11.0pt;\"><span style=\"background: white;\"><span style=\"color: black;\">Fus\u00e9e \u00e9lectronique de d\u00e9tresse pour bateau ResQFlare \u2122<\/span><\/span><\/span><\/span><\/span><\/a><\/li>\n<li style=\"margin-top: 0in; margin-right: 13.5pt; margin-bottom: .0001pt; margin: 0in;\"><a href=\"https:\/\/www.acrartex.com\/de\/products\/resqflare-elektronische-led-notfall-bootsfackel\/\"><span style=\"font-size: 10pt;\"><span style=\"background: white;\"><span style=\"font-size: 11.0pt;\"><span style=\"background: white;\"><span style=\"color: black;\">Drapeau de d\u00e9tresse ACR<\/span><\/span><\/span><\/span><\/span><\/a><\/li>\n<li style=\"margin-top: 0in; margin-right: 13.5pt; margin-bottom: .0001pt; margin: 0in;\"><a href=\"https:\/\/www.acrartex.com\/de\/products\/c-blitze\/\"><span style=\"font-size: 10pt;\"><span style=\"background: white;\"><span style=\"font-size: 11.0pt;\"><span style=\"background: white;\"><span style=\"color: black;\">Lampe de sauvetage C-Strobe\u2122<\/span><\/span><\/span><\/span><\/span><\/a><\/li>\n<li style=\"margin-top: 0in; margin-right: 13.5pt; margin-bottom: .0001pt; margin: 0in;\"><span style=\"font-size: 10pt;\"><span style=\"background: white;\"><span style=\"font-size: 11.0pt;\"><span style=\"background: white;\"><span style=\"color: black;\">Miroir de signalisation<\/span><\/span><\/span><\/span><\/span><\/li>\n<li style=\"margin-top: 0in; margin-right: 13.5pt; margin-bottom: .0001pt; margin: 0in;\"><span style=\"font-size: 10pt;\"><span style=\"background: white;\"><span style=\"font-size: 11.0pt;\"><span style=\"color: black;\">Sac \u00e9tanche RapidDitch<\/span><\/span><\/span><\/span><\/li>\n<\/ul>\n<p style=\"margin: 0in;\"><span style=\"font-size: 10pt;\"><span style=\"font-size: 11.0pt;\"><span style=\"background: white;\"><span style=\"color: black;\"><a href=\"https:\/\/www.acrartex.com\/de\/products\/resqflare-elektronische-led-notfall-bootsfackel\/\">Apprenez-en davantage sur la fa\u00e7on dont le ResQFlare et le drapeau de d\u00e9tresse<\/a> sont non seulement conformes aux r\u00e9glementations de l&#8217;USCG en mati\u00e8re de fus\u00e9es \u00e9clairantes, mais assurent \u00e9galement la s\u00e9curit\u00e9 de votre famille.<\/span><\/span><\/span><\/span><\/p>\n<ul>\n<li style=\"margin: 0in 0in 0.0001pt;\"><span style=\"font-size: 10pt;\"><span style=\"font-size: 11.0pt;\">Aucune date d&#8217;expiration (piles C rempla\u00e7ables par l&#8217;utilisateur)<\/span><\/span><\/li>\n<li style=\"margin: 0in 0in 0.0001pt;\"><span style=\"font-size: 10pt;\"><span style=\"font-size: 11.0pt;\">Sans danger pour la famille (pas de flamme br\u00fblante), plus s\u00fbr \u00e0 utiliser avec les gilets de sauvetage gonflables (VFI) et les radeaux de sauvetage<\/span><\/span><\/li>\n<li style=\"margin: 0in 0in 0.0001pt;\"><span style=\"font-size: 10pt;\"><span style=\"font-size: 11.0pt;\">Facile \u00e0 utiliser (m\u00eame vos enfants et les plaisanciers d\u00e9butants peuvent l&#8217;utiliser en cas d&#8217;urgence)  <\/span><\/span><\/li>\n<li style=\"margin: 0in 0in 0.0001pt;\"><span style=\"font-size: 10pt;\"><span style=\"font-size: 11.0pt;\">Aucun probl\u00e8me avec les exigences strictes existantes en mati\u00e8re d&#8217;\u00e9limination obligatoire des fus\u00e9es pyrotechniques (l\u00e9galement consid\u00e9r\u00e9es comme des mati\u00e8res dangereuses)<\/span><\/span><\/li>\n<li style=\"margin: 0in 0in 0.0001pt;\"><span style=\"font-size: 10pt;\"><span style=\"font-size: 11.0pt;\">Imperm\u00e9able et flottant  <\/span><\/span><\/li>\n<li style=\"margin: 0in 0in 0.0001pt;\"><span style=\"font-size: 10pt;\"><span style=\"font-size: 11.0pt;\">Achat unique (moins de co\u00fbts sur la dur\u00e9e de vie du produit)<\/span><\/span><\/li>\n<\/ul>\n<h2><span style=\"font-size: 10pt;\"><b><span style=\"font-size: 12.0pt;\">Caract\u00e9ristiques et avantages du kit de fus\u00e9es \u00e9clairantes pour bateau&nbsp;:<\/span><\/b><\/span><\/h2>\n<ul>\n<li style=\"margin: 0in 0in 0.0001pt;\"><span style=\"font-size: 10pt;\"><span style=\"font-size: 11.0pt;\">ResQFlare et le drapeau de d\u00e9tresse inclus, lorsqu&#8217;ils sont transport\u00e9s ensemble, peuvent \u00eatre utilis\u00e9s comme substitut au transport de fus\u00e9es pyrotechniques et de pistolets lance-fus\u00e9es pour bateaux de l&#8217;USCG (\u00c9tats-Unis uniquement)<\/span><\/span><\/li>\n<li style=\"margin-right: 13.5pt; margin: 0in 0in 0.0001pt;\"><span style=\"font-size: 10pt;\"><span style=\"background: white;\"><span style=\"color: black;\"><span style=\"font-size: 11.0pt;\">Lumi\u00e8re vive dans toutes les directions (visibilit\u00e9 \u00e0 360\u00b0) visible \u00e0 plus de 6 miles<\/span><\/span><\/span><\/span><\/li>\n<li style=\"margin-right: 13.5pt; margin: 0in 0in 0.0001pt;\"><span style=\"font-size: 10pt;\"><span style=\"background: white;\"><span style=\"color: black;\"><span style=\"font-size: 11.0pt;\">Le sac \u00e9tanche avec sangle permet de ranger tout l&#8217;\u00e9quipement de s\u00e9curit\u00e9 dans un endroit pratique<\/span><\/span><\/span><\/span><\/li>\n<li style=\"margin-right: 13.5pt; margin: 0in 0in 0.0001pt;\"><span style=\"color: #000000;\"><span style=\"font-size: 14.6667px;\">Le miroir de signalisation et le drapeau de d\u00e9tresse fournissent une alerte de d\u00e9tresse pendant la journ\u00e9e.<\/span><\/span><\/li>\n<li style=\"margin: 0in 0in 0.0001pt;\"><span style=\"font-size: 10pt;\"><span style=\"font-size: 11.0pt;\"><span style=\"color: black;\">Le gilet de sauvetage lumineux aide \u00e0 la localisation visuelle des situations d&#8217;urgence<\/span><\/span><\/span><\/li>\n<\/ul>\n<h3 style=\"margin: 0in 0in 0.0001pt;\"><strong>ResQFlare dans l&#8217;actualit\u00e9 :<\/strong><\/h3>\n<p><a href=\"https:\/\/www.sailingworld.com\/story\/gear\/safe-distress-flare-alternative\/\">Sailing World \u2013 Une alternative s\u00fbre aux fus\u00e9es de d\u00e9tresse<\/a><\/p>\n<p><a href=\"https:\/\/www.greatlakesscuttlebutt.com\/news\/featured-news\/this-year-s-boating-finds\/\">Les rumeurs des Grands Lacs&nbsp;: les trouvailles nautiques de cette ann\u00e9e<\/a><\/p>\n<p><a href=\"https:\/\/lakelandboating.com\/acr-electronics-introduces-new-alternative-to-pyrotechnic-flares\/\">Lakeland Boating \u2013 ACR Electronics pr\u00e9sente une nouvelle alternative aux fus\u00e9es pyrotechniques<\/a><\/p>\n","protected":false},"excerpt":{"rendered":"<p style=\"margin: 0in;\">Le kit de s\u00e9curit\u00e9 ResQFlare pour fus\u00e9es de d\u00e9tresse \u00e9lectroniques fournit l&#8217;\u00e9quipement n\u00e9cessaire \u00e0 votre s\u00e9curit\u00e9 et vous permet de signaler un danger en cas d&#8217;urgence sur l&#8217;eau. Le ResQFlare est fourni avec un drapeau de d\u00e9tresse diurne. Port\u00e9s ensemble, ces deux articles r\u00e9pondent aux exigences des garde-c\u00f4tes am\u00e9ricains, qui les autorisent \u00e0 remplacer les fus\u00e9es pyrotechniques traditionnelles (\u00c9tats-Unis uniquement). Offrant aux plaisanciers la commodit\u00e9 de ne plus avoir \u00e0 acheter ni \u00e0 jeter de fus\u00e9es pyrotechniques, le kit de s\u00e9curit\u00e9 ResQFlare devient un accessoire de s\u00e9curit\u00e9 pr\u00e9cieux.  <\/p>\n<h4><span style=\"color: #ff0000;\"><strong>Fi\u00e8rement fabriqu\u00e9 aux \u00c9tats-Unis !<\/strong><\/span><\/h4>\n<p style=\"margin: 0in;\"><a href=\"https:\/\/www.dropbox.com\/s\/0ezw0kexbm120vv\/Prop%2065%20-%20Lead%20and%20Lead%20Compounds.pdf?dl=0\">AVERTISSEMENT : PROPOSITION 65<\/a><\/p>\n<p><a href=\"https:\/\/www.acrartex.com\/wp-content\/uploads\/2021\/03\/10_Off_Tag_.webp\"><img loading=\"lazy\" decoding=\"async\" class=\"alignnone wp-image-126151\" src=\"https:\/\/www.acrartex.com\/wp-content\/uploads\/2021\/03\/10_Off_Tag_.webp\" alt=\"\" width=\"145\" height=\"60\" srcset=\"https:\/\/www.acrartex.com\/wp-content\/uploads\/2021\/03\/10_Off_Tag_.webp 300w, https:\/\/www.acrartex.com\/wp-content\/uploads\/2021\/03\/10_Off_Tag_-60x25.webp 60w, https:\/\/www.acrartex.com\/wp-content\/uploads\/2021\/03\/10_Off_Tag_-110x45.webp 110w\" sizes=\"auto, (max-width: 145px) 100vw, 145px\" \/><\/a><\/p>\n<p style=\"margin: 0in;\">\n","protected":false},"featured_media":155441,"template":"","meta":{"_acf_changed":false,"om_disable_all_campaigns":false},"product_brand":[],"product_cat":[5950,5787,5956,5944,5721,5948,5946,5958],"product_tag":[11661,11706,11813,11680,11692,11758,11649,11770,11719,11640,11792,11749,11782,11739,11671,11730,11803,11631],"class_list":{"0":"post-155323","1":"product","2":"type-product","3":"status-publish","4":"has-post-thumbnail","6":"product_cat-commercial-fr","7":"product_cat-de-plein-air","8":"product_cat-equipement-de-voyage","9":"product_cat-interieur","10":"product_cat-marin-fr","11":"product_cat-offshore-fr","12":"product_cat-pres-du-rivage","13":"product_cat-sports-de-pagaie-peche","14":"product_tag-eclater","15":"product_tag-eflare-fr","16":"product_tag-fusee-de-detresse-fr","17":"product_tag-fusee-de-detresse","18":"product_tag-fusee-de-detresse-a-led","19":"product_tag-fusee-eclairante-a-led","20":"product_tag-fusee-eclairante-electronique","21":"product_tag-fusee-eclairante-portative","22":"product_tag-fusee-eclairante-pour-bateau","23":"product_tag-fusee-electronique","24":"product_tag-fusee-fumigene","25":"product_tag-fusee-marine","26":"product_tag-fusee-rouge","27":"product_tag-fusees-de-signalisation","28":"product_tag-fusees-eclairantes","29":"product_tag-fusees-eclairantes-pour-bateaux","30":"product_tag-pistolet-lance-fusees","31":"product_tag-resqflare-fr","33":"first","34":"instock","35":"taxable","36":"shipping-taxable","37":"purchasable","38":"product-type-simple"},"acf":[],"_links":{"self":[{"href":"https:\/\/www.acrartex.com\/fr\/wp-json\/wp\/v2\/product\/155323","targetHints":{"allow":["GET"]}}],"collection":[{"href":"https:\/\/www.acrartex.com\/fr\/wp-json\/wp\/v2\/product"}],"about":[{"href":"https:\/\/www.acrartex.com\/fr\/wp-json\/wp\/v2\/types\/product"}],"wp:featuredmedia":[{"embeddable":true,"href":"https:\/\/www.acrartex.com\/fr\/wp-json\/wp\/v2\/media\/155441"}],"wp:attachment":[{"href":"https:\/\/www.acrartex.com\/fr\/wp-json\/wp\/v2\/media?parent=155323"}],"wp:term":[{"taxonomy":"product_brand","embeddable":true,"href":"https:\/\/www.acrartex.com\/fr\/wp-json\/wp\/v2\/product_brand?post=155323"},{"taxonomy":"product_cat","embeddable":true,"href":"https:\/\/www.acrartex.com\/fr\/wp-json\/wp\/v2\/product_cat?post=155323"},{"taxonomy":"product_tag","embeddable":true,"href":"https:\/\/www.acrartex.com\/fr\/wp-json\/wp\/v2\/product_tag?post=155323"}],"curies":[{"name":"wp","href":"https:\/\/api.w.org\/{rel}","templated":true}]}}