{"id":155298,"date":"2021-04-09T11:16:19","date_gmt":"2021-04-09T16:16:19","guid":{"rendered":"https:\/\/www.acrartex.com\/products\/sarlink-view-plb\/"},"modified":"2021-04-09T11:16:19","modified_gmt":"2021-04-09T16:16:19","slug":"sarlink-view-plb","status":"publish","type":"product","link":"https:\/\/www.acrartex.com\/fr\/products\/sarlink-view-plb\/","title":{"rendered":"SARLink\u2122 View PLB"},"content":{"rendered":"<p><span style=\"color: #3366ff;\"><strong>Ce produit a \u00e9t\u00e9 abandonn\u00e9.<\/strong><\/span><\/p>\n<p>Partez en toute confiance. Gr\u00e2ce \u00e0 trois niveaux de technologie de signal int\u00e9gr\u00e9s (positionnement GPS , puissant signal de 406 MHz et fonction de radioguidage de 121,5 MHz), le SARLink\u2122 View transmet rapidement et pr\u00e9cis\u00e9ment votre position \u00e0 un r\u00e9seau mondial de satellites de recherche et de sauvetage, r\u00e9duisant ainsi le temps de recherche et augmentant vos chances de survie. Cette technologie de signalisation fiable a sauv\u00e9 plus de 50&nbsp;000 vies.<br \/>\n vit depuis 1982.  <\/p>\n<p>Le SARLink\u2122 View diffuse un signal de d\u00e9tresse unique et enregistr\u00e9 qui indique aux sauveteurs non seulement o\u00f9 vous \u00eates, mais aussi qui vous \u00eates. Le GPS embarqu\u00e9 peut d\u00e9terminer votre position \u00e0 100 m\u00e8tres pr\u00e8s et utilise ensuite un puissant signal de 406 MHz pour relayer votre appel de d\u00e9tresse aux satellites SAR en orbite. Lors du d\u00e9ploiement des \u00e9quipes de recherche et sauvetage locales, un signal de guidage distinct et un flash LED int\u00e9gr\u00e9 guident les sauveteurs vers votre position.<br \/>\n SARLink\u2122 View est dot\u00e9 d&#8217;un affichage num\u00e9rique qui vous permet de voir toutes les activit\u00e9s op\u00e9rationnelles de la balise.  <\/p>\n<p>L&#8217;\u00e9cran affiche les coordonn\u00e9es GPS LAT\/LON, le mode d&#8217;emploi, des conseils d&#8217;utilisation, les impulsions de transmission et le niveau de batterie. L&#8217;affichage num\u00e9rique simplifie et clarifie l&#8217;auto-test de votre balise gr\u00e2ce \u00e0 des instructions visuelles \u00e9tape par \u00e9tape. Plus besoin de se fier aux bips et aux regards indiscrets.<br \/>\n pour LED.  <\/p>\n<p>Le SARLink\u2122 View est l\u00e9ger et suffisamment compact pour \u00eatre facilement transport\u00e9 dans un sac ou une poche par les skieurs, randonneurs, chasseurs, kayakistes, alpinistes, pilotes, motoneigistes et tout autre amateur de plein air. Exclusivit\u00e9 ACR&nbsp;: le mode de test d&#8217;acquisition GPS int\u00e9gr\u00e9 vous permet de tester les fonctionnalit\u00e9s GPS jusqu&#8217;\u00e0 60&nbsp;fois au cours de sa dur\u00e9e de vie.<br \/>\n de la batterie. Exploitez la m\u00eame technologie de sauvetage test\u00e9e sur le terrain que celle utilis\u00e9e par l&#8217;arm\u00e9e am\u00e9ricaine, les garde-c\u00f4tes am\u00e9ricains, les forces sp\u00e9ciales de l&#8217;OTAN et les explorateurs de l&#8217;Arctique.  <\/p>\n","protected":false},"excerpt":{"rendered":"<p>Naviguez en toute confiance gr\u00e2ce \u00e0 la Personal Locator Beacon ( PLB ) SARLink\u2122 View . Cette balise de d\u00e9tresse est suffisamment puissante pour diffuser un signal de d\u00e9tresse unique qui indique aux sauveteurs non seulement o\u00f9 vous \u00eates, mais aussi qui vous \u00eates. Cette PLB utilise un puissant signal de 406 MHz pour relayer votre appel de d\u00e9tresse aux satellites SAR en orbite, tandis que le GPS embarqu\u00e9 fixe votre position \u00e0 100 m\u00e8tres pr\u00e8s. Lors du d\u00e9ploiement des secours locaux, un signal de guidage distinct et un feu stroboscopique LED int\u00e9gr\u00e9 guident les premiers secours vers votre position.   <\/p>\n<p><span style=\"color: #3366ff;\"><strong>Ce produit a \u00e9t\u00e9 abandonn\u00e9.<\/strong><\/span><\/p>\n","protected":false},"featured_media":155359,"template":"","meta":{"_acf_changed":false,"om_disable_all_campaigns":false},"product_brand":[],"product_cat":[5787],"product_tag":[11642,11615,9302,9425,6846,6119,5814,5812,11651,11580,9415,9426,11633,11603,11624],"class_list":{"0":"post-155298","1":"product","2":"type-product","3":"status-publish","4":"has-post-thumbnail","6":"product_cat-de-plein-air","7":"product_tag-balise-de-localisation-gps-personnelle-sarlink-view","8":"product_tag-balise-de-localisation-personnelle-sarlink-view","9":"product_tag-balises-de-detresse","10":"product_tag-cospas-fr","11":"product_tag-cospas-sarsat-fr","12":"product_tag-plb-350-fr","13":"product_tag-plb-350c-fr-2","14":"product_tag-plb-350c-fr","15":"product_tag-sar-fr","16":"product_tag-sarlink-fr","17":"product_tag-sarsat-fr","18":"product_tag-sarsat-cospas-fr","19":"product_tag-vue-gps-plb-sarlink","20":"product_tag-vue-sarlink","21":"product_tag-vue-sarlink-406","22":"pa_product-heritage","24":"first","25":"outofstock","26":"taxable","27":"shipping-taxable","28":"product-type-simple"},"acf":[],"_links":{"self":[{"href":"https:\/\/www.acrartex.com\/fr\/wp-json\/wp\/v2\/product\/155298","targetHints":{"allow":["GET"]}}],"collection":[{"href":"https:\/\/www.acrartex.com\/fr\/wp-json\/wp\/v2\/product"}],"about":[{"href":"https:\/\/www.acrartex.com\/fr\/wp-json\/wp\/v2\/types\/product"}],"wp:featuredmedia":[{"embeddable":true,"href":"https:\/\/www.acrartex.com\/fr\/wp-json\/wp\/v2\/media\/155359"}],"wp:attachment":[{"href":"https:\/\/www.acrartex.com\/fr\/wp-json\/wp\/v2\/media?parent=155298"}],"wp:term":[{"taxonomy":"product_brand","embeddable":true,"href":"https:\/\/www.acrartex.com\/fr\/wp-json\/wp\/v2\/product_brand?post=155298"},{"taxonomy":"product_cat","embeddable":true,"href":"https:\/\/www.acrartex.com\/fr\/wp-json\/wp\/v2\/product_cat?post=155298"},{"taxonomy":"product_tag","embeddable":true,"href":"https:\/\/www.acrartex.com\/fr\/wp-json\/wp\/v2\/product_tag?post=155298"}],"curies":[{"name":"wp","href":"https:\/\/api.w.org\/{rel}","templated":true}]}}