{"id":155278,"date":"2021-04-09T11:16:10","date_gmt":"2021-04-09T16:16:10","guid":{"rendered":"https:\/\/www.acrartex.com\/products\/sarlink\/"},"modified":"2021-04-09T11:16:10","modified_gmt":"2021-04-09T16:16:10","slug":"sarlink","status":"publish","type":"product","link":"https:\/\/www.acrartex.com\/fr\/products\/sarlink\/","title":{"rendered":"SARLink\u2122"},"content":{"rendered":"<p><strong>\u00c0 propos de SARLink<\/strong><\/p>\n<p>SARLink a \u00e9t\u00e9 d\u00e9velopp\u00e9 pour r\u00e9pondre aux exigences op\u00e9rationnelles en environnements difficiles. \u00c9tanche jusqu&#8217;\u00e0 un m\u00e8tre de profondeur, il est certifi\u00e9 IP-67. Des tests environnementaux suppl\u00e9mentaires incluent les chutes, les vibrations, les chocs, la corrosion et les chocs thermiques. SARLink est robuste et r\u00e9pond aux exigences des missions actuelles des travailleurs isol\u00e9s, des forces de l&#8217;ordre, des pompiers, des \u00e9quipes de recherche et sauvetage, des services m\u00e9dicaux d&#8217;urgence et autres personnels des services d&#8217;urgence.   <\/p>\n<p>SARLink est \u00e9quip\u00e9 d&#8217;un \u00e9cran tactile LCD couleur haute r\u00e9solution o\u00f9 les options du menu utilisateur sont affich\u00e9es sous forme d&#8217;ic\u00f4nes facilement reconnaissables. Cet \u00e9cran tactile permet un acc\u00e8s rapide aux menus et une saisie ais\u00e9e via un clavier QWERTY int\u00e9gr\u00e9. SARLink int\u00e8gre deux batteries d\u00e9di\u00e9es&nbsp;: une batterie lithium-ion rechargeable pour le suivi Iridium, l&#8217;envoi de SMS et les messages de d\u00e9tresse, et une batterie lithium d\u00e9di\u00e9e pour la balise de localisation 406&nbsp;MHz, conform\u00e9ment aux exigences syst\u00e8me strictes Cospas-Sarsat . En cas d&#8217;\u00e9puisement de la batterie Iridium, la batterie 406&nbsp;MHz d\u00e9di\u00e9e assure une transmission de d\u00e9tresse ind\u00e9pendante pendant 24&nbsp;heures.   <\/p>\n<p><strong>Messages de d\u00e9tresse<\/strong><\/p>\n<p>SARLink envoie des notifications d&#8217;urgence simultan\u00e9es et redondantes via les r\u00e9seaux satellites Cospas-Sarsat et Iridium lorsque le bouton SOS est activ\u00e9. La technologie de partage GPS embarqu\u00e9e permet aux deux alertes d&#8217;inclure des donn\u00e9es de g\u00e9olocalisation pr\u00e9cises. La capacit\u00e9 de communication bidirectionnelle, combin\u00e9e \u00e0 l&#8217;alerte de d\u00e9tresse, permet de v\u00e9rifier l&#8217;urgence et de participer aux secours en fournissant des informations d\u00e9taill\u00e9es sur la nature de la situation.  <\/p>\n<p><strong>Suivi<\/strong><\/p>\n<p>SARLink permet de transmettre des informations de position (PLI) pr\u00e9cises \u00e0 des intervalles s\u00e9lectionnables, allant d&#8217;une fois par minute \u00e0 une fois par jour. L&#8217;enregistrement manuel est \u00e9galement pris en charge, et des fonctionnalit\u00e9s suppl\u00e9mentaires incluent la cr\u00e9ation, l&#8217;enregistrement et l&#8217;envoi de points de cheminement d\u00e9finis par l&#8217;utilisateur. SARLink utilise un protocole de format de donn\u00e9es ouvert et prend en charge les formats 10 et 30 octets, tout en offrant la possibilit\u00e9 d&#8217;une configuration \u00e0 distance par liaison radio.  <\/p>\n<p><strong>Messagerie bidirectionnelle<\/strong><\/p>\n<p>SARLink offre une messagerie satellite bidirectionnelle via le r\u00e9seau Iridium, offrant une couverture mondiale \u00e0 100 %, sans interruption, zone marginale ou zone de faible signal. SARLink peut communiquer avec d&#8217;autres appareils mobiles, notamment les t\u00e9l\u00e9phones portables, les t\u00e9l\u00e9phones satellites et autres unit\u00e9s SARLink, gr\u00e2ce \u00e0 la messagerie bidirectionnelle prise en charge par la plateforme back-end du client. Ces options de messagerie incluent le texte libre via le clavier QWERTY int\u00e9gr\u00e9, les messages pr\u00e9enregistr\u00e9s et une combinaison de texte libre et de messages pr\u00e9enregistr\u00e9s. Les codes de concision sont \u00e9galement pris en charge. Les listes de contacts peuvent \u00eatre pr\u00e9d\u00e9finies et les messages pr\u00e9enregistr\u00e9s peuvent \u00eatre cr\u00e9\u00e9s par l&#8217;administrateur syst\u00e8me et charg\u00e9s sur tous les appareils. SARLink prend \u00e9galement en charge la messagerie \u00e9lectronique.     <\/p>\n<p><strong>Utilisation de SARLink<\/strong><\/p>\n<p>Pour utiliser toutes les fonctionnalit\u00e9s de SARLink, la balise de localisation 406 MHz doit \u00eatre enregistr\u00e9e aupr\u00e8s de la NOAA ( <a href=\"https:\/\/beaconregistration.noaa.gov\/RGDB\/registerUsername\">cliquez ici pour vous inscrire aupr\u00e8s de la NOAA<\/a> ). De plus, les utilisateurs devront souscrire un abonnement Iridium Airtime et faire appel \u00e0 un fournisseur de services back-end (BES) pour b\u00e9n\u00e9ficier de ce service. Sans abonnement Iridium Airtime ou BES, les utilisateurs ne pourront pas utiliser les fonctions de suivi, de communication bidirectionnelle et d&#8217;alerte de d\u00e9tresse Iridium. Pour toute question concernant Iridium Airtime ou les fournisseurs de services back-end, veuillez contacter ACR Electronics au 954-981-3333.   <\/p>\n","protected":false},"excerpt":{"rendered":"<p>Assurez votre s\u00e9curit\u00e9 gr\u00e2ce au dispositif de communication de sauvetage bimode SARLink\u2122. Cet appareil portatif est \u00e9quip\u00e9 d&#8217;un \u00e9cran tactile LED pour envoyer et recevoir facilement des messages, et d&#8217;un syst\u00e8me de localisation mondial pour rester connect\u00e9, m\u00eame lorsque vos aventures vous emm\u00e8nent hors des sentiers battus. En cas d&#8217;urgence, le bouton SOS SARLink vous permet d&#8217;envoyer rapidement des messages de d\u00e9tresse aux r\u00e9seaux satellites.  <\/p>\n<p>&nbsp;<\/p>\n<p><strong>Ce produit n&#8217;est pas disponible \u00e0 la vente commerciale.<\/strong><\/p>\n<p>&nbsp;<\/p>\n","protected":false},"featured_media":155327,"template":"","meta":{"_acf_changed":false,"om_disable_all_campaigns":false},"product_brand":[],"product_cat":[5967,5969,5943,5965,5963],"product_tag":[5794,11568,11556,11623,11591,11544,6846,11613,5723,11580,11602,9415],"class_list":{"0":"post-155278","1":"product","2":"type-product","3":"status-publish","4":"has-post-thumbnail","6":"product_cat-forces-navales","7":"product_cat-forces-terrestres-speciales","8":"product_cat-militaire","9":"product_cat-patrouille-aerienne","10":"product_cat-police-municipalite","11":"product_tag-balise-de-localisation-personnelle","12":"product_tag-balise-de-localisation-personnelle-fr","13":"product_tag-balise-de-localisation-personnelle-acr","14":"product_tag-balise-de-localisation-personnelle-gps-sarlink","15":"product_tag-balise-de-localisation-personnelle-sarlink","16":"product_tag-balises-de-localisation-personnelles","17":"product_tag-cospas-sarsat-fr","18":"product_tag-plb-gps-sarlink","19":"product_tag-rls-fr","20":"product_tag-sarlink-fr","21":"product_tag-sarlink-406-fr","22":"product_tag-sarsat-fr","23":"pa_product-heritage","25":"first","26":"outofstock","27":"taxable","28":"shipping-taxable","29":"product-type-simple"},"acf":[],"_links":{"self":[{"href":"https:\/\/www.acrartex.com\/fr\/wp-json\/wp\/v2\/product\/155278","targetHints":{"allow":["GET"]}}],"collection":[{"href":"https:\/\/www.acrartex.com\/fr\/wp-json\/wp\/v2\/product"}],"about":[{"href":"https:\/\/www.acrartex.com\/fr\/wp-json\/wp\/v2\/types\/product"}],"wp:featuredmedia":[{"embeddable":true,"href":"https:\/\/www.acrartex.com\/fr\/wp-json\/wp\/v2\/media\/155327"}],"wp:attachment":[{"href":"https:\/\/www.acrartex.com\/fr\/wp-json\/wp\/v2\/media?parent=155278"}],"wp:term":[{"taxonomy":"product_brand","embeddable":true,"href":"https:\/\/www.acrartex.com\/fr\/wp-json\/wp\/v2\/product_brand?post=155278"},{"taxonomy":"product_cat","embeddable":true,"href":"https:\/\/www.acrartex.com\/fr\/wp-json\/wp\/v2\/product_cat?post=155278"},{"taxonomy":"product_tag","embeddable":true,"href":"https:\/\/www.acrartex.com\/fr\/wp-json\/wp\/v2\/product_tag?post=155278"}],"curies":[{"name":"wp","href":"https:\/\/api.w.org\/{rel}","templated":true}]}}