{"id":155265,"date":"2021-04-09T11:16:18","date_gmt":"2021-04-09T16:16:18","guid":{"rendered":"https:\/\/www.acrartex.com\/products\/dgl-1\/"},"modified":"2021-04-09T11:16:18","modified_gmt":"2021-04-09T16:16:18","slug":"dgl-1","status":"publish","type":"product","link":"https:\/\/www.acrartex.com\/fr\/products\/dgl-1\/","title":{"rendered":"DGL-1"},"content":{"rendered":"<p>Les exploitants de flottes pourront transf\u00e9rer leurs ELT d&#8217;un avion \u00e0 l&#8217;autre de mani\u00e8re tr\u00e8s efficace et pratique. Le DGL-1 est fix\u00e9 sur un capot sup\u00e9rieur. Le capot sup\u00e9rieur et le dongle restent \u00e0 bord de l&#8217;avion. Lorsqu&#8217;un ELT est install\u00e9, le DGL-1 ELT reprogramme avec l&#8217;adresse 24 bits de l&#8217;avion. Le DGL-1 est id\u00e9al pour les exploitants souhaitant une fonction d&#8217;autoprogrammation, mais sans la fonction de donn\u00e9es de position de l&#8217;interface ELT \/NAV Artex.    <\/p>\n<p>\u2022 Con\u00e7u sp\u00e9cifiquement pour les op\u00e9rateurs de flotte<\/p>\n<p>\u2022 Les installations C406-1\/2, G406-4 et B406-4 existantes sont facilement mises \u00e0 niveau<\/p>\n<p>\u2022 Simplifie consid\u00e9rablement la maintenance et r\u00e9duit les temps d&#8217;arr\u00eat<\/p>\n<p>\u2022 L&#8217;installation fait partie du faisceau de c\u00e2bles CA permanent<\/p>\n<p>\u2022 Option de c\u00e2blage pour l&#8217;identification des avions de la flotte<\/p>\n<p>\u2022 Assure une programmation ELT correcte pour les pi\u00e8ces de rechange<\/p>\n","protected":false},"excerpt":{"rendered":"<p>Gr\u00e2ce au dongle de programmation Artex DGL-1, les exploitants de flottes pourront transf\u00e9rer efficacement leurs ELT d&#8217;un avion \u00e0 l&#8217;autre. Le DGL-1 est id\u00e9al pour les exploitants souhaitant une fonction d&#8217;autoprogrammation, mais ne souhaitant pas b\u00e9n\u00e9ficier des donn\u00e9es de position de l&#8217;interface ELT \/NAV Artex. Le DGL-1 est fix\u00e9 sur un capot sup\u00e9rieur qui, avec le dongle, reste int\u00e9gr\u00e9 \u00e0 l&#8217;avion. Une fois l&#8217; ELT install\u00e9, le DGL-1 ELT reprogramme avec l&#8217;adresse 24 bits de l&#8217;avion. En r\u00e9sum\u00e9&nbsp;: ce dispositif simplifie consid\u00e9rablement la maintenance et r\u00e9duit les temps d&#8217;immobilisation.    <\/p>\n","protected":false},"featured_media":155284,"template":"","meta":{"_acf_changed":false,"om_disable_all_campaigns":false},"product_brand":[],"product_cat":[5628,5959,8483,5961],"product_tag":[11533,11524,11546,11514,11557,11570],"class_list":{"0":"post-155265","1":"product","2":"type-product","3":"status-publish","4":"has-post-thumbnail","6":"product_cat-aviation-fr","7":"product_cat-aviation-generale","8":"product_cat-avions-commerciaux","9":"product_cat-jet-daffaires","10":"product_tag-cle-de-programmation","11":"product_tag-cle-de-programmation-elt","12":"product_tag-cle-de-programme-elt","13":"product_tag-cle-electronique-elt","14":"product_tag-dlg-fr","15":"product_tag-dlg-1-fr","17":"first","18":"instock","19":"taxable","20":"shipping-taxable","21":"product-type-simple"},"acf":[],"_links":{"self":[{"href":"https:\/\/www.acrartex.com\/fr\/wp-json\/wp\/v2\/product\/155265","targetHints":{"allow":["GET"]}}],"collection":[{"href":"https:\/\/www.acrartex.com\/fr\/wp-json\/wp\/v2\/product"}],"about":[{"href":"https:\/\/www.acrartex.com\/fr\/wp-json\/wp\/v2\/types\/product"}],"wp:featuredmedia":[{"embeddable":true,"href":"https:\/\/www.acrartex.com\/fr\/wp-json\/wp\/v2\/media\/155284"}],"wp:attachment":[{"href":"https:\/\/www.acrartex.com\/fr\/wp-json\/wp\/v2\/media?parent=155265"}],"wp:term":[{"taxonomy":"product_brand","embeddable":true,"href":"https:\/\/www.acrartex.com\/fr\/wp-json\/wp\/v2\/product_brand?post=155265"},{"taxonomy":"product_cat","embeddable":true,"href":"https:\/\/www.acrartex.com\/fr\/wp-json\/wp\/v2\/product_cat?post=155265"},{"taxonomy":"product_tag","embeddable":true,"href":"https:\/\/www.acrartex.com\/fr\/wp-json\/wp\/v2\/product_tag?post=155265"}],"curies":[{"name":"wp","href":"https:\/\/api.w.org\/{rel}","templated":true}]}}