{"id":155250,"date":"2021-03-16T08:27:35","date_gmt":"2021-03-16T13:27:35","guid":{"rendered":"https:\/\/www.acrartex.com\/products\/projecteur-a-led-rcl-50\/"},"modified":"2026-02-03T13:58:08","modified_gmt":"2026-02-03T18:58:08","slug":"projecteur-a-led-rcl-50","status":"publish","type":"product","link":"https:\/\/www.acrartex.com\/fr\/products\/projecteur-a-led-rcl-50\/","title":{"rendered":"Projecteur \u00e0 LED RCL -50"},"content":{"rendered":"<p>Le RCL -50 LED conserve la m\u00eame conception robuste que le RCL -50D original et comprend un puissant r\u00e9seau de 6 LED produisant plus de 100&nbsp;000 candelas. Con\u00e7u pour les bateaux de petite et moyenne taille, son bo\u00eetier en aluminium et sa lentille en verre scell\u00e9 garantissent un fonctionnement sans faille pendant des ann\u00e9es. Il est \u00e9galement \u00e9quip\u00e9 d&#8217;une t\u00e9l\u00e9commande filaire permettant une rotation continue \u00e0 360 degr\u00e9s, \u00e0 vitesse rapide ou lente, sans arr\u00eat brutal. Avec un angle de faisceau de 10 degr\u00e9s, ce projecteur offre \u00e9galement des angles d&#8217;\u00e9l\u00e9vation de 20 degr\u00e9s vers le haut et vers le bas, facilitant ainsi l&#8217;\u00e9clairage des ponts-levis, des bou\u00e9es et des quais.   <\/p>\n<p>Le bo\u00eetier en aluminium est recouvert d&#8217;un stabilisateur UV pour r\u00e9sister \u00e0 des ann\u00e9es d&#8217;utilisation dans un environnement marin hostile. Les m\u00e9canismes du projecteur sont enti\u00e8rement ferm\u00e9s, prot\u00e9geant ainsi le r\u00e9glage pr\u00e9cis de l&#8217;inclinaison du faisceau. Les ampoules LED RCL -50 sont con\u00e7ues pour plus de 40&nbsp;000 heures de fonctionnement. Elles sont \u00e9quip\u00e9es du syst\u00e8me exclusif XRCiZ\u2122, un syst\u00e8me pr\u00e9programm\u00e9 qui effectue une rotation ind\u00e9pendante tous les 30 jours apr\u00e8s activation pour prot\u00e9ger de la corrosion et maintenir tous les contacts \u00e9lectriques fonctionnels. La LED RCL -50 est r\u00e9sistante aux intemp\u00e9ries et fonctionne sur une alimentation de 12 ou 24 V CC.   <\/p>\n<p>&nbsp;<\/p>\n<h3>Principales caract\u00e9ristiques du nouveau RCL -50 LED :<\/h3>\n<ul>\n<li>Le r\u00e9seau ultra-lumineux de 6 LED g\u00e9n\u00e8re plus de 100 000 candelas de cr\u00eate<\/li>\n<li>LED efficaces et longue dur\u00e9e de vie \u2013 40 000 heures de fonctionnement<\/li>\n<li>R\u00e9duction de la consommation d&#8217;\u00e9nergie jusqu&#8217;\u00e0 50 % sur les navires 12 V<\/li>\n<li>Le contr\u00f4leur dispose d&#8217;une \u00e9lectronique de pointe pour prot\u00e9ger la lumi\u00e8re de la plupart des surtensions<\/li>\n<li>M\u00e9canisme d&#8217;\u00e9l\u00e9vation interne pour un contr\u00f4le pr\u00e9cis de l&#8217;inclinaison du faisceau ; prot\u00e8ge le m\u00e9canisme d&#8217;\u00e9l\u00e9vation des intemp\u00e9ries<\/li>\n<li>Bo\u00eetier robuste en aluminium de qualit\u00e9 marine, triplement appr\u00eat\u00e9 et scell\u00e9 (disponible en blanc ou en noir)<\/li>\n<li>Comprend une t\u00e9l\u00e9commande Point Pad du bout des doigts ; jusqu&#8217;\u00e0 trois unit\u00e9s Point Pad distantes peuvent \u00eatre install\u00e9es sur le syst\u00e8me ; options de montage en surface\/encastr\u00e9 incluses<\/li>\n<li>La fonction exclusive XRCiZ\u2122 fait pivoter et d\u00e9place l&#8217;assemblage d&#8217;\u00e9clairage tous les 30 jours \u00e0 compter de l&#8217;activation pour maintenir toutes les surfaces d&#8217;appui exemptes de corrosion et tous les contacts \u00e9lectriques fonctionnels<\/li>\n<li>Comprend un faisceau de c\u00e2bles de 15 pieds (4,57 m)<\/li>\n<li>Moteur \u00e0 deux vitesses<\/li>\n<\/ul>\n<p>&nbsp;<\/p>\n<h3>Configurations disponibles :<\/h3>\n<p>La LED RCL-50 est disponible dans un certain nombre de configurations pratiques diff\u00e9rentes, comme indiqu\u00e9 ci-dessous.<\/p>\n<p>&nbsp;<\/p>\n<p><em><strong>Num\u00e9ros de pi\u00e8ces des kits de projecteurs utilisant le pav\u00e9 tactile URP-102 et le contr\u00f4leur principal URC-103&nbsp;:<\/strong><\/em><\/p>\n<table>\n<tbody>\n<tr>\n<td width=\"103\"><strong>NUM\u00c9RO DE PI\u00c8CE<\/strong><\/td>\n<td width=\"619\"><strong>DESCRIPTION<\/strong><\/td>\n<\/tr>\n<tr>\n<td width=\"103\">1960<\/td>\n<td width=\"619\">LED RCL-50, blanc, avec contr\u00f4leur principal URC-103 et pav\u00e9 tactile URP-102<\/td>\n<\/tr>\n<tr>\n<td width=\"103\">1961<\/td>\n<td width=\"619\">LED RCL-50, noir, avec contr\u00f4leur principal URC-103 et pav\u00e9 tactile URP-102<\/td>\n<\/tr>\n<\/tbody>\n<\/table>\n<p><strong> <\/strong><\/p>\n<p><strong> <\/strong><em><strong>Num\u00e9ros de pi\u00e8ces des kits de projecteurs utilisant le pav\u00e9 tactile URP-103 et le contr\u00f4leur principal URC-104&nbsp;:<\/strong><\/em><\/p>\n<table>\n<tbody>\n<tr>\n<td width=\"103\"><strong>NUM\u00c9RO DE PI\u00c8CE<\/strong><\/td>\n<td width=\"619\"><strong>DESCRIPTION<\/strong><\/td>\n<\/tr>\n<tr>\n<td width=\"103\">1980<\/td>\n<td width=\"619\">T\u00e9l\u00e9commande sans fil RCL-50 LED blanche avec contr\u00f4leur principal URC-104, pav\u00e9 tactile URP-103 et t\u00e9l\u00e9commande sans fil portable URH-103<\/td>\n<\/tr>\n<tr>\n<td width=\"103\">1981<\/td>\n<td width=\"619\">T\u00e9l\u00e9commande LED RCL-50 noire avec contr\u00f4leur principal URC-104, pav\u00e9 tactile URP-103 et t\u00e9l\u00e9commande sans fil portable URH-103<\/td>\n<\/tr>\n<tr>\n<td width=\"103\">1982<\/td>\n<td width=\"619\">LED RCL-50, blanc, avec nouveau contr\u00f4leur principal URC-104 et pav\u00e9 tactile URP-103<\/td>\n<\/tr>\n<tr>\n<td width=\"103\">1983<\/td>\n<td width=\"619\">LED RCL-50, noir, avec nouveau contr\u00f4leur principal URC-104 et pav\u00e9 tactile URP-103<\/td>\n<\/tr>\n<\/tbody>\n<\/table>\n","protected":false},"excerpt":{"rendered":"<p>&nbsp;<\/p>\n<p>Con\u00e7u pour les bateaux de plaisance de petite et moyenne taille et les petits navires commerciaux, ce projecteur robuste est \u00e9quip\u00e9 d&#8217;une nouvelle lampe \u00e0 6 LED d&#8217;une puissance de plus de 100&nbsp;000 candelas. Con\u00e7u pour les environnements marins difficiles, le nouveau RCL -50 utilise le m\u00eame bo\u00eetier en aluminium moul\u00e9 sous pression \u00e9prouv\u00e9, avec de nouvelles commandes m\u00e9caniques internes pour alimenter et faire pivoter la lampe LED ultra-lumineuse. <\/p>\n<p>Le design \u00e9pur\u00e9 RCL -50 LED en fait un choix attrayant et \u00e9conomique pour les yachts de sport, les bateaux de p\u00eache, les bateaux de travail et les navires de commerce l\u00e9gers. Gr\u00e2ce \u00e0 ses LED plus efficaces, le RCL -50 LED r\u00e9duit la consommation \u00e9lectrique jusqu&#8217;\u00e0 50 % sur les bateaux 12 V. <\/p>\n<p>&nbsp;<\/p>\n<p style=\"margin-left: 0in; margin-right: 0in;\"><span style=\"font-size: 11pt;\"><span style=\"font-family: Calibri,sans-serif;\"><a style=\"color: blue; text-decoration: underline;\" href=\"https:\/\/www.dropbox.com\/scl\/fi\/8sck4rivcx2jzxj8j61pu\/Prop-65-Lead-and-Lead-Compounds.pdf?rlkey=nsnudjcdonl81ck0z1eyzvq7b&amp;e=1&amp;dl=0\"><span style=\"color: #000000;\">AVERTISSEMENT : PROPOSITION 65<\/span><\/a><\/span><\/span><\/p>\n<p>&nbsp;<\/p>\n","protected":false},"featured_media":155307,"template":"","meta":{"_acf_changed":false,"om_disable_all_campaigns":false},"product_brand":[],"product_cat":[5950,5944,5721,5948,5946,7163],"product_tag":[11577,11589,11501,11553,11600,11612,7167,11531,11566,11493,7178,7166,11484,7164,11541,11521,11511],"class_list":{"0":"post-155250","1":"product","2":"type-product","3":"status-publish","4":"has-post-thumbnail","6":"product_cat-commercial-fr","7":"product_cat-interieur","8":"product_cat-marin-fr","9":"product_cat-offshore-fr","10":"product_cat-pres-du-rivage","11":"product_cat-projecteurs","12":"product_tag-1960-fr","13":"product_tag-1961-fr","14":"product_tag-lumiere-fr","15":"product_tag-petit-projecteur-de-yacht","16":"product_tag-pn-1960-fr","17":"product_tag-pn-1961-fr","18":"product_tag-projecteur","19":"product_tag-projecteur-de-recherche-a-led-pour-bateau","20":"product_tag-projecteur-en-aluminium","21":"product_tag-projecteur-exterieur","22":"product_tag-projecteur-telecommande","23":"product_tag-projecteurs","24":"product_tag-projecteurs-telecommandes","25":"product_tag-rcl-fr","26":"product_tag-rcl-50-led-fr","27":"product_tag-rcl-50-fr","28":"product_tag-rcl-50b-fr","29":"pa_product-projecteurs","31":"first","32":"onbackorder","33":"taxable","34":"shipping-taxable","35":"purchasable","36":"product-type-variable"},"acf":[],"_links":{"self":[{"href":"https:\/\/www.acrartex.com\/fr\/wp-json\/wp\/v2\/product\/155250","targetHints":{"allow":["GET"]}}],"collection":[{"href":"https:\/\/www.acrartex.com\/fr\/wp-json\/wp\/v2\/product"}],"about":[{"href":"https:\/\/www.acrartex.com\/fr\/wp-json\/wp\/v2\/types\/product"}],"wp:featuredmedia":[{"embeddable":true,"href":"https:\/\/www.acrartex.com\/fr\/wp-json\/wp\/v2\/media\/155307"}],"wp:attachment":[{"href":"https:\/\/www.acrartex.com\/fr\/wp-json\/wp\/v2\/media?parent=155250"}],"wp:term":[{"taxonomy":"product_brand","embeddable":true,"href":"https:\/\/www.acrartex.com\/fr\/wp-json\/wp\/v2\/product_brand?post=155250"},{"taxonomy":"product_cat","embeddable":true,"href":"https:\/\/www.acrartex.com\/fr\/wp-json\/wp\/v2\/product_cat?post=155250"},{"taxonomy":"product_tag","embeddable":true,"href":"https:\/\/www.acrartex.com\/fr\/wp-json\/wp\/v2\/product_tag?post=155250"}],"curies":[{"name":"wp","href":"https:\/\/api.w.org\/{rel}","templated":true}]}}