{"id":155117,"date":"2021-04-09T11:16:33","date_gmt":"2021-04-09T16:16:33","guid":{"rendered":"https:\/\/www.acrartex.com\/products\/lampe-stroboscopique-anti-punaises-deau-firefly-3\/"},"modified":"2021-04-09T11:16:33","modified_gmt":"2021-04-09T16:16:33","slug":"lampe-stroboscopique-anti-punaises-deau-firefly-3","status":"publish","type":"product","link":"https:\/\/www.acrartex.com\/fr\/products\/lampe-stroboscopique-anti-punaises-deau-firefly-3\/","title":{"rendered":"Lampe stroboscopique anti-punaises d&#8217;eau Firefly \u00ae3"},"content":{"rendered":"<p>Le Firefly \u00ae3 est l&#8217;h\u00e9ritier \u00e0 la pointe de la technologie de ses c\u00e9l\u00e8bres pr\u00e9d\u00e9cesseurs, les Firefly \u00ae4F et 4G.<\/p>\n<ul>\n<li>Combinaison lampe\/objectif de pointe pour flash haute intensit\u00e9<\/li>\n<li>Le grand interrupteur coulissant permet une utilisation facile avec des mains gant\u00e9es<\/li>\n<li>La plate-forme de base sp\u00e9cialement con\u00e7ue permet \u00e0 l&#8217;unit\u00e9 de se tenir debout facilement<\/li>\n<li>Le dispositif de retenue en acier inoxydable fixe solidement le couvercle de la batterie au bo\u00eetier<\/li>\n<li>Les boucles d&#8217;arrimage int\u00e9gr\u00e9es offrent un point d&#8217;ancrage s\u00e9curis\u00e9<\/li>\n<li>Id\u00e9al pour les gilets de sauvetage, les harnais de s\u00e9curit\u00e9, les manteaux flottants, les combinaisons de travail, les combinaisons d&#8217;immersion, les sacs \u00e0 dos et les combinaisons de vol.<\/li>\n<\/ul>\n","protected":false},"excerpt":{"rendered":"<p>Gr\u00e2ce \u00e0 sa fonction sp\u00e9ciale d&#8217;activation par l&#8217;eau, ce puissant stroboscope de sauvetage s&#8217;allume automatiquement lorsqu&#8217;il est arm\u00e9 et en contact avec l&#8217;eau.<\/p>\n<p>&nbsp;<\/p>\n","protected":false},"featured_media":155137,"template":"","meta":{"_acf_changed":false,"om_disable_all_campaigns":false},"product_brand":[],"product_cat":[5787,5967,5721,5943,5948],"product_tag":[11249,11284,11273,9896,7707,11280],"class_list":{"0":"post-155117","1":"product","2":"type-product","3":"status-publish","4":"has-post-thumbnail","6":"product_cat-de-plein-air","7":"product_cat-forces-navales","8":"product_cat-marin-fr","9":"product_cat-militaire","10":"product_cat-offshore-fr","11":"product_tag-firefly-fr","12":"product_tag-firefly3-fr","13":"product_tag-lumiere-stroboscopique","14":"product_tag-lumiere-stroboscopique-de-sauvetage","15":"product_tag-punaise-deau","16":"product_tag-sauvetage","17":"pa_product-heritage","19":"first","20":"outofstock","21":"taxable","22":"shipping-taxable","23":"product-type-simple"},"acf":[],"_links":{"self":[{"href":"https:\/\/www.acrartex.com\/fr\/wp-json\/wp\/v2\/product\/155117","targetHints":{"allow":["GET"]}}],"collection":[{"href":"https:\/\/www.acrartex.com\/fr\/wp-json\/wp\/v2\/product"}],"about":[{"href":"https:\/\/www.acrartex.com\/fr\/wp-json\/wp\/v2\/types\/product"}],"wp:featuredmedia":[{"embeddable":true,"href":"https:\/\/www.acrartex.com\/fr\/wp-json\/wp\/v2\/media\/155137"}],"wp:attachment":[{"href":"https:\/\/www.acrartex.com\/fr\/wp-json\/wp\/v2\/media?parent=155117"}],"wp:term":[{"taxonomy":"product_brand","embeddable":true,"href":"https:\/\/www.acrartex.com\/fr\/wp-json\/wp\/v2\/product_brand?post=155117"},{"taxonomy":"product_cat","embeddable":true,"href":"https:\/\/www.acrartex.com\/fr\/wp-json\/wp\/v2\/product_cat?post=155117"},{"taxonomy":"product_tag","embeddable":true,"href":"https:\/\/www.acrartex.com\/fr\/wp-json\/wp\/v2\/product_tag?post=155117"}],"curies":[{"name":"wp","href":"https:\/\/api.w.org\/{rel}","templated":true}]}}