{"id":155105,"date":"2021-04-09T11:16:44","date_gmt":"2021-04-09T16:16:44","guid":{"rendered":"https:\/\/www.acrartex.com\/products\/lampe-de-secours-stroboscopique-incandescente-firefly-2-doublefly\/"},"modified":"2021-04-09T11:16:44","modified_gmt":"2021-04-09T16:16:44","slug":"lampe-de-secours-stroboscopique-incandescente-firefly-2-doublefly","status":"publish","type":"product","link":"https:\/\/www.acrartex.com\/fr\/products\/lampe-de-secours-stroboscopique-incandescente-firefly-2-doublefly\/","title":{"rendered":"Lampe de secours stroboscopique\/incandescente Firefly \u00ae 2 Doublefly"},"content":{"rendered":"<p>Le faisceau X\u00e9non 360\u00b0 clignote \u00e0 intervalles d&#8217;une seconde pendant au moins 8 heures (2 heures de fonctionnement continu en mode incandescent).<\/p>\n<ul>\n<li>Le commutateur multifonction permet de s\u00e9lectionner entre la lumi\u00e8re stroboscopique pour une visibilit\u00e9 \u00e0 grande distance ou la lumi\u00e8re incandescente continue pour les travaux de r\u00e9cup\u00e9ration de pr\u00e8s<\/li>\n<li>Le grand interrupteur coulissant permet une utilisation facile avec des mains gant\u00e9es<\/li>\n<li>La plate-forme de base sp\u00e9cialement con\u00e7ue permet \u00e0 l&#8217;unit\u00e9 de se tenir debout facilement<\/li>\n<li>Le support en aluminium fixe solidement le couvercle de la batterie au bo\u00eetier<\/li>\n<li>Lampe stroboscopique et \u00e0 incandescence au x\u00e9non \u00e0 haute intensit\u00e9<\/li>\n<li>Id\u00e9al pour les gilets de sauvetage, les harnais de s\u00e9curit\u00e9, les manteaux flottants, les combinaisons de travail, les combinaisons d&#8217;immersion, les sacs \u00e0 dos et les combinaisons de vol.<\/li>\n<\/ul>\n","protected":false},"excerpt":{"rendered":"<p>Le commutateur multifonction du Doublefly vous permet de choisir entre un stroboscope haute intensit\u00e9 visible au-del\u00e0 de 1 nm (1,9 km) ou une lumi\u00e8re incandescente fixe pour les travaux de r\u00e9cup\u00e9ration de pr\u00e8s.<\/p>\n","protected":false},"featured_media":155115,"template":"","meta":{"_acf_changed":false,"om_disable_all_campaigns":false},"product_brand":[],"product_cat":[5787,5956,5721,5952,5954,5958],"product_tag":[11256,11249,11260,9909,7701],"class_list":{"0":"post-155105","1":"product","2":"type-product","3":"status-publish","4":"has-post-thumbnail","6":"product_cat-de-plein-air","7":"product_cat-equipement-de-voyage","8":"product_cat-marin-fr","9":"product_cat-randonnee-escalade-camp","10":"product_cat-sport-daction-tout-terrain","11":"product_cat-sports-de-pagaie-peche","12":"product_tag-doublefly-fr","13":"product_tag-firefly-fr","14":"product_tag-incandescent-fr","15":"product_tag-lampe-de-secours","16":"product_tag-stroboscope","17":"pa_product-heritage","19":"first","20":"outofstock","21":"taxable","22":"shipping-taxable","23":"product-type-simple"},"acf":[],"_links":{"self":[{"href":"https:\/\/www.acrartex.com\/fr\/wp-json\/wp\/v2\/product\/155105","targetHints":{"allow":["GET"]}}],"collection":[{"href":"https:\/\/www.acrartex.com\/fr\/wp-json\/wp\/v2\/product"}],"about":[{"href":"https:\/\/www.acrartex.com\/fr\/wp-json\/wp\/v2\/types\/product"}],"wp:featuredmedia":[{"embeddable":true,"href":"https:\/\/www.acrartex.com\/fr\/wp-json\/wp\/v2\/media\/155115"}],"wp:attachment":[{"href":"https:\/\/www.acrartex.com\/fr\/wp-json\/wp\/v2\/media?parent=155105"}],"wp:term":[{"taxonomy":"product_brand","embeddable":true,"href":"https:\/\/www.acrartex.com\/fr\/wp-json\/wp\/v2\/product_brand?post=155105"},{"taxonomy":"product_cat","embeddable":true,"href":"https:\/\/www.acrartex.com\/fr\/wp-json\/wp\/v2\/product_cat?post=155105"},{"taxonomy":"product_tag","embeddable":true,"href":"https:\/\/www.acrartex.com\/fr\/wp-json\/wp\/v2\/product_tag?post=155105"}],"curies":[{"name":"wp","href":"https:\/\/api.w.org\/{rel}","templated":true}]}}