{"id":155062,"date":"2021-04-09T11:17:01","date_gmt":"2021-04-09T16:17:01","guid":{"rendered":"https:\/\/www.acrartex.com\/products\/service-dauto-test-de-la-balise-406link\/"},"modified":"2021-04-09T11:17:01","modified_gmt":"2021-04-09T16:17:01","slug":"service-dauto-test-de-la-balise-406link","status":"publish","type":"product","link":"https:\/\/www.acrartex.com\/fr\/products\/service-dauto-test-de-la-balise-406link\/","title":{"rendered":"Service d&#8217;auto-test de la balise 406Link"},"content":{"rendered":"<p>D\u00e9sormais, vous et 5 contacts pouvez recevoir des messages de confirmation par satellite pr\u00e9configur\u00e9s lorsque vous testez votre EPIRB ou votre Personal Locator Beacon d&#8217; ACR , ARTEX et Ocean Signal .<\/p>\n<p>406Link est le premier et le seul syst\u00e8me de test satellite avanc\u00e9 capable de recevoir des notifications d&#8217;auto-test de votre Personal Locator Beacon ( PLB ) et de votre radiobalise de localisation d&#8217;urgence ( EPIRB ). Ce service d&#8217;abonnement optionnel est con\u00e7u pour am\u00e9liorer les fonctionnalit\u00e9s de votre balise et vous fournir, ainsi qu&#8217;\u00e0 vos proches, une confirmation par satellite du bon fonctionnement de votre balise. <\/p>\n<p>Remarque&nbsp;: un abonnement 406Link est ind\u00e9pendant de l&#8217;application produit ACR utilis\u00e9e conjointement avec les EPIRB GlobalFix V5 et V6 et le PLB ResQLink AIS .<\/p>\n<p>406Link fonctionne en envoyant un signal de test sp\u00e9cialement cod\u00e9 aux satellites stationnaires g\u00e9ostationnaires, situ\u00e9s \u00e0 35&nbsp;000 kilom\u00e8tres d&#8217;altitude, vers un r\u00e9seau de satellites de recherche et de sauvetage. Une fois le signal re\u00e7u par les satellites, il est capt\u00e9 par les stations terrestres ACR en Am\u00e9rique du Nord. En moins d&#8217;une minute, notre logiciel brevet\u00e9 traite vos donn\u00e9es d&#8217;auto-test, puis vous envoie, ainsi qu&#8217;\u00e0 vos contacts, un message de confirmation et une photo de votre position r\u00e9elle par e-mail et SMS.  <\/p>\n<p>Lorsque vous effectuez un autotest GPS , vos coordonn\u00e9es GPS sont ensuite trac\u00e9es sur une carte et 406Link inclut un lien dans votre e-mail et\/ou SMS indiquant clairement votre position dans un rayon de 110 m\u00e8tres (100 m\u00e8tres).<\/p>\n<p>https:\/\/www.youtube.com\/watch?v=dU_zXBAfX00<\/p>\n<p><strong>Avec 406Link vous pouvez :  <\/strong><\/p>\n<ul>\n<li>Testez votre balise avec le m\u00eame syst\u00e8me satellite utilis\u00e9 dans les v\u00e9ritables op\u00e9rations de recherche et de sauvetage<\/li>\n<li>Envoyez des messages de confirmation personnalis\u00e9s par e-mail et SMS \u00e0 un maximum de 5 contacts\n<ul>\n<li>Envoyer la position GPS (non disponible sur tous les mod\u00e8les de balises)<\/li>\n<\/ul>\n<\/li>\n<li>Am\u00e9liorez les fonctionnalit\u00e9s de votre balise ACR , Ocean Signal ou Artex 406 MHz<\/li>\n<li>Cr\u00e9ez la tranquillit\u00e9 d&#8217;esprit pour vous et vos proches<\/li>\n<li>406Link n&#8217;est pas un service d&#8217;\u00ab enregistrement \u00bb ou de \u00ab je vais bien \u00bb, c&#8217;est un test de confirmation unidirectionnel que votre message d&#8217;auto-test de balise a \u00e9t\u00e9 re\u00e7u par les m\u00eames satellites de recherche et de sauvetage utilis\u00e9s en cas d&#8217;urgence r\u00e9elle.<\/li>\n<\/ul>\n<p><strong>Actuellement disponible uniquement aux \u00c9tats-Unis.<\/strong><\/p>\n","protected":false},"excerpt":{"rendered":"<p>La vente de nouveaux abonnements 406Link a \u00e9t\u00e9 interrompue \u00e0 compter du 1er septembre 2023. Les abonnements existants seront maintenus et continueront de fonctionner normalement pendant toute la dur\u00e9e de l&#8217;abonnement annuel. Le service 406Link ne sera plus disponible \u00e0 compter du 1er septembre 2024.  <\/p>\n<p>Bien que le service 406Link ne soit plus disponible \u00e0 l&#8217;achat, n&#8217;h\u00e9sitez pas \u00e0 jeter un \u0153il au <a href=\"https:\/\/acrelectronics.lt.acemlnc.com\/Prod\/link-tracker?redirectUrl=aHR0cHMlM0ElMkYlMkZiaXZ5c3RpY2suY29tJTJG&amp;a=%7C%7C798920491%7C%7C&amp;account=acrelectronics.activehosted.com&amp;email=y47OuVGNLVmypvt5SysuK4mcDWscx9eGrUGJW43GCh5nUjWjzE%2B2Wl9%2F%3AXZsLcuuUP%2Fd5fWs60R8xl%2Bdi4p087Lif&amp;s=8c317dd875871e7647efafcf8d0907b8&amp;i=455A691A0A5674&amp;sig=5YcfKU4g3N9zX2LkQhUUFTb1aniVKGLWUYxdT5yGmpaa&amp;iat=1692974463\" data-ac-default-color=\"1\"><span style=\"font-weight: inherit;\">communicateur satellite ACR Bivy Stick<\/span><\/a> <span style=\"font-weight: inherit;\">qui offre non seulement la possibilit\u00e9 d&#8217;envoyer des messages de confirmation similaires au service 406Link, mais permet \u00e9galement la messagerie bidirectionnelle parmi de nombreux autres avantages.<\/span><\/p>\n<p>Veuillez noter que l&#8217;abonnement 406Link est un service optionnel et n&#8217;est pas requis pour le bon fonctionnement de votre balise. Qu&#8217;un abonnement soit associ\u00e9 ou non \u00e0 votre balise, celle-ci transmettra votre message de d\u00e9tresse et les \u00e9quipes de recherche et sauvetage pourront vous localiser. <\/p>\n","protected":false},"featured_media":155064,"template":"","meta":{"_acf_changed":false,"om_disable_all_campaigns":false},"product_brand":[],"product_cat":[5787,5721],"product_tag":[],"class_list":{"0":"post-155062","1":"product","2":"type-product","3":"status-publish","4":"has-post-thumbnail","6":"product_cat-de-plein-air","7":"product_cat-marin-fr","8":"pa_product-heritage","10":"first","11":"instock","12":"virtual","13":"taxable","14":"product-type-subscription"},"acf":[],"_links":{"self":[{"href":"https:\/\/www.acrartex.com\/fr\/wp-json\/wp\/v2\/product\/155062","targetHints":{"allow":["GET"]}}],"collection":[{"href":"https:\/\/www.acrartex.com\/fr\/wp-json\/wp\/v2\/product"}],"about":[{"href":"https:\/\/www.acrartex.com\/fr\/wp-json\/wp\/v2\/types\/product"}],"wp:featuredmedia":[{"embeddable":true,"href":"https:\/\/www.acrartex.com\/fr\/wp-json\/wp\/v2\/media\/155064"}],"wp:attachment":[{"href":"https:\/\/www.acrartex.com\/fr\/wp-json\/wp\/v2\/media?parent=155062"}],"wp:term":[{"taxonomy":"product_brand","embeddable":true,"href":"https:\/\/www.acrartex.com\/fr\/wp-json\/wp\/v2\/product_brand?post=155062"},{"taxonomy":"product_cat","embeddable":true,"href":"https:\/\/www.acrartex.com\/fr\/wp-json\/wp\/v2\/product_cat?post=155062"},{"taxonomy":"product_tag","embeddable":true,"href":"https:\/\/www.acrartex.com\/fr\/wp-json\/wp\/v2\/product_tag?post=155062"}],"curies":[{"name":"wp","href":"https:\/\/api.w.org\/{rel}","templated":true}]}}