{"id":155039,"date":"2021-03-16T08:17:27","date_gmt":"2021-03-16T13:17:27","guid":{"rendered":"https:\/\/www.acrartex.com\/products\/feux-de-gabarit-sm-2\/"},"modified":"2021-03-16T08:17:27","modified_gmt":"2021-03-16T13:17:27","slug":"feux-de-gabarit-sm-2","status":"publish","type":"product","link":"https:\/\/www.acrartex.com\/fr\/products\/feux-de-gabarit-sm-2\/","title":{"rendered":"Feux de gabarit SM-2"},"content":{"rendered":"<p>Il se redresse automatiquement et s&#8217;active d\u00e8s qu&#8217;il est dans l&#8217;eau. Il \u00e9met un flash stroboscopique et fonctionne jusqu&#8217;\u00e0 60 heures avec une pile de 6 volts. Id\u00e9al pour la marine commerciale, la marine p\u00e9troli\u00e8re, les bateaux de croisi\u00e8re et toute application n\u00e9cessitant un \u00e9clairage COB fiable. <\/p>\n<ul>\n<li>Une lumi\u00e8re plus vive dans toutes les directions<\/li>\n<li>Bo\u00eetier en m\u00e9lange de polycarbonate am\u00e9lior\u00e9, r\u00e9sistance aux chocs am\u00e9lior\u00e9e&nbsp;; r\u00e9sistant aux UV, \u00e0 la temp\u00e9rature et aux produits chimiques<\/li>\n<li>Parfait pour la marine commerciale, la p\u00e9tromarine, les plongeurs, les croiseurs et toute application n\u00e9cessitant une lumi\u00e8re COB fiable<\/li>\n<li>Se redresse automatiquement et s&#8217;active lorsqu&#8217;il est dans l&#8217;eau<\/li>\n<li>Le stroboscope au x\u00e9non haute intensit\u00e9 offre une visibilit\u00e9 \u00e0 360\u00b0 sur plus de 3 miles (4,8 km)<\/li>\n<li>Flotte \u00e0 la verticale dans toutes les conditions<\/li>\n<li>Dur\u00e9e de vie minimale de 36 heures en fonctionnement continu<\/li>\n<\/ul>\n<p>Une question d&#8217;\u00e9quilibre<br \/>\n Les feux de gabarit, de par leur conception, doivent flotter verticalement pour une visibilit\u00e9 optimale. Les batteries de 6 volts des lanternes fournissent le ballast de ces feux. Bien que les batteries puissent \u00eatre de m\u00eame taille, leurs compositions chimiques diff\u00e9rentes entra\u00eenent des poids variables. Il est imp\u00e9ratif d&#8217;utiliser uniquement les mod\u00e8les de batteries de 6 volts recommand\u00e9s. Trop peu de ballast et le feu se couchera et sera inefficace&nbsp;; trop de poids et le feu risque de couler. En cas de doute sur le poids appropri\u00e9 de la batterie, testez le feu en le pla\u00e7ant en eau peu profonde. Si le feu flotte verticalement, c&#8217;est bon&nbsp;; en revanche, si le SM-2 coule, la batterie est trop lourde.      <\/p>\n<p>Types de piles sugg\u00e9r\u00e9s, piles \u00e0 bornes \u00e0 vis&nbsp;:<\/p>\n<ul>\n<li>ANSI\/NEDA&nbsp;: 915, 915C, 915D, 915AC<\/li>\n<li>Duracell : M915, PC915<\/li>\n<li>Rayovac\u00ae : 942, 945<\/li>\n<li>Eveready\u00ae : 510S<\/li>\n<\/ul>\n<p>Types de piles sugg\u00e9r\u00e9s, piles \u00e0 bornes \u00e0 ressort&nbsp;:<\/p>\n<ul>\n<li>ANSI\/NEDA&nbsp;: 908, 908C, 908D, 908AC<\/li>\n<li>Duracell : M908, PC908<\/li>\n<li>Rayovac\u00ae : 941, 944<\/li>\n<li>Eveready\u00ae : 509, 1209<\/li>\n<li>\u00c9lectrificateur : EN529 (pas 529)<\/li>\n<li>Panasonic : W-4FD<\/li>\n<\/ul>\n","protected":false},"excerpt":{"rendered":"<p>Le SM-2 a \u00e9t\u00e9 abandonn\u00e9 et remplac\u00e9 par le <a href=\"https:\/\/www.acrartex.com\/products\/sm-3-lifebuoy-self-igniting-light\">nouveau feu de balisage SM-3 (approuv\u00e9 par l&#8217;USCG\/MED)<\/a> .<\/p>\n<p>Le SM-2 est un feu stroboscopique au x\u00e9non haute intensit\u00e9 offrant une visibilit\u00e9 \u00e0 360\u00b0 sur plus de 4,8 km (3 miles). Ce feu de balisage s&#8217;active automatiquement et commence \u00e0 clignoter d\u00e8s qu&#8217;il est dans l&#8217;eau, offrant jusqu&#8217;\u00e0 60 heures d&#8217;autonomie avec une pile de 6 volts. Id\u00e9al pour la marine commerciale, les bateaux \u00e0 essence, les bateaux de croisi\u00e8re et toute autre application n\u00e9cessitant un feu de balisage d&#8217;\u00e9quipage \u00e0 la mer (COB) fiable, le SM-2 flotte verticalement en toutes conditions, garantissant ainsi une luminosit\u00e9 continue lorsque vous en avez le plus besoin.  <\/p>\n<p>&nbsp;<\/p>\n<p><span style=\"color: #e74c3c;\">CODE&nbsp;: <strong>SHIPFREE20<\/strong> Livraison terrestre offerte pour toute commande sup\u00e9rieure \u00e0 30&nbsp;$&nbsp;US. Hors Hawa\u00ef et Alaska. <\/span><\/p>\n<p>&nbsp;<\/p>\n","protected":false},"featured_media":155094,"template":"","meta":{"_acf_changed":false,"om_disable_all_campaigns":false},"product_brand":[],"product_cat":[5721],"product_tag":[11179,11186,11218,11191,11232,11166,11163,11153,11209,11214,11170,11201,11227,11161,11158,11155,7701,11174,11225,11221,11196],"class_list":{"0":"post-155039","1":"product","2":"type-product","3":"status-publish","4":"has-post-thumbnail","6":"product_cat-marin-fr","7":"product_tag-acheter-de-lacr","8":"product_tag-balise-stroboscopique","9":"product_tag-eclairage-stroboscopique-de-secours","10":"product_tag-electronique-acr","11":"product_tag-electronique-stroboscopique","12":"product_tag-feu-de-gabarit-sm-2","13":"product_tag-feu-de-gabarit-sm2","14":"product_tag-feux-de-gabarit","15":"product_tag-feux-stroboscopiques-marins","16":"product_tag-la-lumiere-stroboscopique","17":"product_tag-lumiere-sm2","18":"product_tag-lumiere-stroboscopique-de-secours","19":"product_tag-magasin-de-lumieres-stroboscopiques","20":"product_tag-sm-2-fr-2","21":"product_tag-sm-2-fr","22":"product_tag-sm2-fr","23":"product_tag-stroboscope","24":"product_tag-stroboscope-sm2","25":"product_tag-une-lumiere-stroboscopique","26":"product_tag-ventes-de-lumieres-stroboscopiques","27":"product_tag-vie-gonflable","28":"pa_product-heritage","30":"first","31":"outofstock","32":"taxable","33":"shipping-taxable","34":"product-type-simple"},"acf":[],"_links":{"self":[{"href":"https:\/\/www.acrartex.com\/fr\/wp-json\/wp\/v2\/product\/155039","targetHints":{"allow":["GET"]}}],"collection":[{"href":"https:\/\/www.acrartex.com\/fr\/wp-json\/wp\/v2\/product"}],"about":[{"href":"https:\/\/www.acrartex.com\/fr\/wp-json\/wp\/v2\/types\/product"}],"wp:featuredmedia":[{"embeddable":true,"href":"https:\/\/www.acrartex.com\/fr\/wp-json\/wp\/v2\/media\/155094"}],"wp:attachment":[{"href":"https:\/\/www.acrartex.com\/fr\/wp-json\/wp\/v2\/media?parent=155039"}],"wp:term":[{"taxonomy":"product_brand","embeddable":true,"href":"https:\/\/www.acrartex.com\/fr\/wp-json\/wp\/v2\/product_brand?post=155039"},{"taxonomy":"product_cat","embeddable":true,"href":"https:\/\/www.acrartex.com\/fr\/wp-json\/wp\/v2\/product_cat?post=155039"},{"taxonomy":"product_tag","embeddable":true,"href":"https:\/\/www.acrartex.com\/fr\/wp-json\/wp\/v2\/product_tag?post=155039"}],"curies":[{"name":"wp","href":"https:\/\/api.w.org\/{rel}","templated":true}]}}