{"id":155009,"date":"2021-03-16T08:18:06","date_gmt":"2021-03-16T13:18:06","guid":{"rendered":"https:\/\/www.acrartex.com\/products\/ts-8701-ensemble-de-testeurs\/"},"modified":"2021-03-16T08:18:06","modified_gmt":"2021-03-16T13:18:06","slug":"ts-8701-ensemble-de-testeurs","status":"publish","type":"product","link":"https:\/\/www.acrartex.com\/fr\/products\/ts-8701-ensemble-de-testeurs\/","title":{"rendered":"TS 8701 \u2013 Ensemble de testeurs"},"content":{"rendered":"<p><strong>Test ELT et v\u00e9rification de l&#8217;identifiant ELT<\/strong><\/p>\n<p>Les balises de localisation d&#8217;urgence (ELT) d&#8217;a\u00e9ronef doivent avoir leur num\u00e9ro d&#8217;identification unique enregistr\u00e9 aupr\u00e8s des autorit\u00e9s nationales. Le testeur ARTEX offre une m\u00e9thode simple pour v\u00e9rifier et enregistrer l&#8217;identifiant des ELT ARTEX apr\u00e8s leur installation, leur reprogrammation ou leur r\u00e9enregistrement suite \u00e0 un changement de propri\u00e9taire. <\/p>\n<p><strong>D\u00e9codage ELT<\/strong><\/p>\n<p>Le testeur ARTEX d\u00e9code les transmissions Cospas-Sarsat 406 MHz. La transmission peut \u00eatre lue directement via le c\u00e2ble d&#8217;antenne ou via l&#8217;antenne elle-m\u00eame. L&#8217;appareil indique \u00e9galement la pr\u00e9sence de 121,5 MHz. Le testeur est uniquement un appareil de d\u00e9codage et ne mesure pas la puissance. Veuillez contacter votre autorit\u00e9 locale pour conna\u00eetre les exigences de mesure ELT lors des inspections annuelles.    <\/p>\n<p><strong>Donn\u00e9es de test<\/strong><\/p>\n<p>Le testeur ARTEX enregistre toutes les donn\u00e9es dans une base de donn\u00e9es interne, qui peut \u00eatre sauvegard\u00e9e sur votre PC. Les donn\u00e9es sont consultables sur l&#8217;ordinateur ind\u00e9pendamment du testeur et sont horodat\u00e9es, preuve de leur transmission et de leur programmation correcte. Le testeur peut imprimer sur un PC via une interface USB. Cette fonction d&#8217;impression n\u00e9cessite un logiciel t\u00e9l\u00e9chargeable sur ACRARTEX.com.   <\/p>\n<p>&nbsp;<\/p>\n<p>*Toutes les fonctionnalit\u00e9s du 8701 s&#8217;appliquent uniquement aux ELT ARTEX .<\/p>\n<table style=\"width: 602px;\" border=\"0\">\n<tbody>\n<tr>\n<td>Tableau des fonctionnalit\u00e9s de test et de programmation<\/td>\n<td><strong>TPS 8700<\/strong><\/td>\n<td><strong>TS 8701<\/strong><\/td>\n<td><strong>TPS 8715<\/strong><\/td>\n<\/tr>\n<tr>\n<td>V\u00e9rification de l&#8217;identification ELT et d\u00e9codage de la transmission 406 MHz<\/td>\n<td><strong>x<\/strong><\/td>\n<td><strong>x<\/strong><\/td>\n<td><strong>x<\/strong><\/td>\n<\/tr>\n<tr>\n<td>Test de pr\u00e9sence de transmissions \u00e0 121,5 MHz et 243 MHz<\/td>\n<td><strong>x<\/strong><\/td>\n<td><strong>x<\/strong><\/td>\n<td><strong>x<\/strong><\/td>\n<\/tr>\n<tr>\n<td>Programmation des ELT ARTEX General Aviation uniquement (r\u00e9f\u00e9rence PN 8700 pour l&#8217;unit\u00e9 qui est \u00e9galement capable de programmer ELT de niveau transport)<\/td>\n<td><strong> <\/strong><\/td>\n<td><strong> <\/strong><\/td>\n<td><strong>x<\/strong><\/td>\n<\/tr>\n<tr>\n<td>Programmation de tous les ELT ARTEX<\/td>\n<td><strong>x<\/strong><\/td>\n<td><strong> <\/strong><\/td>\n<td><strong> <\/strong><\/td>\n<\/tr>\n<tr>\n<td>Sauvegarde des donn\u00e9es sur PC<\/td>\n<td><strong>x<\/strong><\/td>\n<td><strong>x<\/strong><\/td>\n<td><strong>x<\/strong><\/td>\n<\/tr>\n<tr>\n<td>Capacit\u00e9 d&#8217;impression via l&#8217;interface USB vers un PC<\/td>\n<td><strong>x<\/strong><\/td>\n<td><strong>x<\/strong><\/td>\n<td><strong>x<\/strong><\/td>\n<\/tr>\n<tr>\n<td>Logiciel inclus avec le produit<\/td>\n<td><strong>x<\/strong><\/td>\n<td><strong>x<\/strong><\/td>\n<td><strong> <\/strong><\/td>\n<\/tr>\n<tr>\n<td>Logiciel non inclus avec le produit (logiciel t\u00e9l\u00e9charg\u00e9 apr\u00e8s r\u00e9ception du produit par le client)<\/td>\n<td><strong> <\/strong><\/td>\n<td><strong> <\/strong><\/td>\n<td><strong>x<\/strong><\/td>\n<\/tr>\n<tr>\n<td><\/td>\n<td><strong> <\/strong><\/td>\n<td><strong> <\/strong><\/td>\n<td><strong> <\/strong><\/td>\n<\/tr>\n<\/tbody>\n<\/table>\n","protected":false},"excerpt":{"rendered":"<p>Le testeur ARTEX 8701 est le seul syst\u00e8me n\u00e9cessaire pour tester et v\u00e9rifier tous les ELT ARTEX . Compact et portable, il est facile \u00e0 garder \u00e0 port\u00e9e de main et vous permet de tester facilement n&#8217;importe quel ELT , \u00e0 tout moment. <\/p>\n<p><a title=\"logiciel-de-bureau-sarcalc.zip\" href=\"https:\/\/www.acrartex.com\/media\/1377582\/sarcalc-desktop-software.zip\">Logiciel de bureau SARCALC<\/a><\/p>\n<p><strong><span style=\"color: #ff0000;\">REMARQUE&nbsp;: ce produit a \u00e9t\u00e9 abandonn\u00e9 et a \u00e9t\u00e9 remplac\u00e9 par le<\/span> <a href=\"https:\/\/www.acrartex.com\/products\/fpt\/\">programmateur ARTEX s\u00e9rie FPT 8800<\/a> .<\/strong><\/p>\n<p>&nbsp;<\/p>\n","protected":false},"featured_media":155021,"template":"","meta":{"_acf_changed":false,"om_disable_all_campaigns":false},"product_brand":[],"product_cat":[5628,5959,8483,5961],"product_tag":[11083,11075,11067,5633,11061,11069,11055,11058,11062,11063,11060,10816,11079,11065],"class_list":{"0":"post-155009","1":"product","2":"type-product","3":"status-publish","4":"has-post-thumbnail","6":"product_cat-aviation-fr","7":"product_cat-aviation-generale","8":"product_cat-avions-commerciaux","9":"product_cat-jet-daffaires","10":"product_tag-8701-fr","11":"product_tag-aviation-generale","12":"product_tag-decodage","13":"product_tag-elt-fr","14":"product_tag-essai","15":"product_tag-georgie","16":"product_tag-programmation","17":"product_tag-programmation-elt","18":"product_tag-programmeur-fr","19":"product_tag-programmeur-elt","20":"product_tag-test-fr","21":"product_tag-tps-fr","22":"product_tag-tps-8701-fr","23":"product_tag-verification-fr","24":"pa_product-heritage","26":"first","27":"instock","28":"taxable","29":"shipping-taxable","30":"product-type-simple"},"acf":[],"_links":{"self":[{"href":"https:\/\/www.acrartex.com\/fr\/wp-json\/wp\/v2\/product\/155009","targetHints":{"allow":["GET"]}}],"collection":[{"href":"https:\/\/www.acrartex.com\/fr\/wp-json\/wp\/v2\/product"}],"about":[{"href":"https:\/\/www.acrartex.com\/fr\/wp-json\/wp\/v2\/types\/product"}],"wp:featuredmedia":[{"embeddable":true,"href":"https:\/\/www.acrartex.com\/fr\/wp-json\/wp\/v2\/media\/155021"}],"wp:attachment":[{"href":"https:\/\/www.acrartex.com\/fr\/wp-json\/wp\/v2\/media?parent=155009"}],"wp:term":[{"taxonomy":"product_brand","embeddable":true,"href":"https:\/\/www.acrartex.com\/fr\/wp-json\/wp\/v2\/product_brand?post=155009"},{"taxonomy":"product_cat","embeddable":true,"href":"https:\/\/www.acrartex.com\/fr\/wp-json\/wp\/v2\/product_cat?post=155009"},{"taxonomy":"product_tag","embeddable":true,"href":"https:\/\/www.acrartex.com\/fr\/wp-json\/wp\/v2\/product_tag?post=155009"}],"curies":[{"name":"wp","href":"https:\/\/api.w.org\/{rel}","templated":true}]}}