{"id":154940,"date":"2021-03-16T08:18:08","date_gmt":"2021-03-16T13:18:08","guid":{"rendered":"https:\/\/www.acrartex.com\/products\/outil-de-retrait-du-connecteur-tps\/"},"modified":"2021-03-16T08:18:08","modified_gmt":"2021-03-16T13:18:08","slug":"outil-de-retrait-du-connecteur-tps","status":"publish","type":"product","link":"https:\/\/www.acrartex.com\/fr\/products\/outil-de-retrait-du-connecteur-tps\/","title":{"rendered":"Outil de retrait du connecteur TPS"},"content":{"rendered":"","protected":false},"excerpt":{"rendered":"<p>L&#8217;outil de retrait de connecteur TPS permet de d\u00e9brancher m\u00eame les connecteurs les plus difficiles \u00e0 localiser, pour un retrait rapide et efficace ELT (C406-2 et C406-2 HM, B406-4 et G406-4) et de l&#8217;antenne. Cet outil est compatible avec les mod\u00e8les ELT suivants&nbsp;: C406-2, C406-2 HM, B406-4 et G406-4. <\/p>\n","protected":false},"featured_media":154955,"template":"","meta":{"_acf_changed":false,"om_disable_all_campaigns":false},"product_brand":[],"product_cat":[2922],"product_tag":[10837,10847,10833,10820,10848,10839,10844,10842,10846,10829,10825,10816],"class_list":{"0":"post-154940","1":"product","2":"type-product","3":"status-publish","4":"has-post-thumbnail","6":"product_cat-non-categorise","7":"product_tag-145-0001-fr","8":"product_tag-numero-de-piece-145-0001-fr","9":"product_tag-numero-de-piece-145-0001","10":"product_tag-outil-de-retrait-du-connecteur-tps","11":"product_tag-outil-de-suppression","12":"product_tag-pn-145-0001-fr","13":"product_tag-pn4145-0001-fr","14":"product_tag-ref-145-0001","15":"product_tag-ref-4145-0001","16":"product_tag-retrait-de-lelt-pour-lentretien","17":"product_tag-retrait-des-connecteurs","18":"product_tag-tps-fr","20":"first","21":"instock","22":"taxable","23":"shipping-taxable","24":"product-type-simple"},"acf":[],"_links":{"self":[{"href":"https:\/\/www.acrartex.com\/fr\/wp-json\/wp\/v2\/product\/154940","targetHints":{"allow":["GET"]}}],"collection":[{"href":"https:\/\/www.acrartex.com\/fr\/wp-json\/wp\/v2\/product"}],"about":[{"href":"https:\/\/www.acrartex.com\/fr\/wp-json\/wp\/v2\/types\/product"}],"wp:featuredmedia":[{"embeddable":true,"href":"https:\/\/www.acrartex.com\/fr\/wp-json\/wp\/v2\/media\/154955"}],"wp:attachment":[{"href":"https:\/\/www.acrartex.com\/fr\/wp-json\/wp\/v2\/media?parent=154940"}],"wp:term":[{"taxonomy":"product_brand","embeddable":true,"href":"https:\/\/www.acrartex.com\/fr\/wp-json\/wp\/v2\/product_brand?post=154940"},{"taxonomy":"product_cat","embeddable":true,"href":"https:\/\/www.acrartex.com\/fr\/wp-json\/wp\/v2\/product_cat?post=154940"},{"taxonomy":"product_tag","embeddable":true,"href":"https:\/\/www.acrartex.com\/fr\/wp-json\/wp\/v2\/product_tag?post=154940"}],"curies":[{"name":"wp","href":"https:\/\/api.w.org\/{rel}","templated":true}]}}