{"id":154876,"date":"2021-03-16T08:18:39","date_gmt":"2021-03-16T13:18:39","guid":{"rendered":"https:\/\/www.acrartex.com\/products\/antenne-tige-8603-tri-bande\/"},"modified":"2021-03-16T08:18:39","modified_gmt":"2021-03-16T13:18:39","slug":"antenne-tige-8603-tri-bande","status":"publish","type":"product","link":"https:\/\/www.acrartex.com\/fr\/products\/antenne-tige-8603-tri-bande\/","title":{"rendered":"Antenne tige 8603, tri-bande"},"content":{"rendered":"<p>Notre nouvelle antenne tige est renforc\u00e9e de verre et son bo\u00eetier en polyester int\u00e8gre notre technologie tri-bande innovante, int\u00e9grant les fr\u00e9quences 121,5, 243 et 406 MHz dans un bo\u00eetier compact. Cette antenne hautement performante est \u00e9quip\u00e9e d&#8217;un connecteur BNC unique pour les installations n\u00e9cessitant une configuration \u00e0 connecteur unique. Conforme aux normes TSO C91a et C128b.  <\/p>\n","protected":false},"excerpt":{"rendered":"<p>L&#8217;antenne tige ARTEX 8603 est renforc\u00e9e par du verre et un bo\u00eetier en polyester qui int\u00e8gre notre technologie tri-bande innovante, offrant ainsi les fr\u00e9quences 121,5, 243 et 406 MHz dans un bo\u00eetier compact. Cette antenne hautement performante est \u00e9quip\u00e9e d&#8217;un connecteur BNC unique pour les installations n\u00e9cessitant une configuration \u00e0 connecteur unique. <\/p>\n","protected":false},"featured_media":154877,"template":"","meta":{"_acf_changed":false,"om_disable_all_campaigns":false},"product_brand":[],"product_cat":[5628,5959],"product_tag":[10376,10374,10162,10372,10160,10648,10156,10158,5633,10649,10379,9957],"class_list":{"0":"post-154876","1":"product","2":"type-product","3":"status-publish","4":"has-post-thumbnail","6":"product_cat-aviation-fr","7":"product_cat-aviation-generale","8":"product_tag-406-antenne-fouet","9":"product_tag-406-tige-dantenne","10":"product_tag-antenne-121-243","11":"product_tag-antenne-121-406","12":"product_tag-antenne-bifrequence","13":"product_tag-antenne-tige-elt-fr","14":"product_tag-antenne-tri-bande","15":"product_tag-antenne-tri-bande-fr","16":"product_tag-elt-fr","17":"product_tag-numero-de-piece-8603","18":"product_tag-tige","19":"product_tag-tri-band-fr","20":"pa_aircraft-speed-0-200-noeuds","21":"pa_aircraft-type-experimental-fr","22":"pa_aircraft-type-moteur-unique","23":"pa_aircraft-type-multimoteur","24":"pa_product-accessoires-de-securite","25":"pa_product-solutions-elt","27":"first","28":"instock","29":"taxable","30":"shipping-taxable","31":"product-type-simple"},"acf":[],"_links":{"self":[{"href":"https:\/\/www.acrartex.com\/fr\/wp-json\/wp\/v2\/product\/154876","targetHints":{"allow":["GET"]}}],"collection":[{"href":"https:\/\/www.acrartex.com\/fr\/wp-json\/wp\/v2\/product"}],"about":[{"href":"https:\/\/www.acrartex.com\/fr\/wp-json\/wp\/v2\/types\/product"}],"wp:featuredmedia":[{"embeddable":true,"href":"https:\/\/www.acrartex.com\/fr\/wp-json\/wp\/v2\/media\/154877"}],"wp:attachment":[{"href":"https:\/\/www.acrartex.com\/fr\/wp-json\/wp\/v2\/media?parent=154876"}],"wp:term":[{"taxonomy":"product_brand","embeddable":true,"href":"https:\/\/www.acrartex.com\/fr\/wp-json\/wp\/v2\/product_brand?post=154876"},{"taxonomy":"product_cat","embeddable":true,"href":"https:\/\/www.acrartex.com\/fr\/wp-json\/wp\/v2\/product_cat?post=154876"},{"taxonomy":"product_tag","embeddable":true,"href":"https:\/\/www.acrartex.com\/fr\/wp-json\/wp\/v2\/product_tag?post=154876"}],"curies":[{"name":"wp","href":"https:\/\/api.w.org\/{rel}","templated":true}]}}