{"id":154861,"date":"2021-03-16T08:18:44","date_gmt":"2021-03-16T13:18:44","guid":{"rendered":"https:\/\/www.acrartex.com\/products\/antenne-110-337-11-lame-406\/"},"modified":"2021-03-16T08:18:44","modified_gmt":"2021-03-16T13:18:44","slug":"antenne-110-337-11-lame-406","status":"publish","type":"product","link":"https:\/\/www.acrartex.com\/fr\/products\/antenne-110-337-11-lame-406\/","title":{"rendered":"Antenne 110-337-11, lame 406"},"content":{"rendered":"<p>Antenne lame tribande haut d\u00e9bit, int\u00e9grant les fr\u00e9quences 121,5, 243 et 406 MHz dans un bo\u00eetier compact. La r\u00e9f\u00e9rence 110-337-11 est \u00e9quip\u00e9e de deux connecteurs pour les installations n\u00e9cessitant cette configuration. Con\u00e7ue pour r\u00e9pondre aux exigences de la norme TSOA C91a et \u00e0 l&#8217;essai de flamme Eurocae ED 62.  <\/p>\n<p>Deux m\u00e9thodes de fixation s\u00e9curis\u00e9es sont disponibles pour l&#8217;antenne \u00e0 l&#8217;avion. Choisissez entre un montage par vis ou par plaque de base. <\/p>\n","protected":false},"excerpt":{"rendered":"<p>L&#8217;antenne 110-337-11 est \u00e9quip\u00e9e de notre technologie tri-bande innovante, qui r\u00e9unit les fr\u00e9quences 121,5, 243 et 406 MHz dans un bo\u00eetier compact. Cette antenne lame haut d\u00e9bit est dot\u00e9e de deux connecteurs pour les installations n\u00e9cessitant cette configuration particuli\u00e8re. De plus, nous proposons deux m\u00e9thodes de fixation s\u00e9curis\u00e9es pour cette antenne \u00e0 votre avion&nbsp;: fixation par vis ou fixation sur plaque de base. Comme tous nos \u00e9quipements, cette antenne est con\u00e7ue pour r\u00e9pondre aux normes industrielles. Ce produit est conforme aux exigences TSOA C91a et \u00e0 l&#8217;essai de r\u00e9sistance \u00e0 la flamme Eurocae ED 62.    <\/p>\n","protected":false},"featured_media":154863,"template":"","meta":{"_acf_changed":false,"om_disable_all_campaigns":false},"product_brand":[],"product_cat":[5628],"product_tag":[10381,10162,10372,10164,10160,10170,10174,10166,10177,10172,10168,10156,10158],"class_list":{"0":"post-154861","1":"product","2":"type-product","3":"status-publish","4":"has-post-thumbnail","6":"product_cat-aviation-fr","7":"product_tag-406-lame-dantenne","8":"product_tag-antenne-121-243","9":"product_tag-antenne-121-406","10":"product_tag-antenne-406","11":"product_tag-antenne-bifrequence","12":"product_tag-antenne-fouet-elt","13":"product_tag-antenne-fouet-elt-fr","14":"product_tag-antenne-lame-elt","15":"product_tag-antenne-lame-elt-fr","16":"product_tag-antenne-rode-elt","17":"product_tag-antenne-tige-elt","18":"product_tag-antenne-tri-bande","19":"product_tag-antenne-tri-bande-fr","21":"first","22":"instock","23":"taxable","24":"shipping-taxable","25":"product-type-simple"},"acf":[],"_links":{"self":[{"href":"https:\/\/www.acrartex.com\/fr\/wp-json\/wp\/v2\/product\/154861","targetHints":{"allow":["GET"]}}],"collection":[{"href":"https:\/\/www.acrartex.com\/fr\/wp-json\/wp\/v2\/product"}],"about":[{"href":"https:\/\/www.acrartex.com\/fr\/wp-json\/wp\/v2\/types\/product"}],"wp:featuredmedia":[{"embeddable":true,"href":"https:\/\/www.acrartex.com\/fr\/wp-json\/wp\/v2\/media\/154863"}],"wp:attachment":[{"href":"https:\/\/www.acrartex.com\/fr\/wp-json\/wp\/v2\/media?parent=154861"}],"wp:term":[{"taxonomy":"product_brand","embeddable":true,"href":"https:\/\/www.acrartex.com\/fr\/wp-json\/wp\/v2\/product_brand?post=154861"},{"taxonomy":"product_cat","embeddable":true,"href":"https:\/\/www.acrartex.com\/fr\/wp-json\/wp\/v2\/product_cat?post=154861"},{"taxonomy":"product_tag","embeddable":true,"href":"https:\/\/www.acrartex.com\/fr\/wp-json\/wp\/v2\/product_tag?post=154861"}],"curies":[{"name":"wp","href":"https:\/\/api.w.org\/{rel}","templated":true}]}}