{"id":154763,"date":"2021-03-16T08:19:03","date_gmt":"2021-03-16T13:19:03","guid":{"rendered":"https:\/\/www.acrartex.com\/products\/antenne-lame-110-341\/"},"modified":"2021-03-16T08:19:03","modified_gmt":"2021-03-16T13:19:03","slug":"antenne-lame-110-341","status":"publish","type":"product","link":"https:\/\/www.acrartex.com\/fr\/products\/antenne-lame-110-341\/","title":{"rendered":"Antenne lame 110-341"},"content":{"rendered":"","protected":false},"excerpt":{"rendered":"<p>Tri-bande, 121,5, 243 et 406 MHz<\/p>\n<p> <span style=\"color: #3366ff;\"><strong>Ce produit a \u00e9t\u00e9 abandonn\u00e9<\/strong><\/span><\/p>\n","protected":false},"featured_media":154767,"template":"","meta":{"_acf_changed":false,"om_disable_all_campaigns":false},"product_brand":[],"product_cat":[5628,8483,5961],"product_tag":[9958,10423,10436,10432,9989,10180,10420,10425,10429,10417],"class_list":{"0":"post-154763","1":"product","2":"type-product","3":"status-publish","4":"has-post-thumbnail","6":"product_cat-aviation-fr","7":"product_cat-avions-commerciaux","8":"product_cat-jet-daffaires","9":"product_tag-110-fr","10":"product_tag-110-341-fr","11":"product_tag-341-fr","12":"product_tag-acr-tri-marque","13":"product_tag-antenne-fr","14":"product_tag-antenne-lame","15":"product_tag-numero-de-piece-110-341","16":"product_tag-pn-110-341-fr","17":"product_tag-ref-110-341","18":"product_tag-tri-marque","19":"pa_aircraft-speed-200-350-noeuds","20":"pa_aircraft-type-jets-de-taille-moyenne","21":"pa_aircraft-type-jets-legers","22":"pa_product-accessoires-de-securite","23":"pa_product-heritage","24":"pa_product-solutions-elt","26":"first","27":"instock","28":"taxable","29":"shipping-taxable","30":"product-type-simple"},"acf":[],"_links":{"self":[{"href":"https:\/\/www.acrartex.com\/fr\/wp-json\/wp\/v2\/product\/154763","targetHints":{"allow":["GET"]}}],"collection":[{"href":"https:\/\/www.acrartex.com\/fr\/wp-json\/wp\/v2\/product"}],"about":[{"href":"https:\/\/www.acrartex.com\/fr\/wp-json\/wp\/v2\/types\/product"}],"wp:featuredmedia":[{"embeddable":true,"href":"https:\/\/www.acrartex.com\/fr\/wp-json\/wp\/v2\/media\/154767"}],"wp:attachment":[{"href":"https:\/\/www.acrartex.com\/fr\/wp-json\/wp\/v2\/media?parent=154763"}],"wp:term":[{"taxonomy":"product_brand","embeddable":true,"href":"https:\/\/www.acrartex.com\/fr\/wp-json\/wp\/v2\/product_brand?post=154763"},{"taxonomy":"product_cat","embeddable":true,"href":"https:\/\/www.acrartex.com\/fr\/wp-json\/wp\/v2\/product_cat?post=154763"},{"taxonomy":"product_tag","embeddable":true,"href":"https:\/\/www.acrartex.com\/fr\/wp-json\/wp\/v2\/product_tag?post=154763"}],"curies":[{"name":"wp","href":"https:\/\/api.w.org\/{rel}","templated":true}]}}