{"id":154755,"date":"2021-03-16T08:19:11","date_gmt":"2021-03-16T13:19:11","guid":{"rendered":"https:\/\/www.acrartex.com\/products\/antenne-tige-110-338\/"},"modified":"2021-03-16T08:19:11","modified_gmt":"2021-03-16T13:19:11","slug":"antenne-tige-110-338","status":"publish","type":"product","link":"https:\/\/www.acrartex.com\/fr\/products\/antenne-tige-110-338\/","title":{"rendered":"Antenne tige 110-338"},"content":{"rendered":"<p>Un bo\u00eetier robuste en polyester renforc\u00e9 de fibres de verre abrite notre technologie tri-bande innovante, int\u00e9grant les fr\u00e9quences 121,5, 243 et 406 MHz dans un bo\u00eetier compact. Cette antenne hautement performante est \u00e9quip\u00e9e d&#8217;un connecteur BNC unique pour les installations n\u00e9cessitant une configuration \u00e0 connecteur unique. Con\u00e7ue pour satisfaire aux exigences de r\u00e9sistance \u00e0 la flamme Eurocae ED 62.  <\/p>\n<p>Deux mod\u00e8les disponibles :<br \/>\n \u2013 110-338 (blanc)<br \/>\n \u2013 110-338-01 (noir)<\/p>\n","protected":false},"excerpt":{"rendered":"<p>Tri-bande, 121,5, 243 et 406 MHz<\/p>\n","protected":false},"featured_media":154764,"template":"","meta":{"_acf_changed":false,"om_disable_all_campaigns":false},"product_brand":[],"product_cat":[5628,5959,5630],"product_tag":[10410,10393,10376,10381,10374,9989,10162,10372,10385,9959,10409,10389,10411,10397,10404,10413,10400,10407,10379,10414],"class_list":{"0":"post-154755","1":"product","2":"type-product","3":"status-publish","4":"has-post-thumbnail","6":"product_cat-aviation-fr","7":"product_cat-aviation-generale","8":"product_cat-rotocraft-fr","9":"product_tag-110-338-fr-2","10":"product_tag-110-338-fr","11":"product_tag-406-antenne-fouet","12":"product_tag-406-lame-dantenne","13":"product_tag-406-tige-dantenne","14":"product_tag-antenne-fr","15":"product_tag-antenne-121-243","16":"product_tag-antenne-121-406","17":"product_tag-antenne-a-frequence-al","18":"product_tag-antenne-tige","19":"product_tag-numero-de-piece-110-338-fr","20":"product_tag-numero-de-piece-110-338","21":"product_tag-pn-110-338-fr-2","22":"product_tag-pn-110-338-fr","23":"product_tag-pn110-338-fr","24":"product_tag-ref-110-338-fr-2","25":"product_tag-ref-110-338","26":"product_tag-ref-110-338-fr","27":"product_tag-tige","28":"product_tag-tri-bande-110-338","29":"pa_aircraft-type-experimental-fr","30":"pa_aircraft-type-moteur-unique","31":"pa_aircraft-type-multimoteur","32":"pa_aircraft-type-turbopropulseur","33":"pa_product-accessoires-de-securite","34":"pa_product-solutions-elt","36":"first","37":"instock","38":"taxable","39":"shipping-taxable","40":"product-type-simple"},"acf":[],"_links":{"self":[{"href":"https:\/\/www.acrartex.com\/fr\/wp-json\/wp\/v2\/product\/154755","targetHints":{"allow":["GET"]}}],"collection":[{"href":"https:\/\/www.acrartex.com\/fr\/wp-json\/wp\/v2\/product"}],"about":[{"href":"https:\/\/www.acrartex.com\/fr\/wp-json\/wp\/v2\/types\/product"}],"wp:featuredmedia":[{"embeddable":true,"href":"https:\/\/www.acrartex.com\/fr\/wp-json\/wp\/v2\/media\/154764"}],"wp:attachment":[{"href":"https:\/\/www.acrartex.com\/fr\/wp-json\/wp\/v2\/media?parent=154755"}],"wp:term":[{"taxonomy":"product_brand","embeddable":true,"href":"https:\/\/www.acrartex.com\/fr\/wp-json\/wp\/v2\/product_brand?post=154755"},{"taxonomy":"product_cat","embeddable":true,"href":"https:\/\/www.acrartex.com\/fr\/wp-json\/wp\/v2\/product_cat?post=154755"},{"taxonomy":"product_tag","embeddable":true,"href":"https:\/\/www.acrartex.com\/fr\/wp-json\/wp\/v2\/product_tag?post=154755"}],"curies":[{"name":"wp","href":"https:\/\/api.w.org\/{rel}","templated":true}]}}