{"id":154617,"date":"2021-03-16T08:10:42","date_gmt":"2021-03-16T13:10:42","guid":{"rendered":"https:\/\/www.acrartex.com\/products\/elt-3000\/"},"modified":"2021-03-16T08:10:42","modified_gmt":"2021-03-16T13:10:42","slug":"elt-3000","status":"publish","type":"product","link":"https:\/\/www.acrartex.com\/fr\/products\/elt-3000\/","title":{"rendered":"ELT 3000"},"content":{"rendered":"<p>Gr\u00e2ce \u00e0 l&#8217;int\u00e9gration transparente des donn\u00e9es de navigation des avions, la latitude et la longitude sont transmises automatiquement toutes les 50 secondes pendant 24 heures sur la fr\u00e9quence de d\u00e9tresse 406 MHz. Cela permet aux secours de localiser pr\u00e9cis\u00e9ment l&#8217;avion quelques minutes apr\u00e8s l&#8217;activation de la balise. <\/p>\n<p>L&#8217; ARTEX ELT 3000 est con\u00e7u pour r\u00e9duire la taille et le poids du syst\u00e8me ELT dans un format simple \u00e0 installer. Pour simplifier l&#8217;installation, l&#8217; ARTEX ELT 3000 utilise une sortie RF unique connect\u00e9e \u00e0 une antenne tribande, r\u00e9duisant ainsi l&#8217;installation \u00e0 un seul c\u00e2ble coaxial.  L&#8217;antenne \u00e0 entr\u00e9e unique et l&#8217;\u00e9limination d&#8217;une interface NAV externe r\u00e9duisent consid\u00e9rablement les co\u00fbts d&#8217;installation.<\/p>\n<p>L&#8217; ELT 3000 ARTEX est compatible avec 406Test.com, le syst\u00e8me exclusif de test de confirmation par satellite en ligne ARTEX . Ce syst\u00e8me exclusif fournit des r\u00e9sultats de test de balise en temps r\u00e9el via les m\u00eames satellites que ceux utilis\u00e9s par les \u00e9quipes de recherche et de sauvetage, garantissant ainsi le bon fonctionnement du syst\u00e8me ELT .  Il y a une raison pour laquelle les ELT ARTEX sont le choix de plus de constructeurs d&#8217;a\u00e9ronefs que tout autre ; ils font confiance \u00e0 ARTEX pour fabriquer des produits de la plus haute qualit\u00e9, sachant qu&#8217;ils sont utilis\u00e9s pour sauver des vies.<\/p>\n<p><strong>Comment fonctionne l&#8217; ARTEX ELT 3000<\/strong><\/p>\n<p>L&#8217; ARTEX ELT 3000 peut \u00eatre activ\u00e9 manuellement (via un interrupteur \u00e0 distance dans le cockpit) ou automatiquement (le G-Switch d\u00e9tecte un impact de 2,3 G ou plus) et alerte l&#8217;organisme de recherche et de sauvetage le plus proche en cas d&#8217;urgence. Le signal de 406 MHz, contenant les coordonn\u00e9es GPS de l&#8217;appareil, est transmis aux satellites Cospas-Sarsat et relay\u00e9 au centre de contr\u00f4le de mission, o\u00f9 il est imm\u00e9diatement achemin\u00e9 vers l&#8217;organisme de recherche et de sauvetage le plus proche. La balise fournira aux premiers intervenants la position exacte \u00e0 100 m\u00e8tres pr\u00e8s. Enfin, les signaux de guidage de 121,5\/243 MHz aident les forces terrestres de recherche et de sauvetage \u00e0 localiser l&#8217;urgence.   <\/p>\n<p><strong>Facilit\u00e9 d&#8217;installation<\/strong><\/p>\n<p>L&#8217; ELT 3000 ARTEX offre une solution de modernisation simple et rapide gr\u00e2ce \u00e0 des options d&#8217;installation flexibles, telles qu&#8217;un commutateur \u00e0 distance \u00e0 deux ou cinq fils, sans alimentation de l&#8217;avion. Gr\u00e2ce \u00e0 sa sortie unique, ELT ELT utilise la m\u00eame sortie RF et un seul c\u00e2ble coaxial pour transmettre les signaux 406 MHz et 121,5\/243 MHz. L&#8217;interface de navigation int\u00e9gr\u00e9e r\u00e9duit le besoin d&#8217;installer une interface externe secondaire, r\u00e9duisant ainsi consid\u00e9rablement les co\u00fbts d&#8217;installation. Deux plateaux de montage sont disponibles. L&#8217;un permet un encombrement minimal, tandis que l&#8217;autre s&#8217;adapte aux installations ELT ARTEX des s\u00e9ries B et C existantes, r\u00e9duisant ainsi encore les co\u00fbts d&#8217;ing\u00e9nierie.    <\/p>\n<p><strong>Caract\u00e9ristiques du produit<\/strong><\/p>\n<ul>\n<li>Le plus petit ELT 406 MHz disponible et le plus l\u00e9ger ELT de qualit\u00e9 transport avec interface ARINC\/ GPS RS232<\/li>\n<li>Emergency Locator Transmitter fixe automatique<\/li>\n<li>Balise de d\u00e9tresse trifr\u00e9quence, signaux de localisation num\u00e9riques 406 MHz et analogiques 121,5\/243 MHz<\/li>\n<li>Activation automatique via un interrupteur G interne<\/li>\n<li>Antenne tri-bande avec connecteur unique et c\u00e2ble vers l&#8217;\u00e9metteur<\/li>\n<li>Entretien et installation faciles<\/li>\n<li>De nombreuses options d&#8217;interrupteurs \u00e0 distance du cockpit sont disponibles<\/li>\n<li>Peut \u00eatre connect\u00e9 au GPS embarqu\u00e9 via l&#8217;interface ARINC429 ou RS232 int\u00e9gr\u00e9e<\/li>\n<li>Les donn\u00e9es GPS sont int\u00e9gr\u00e9es dans la transmission num\u00e9rique, r\u00e9duisant le rayon de recherche \u00e0 100 m\u00e8tres<\/li>\n<li>Couverture mondiale Cospas-Sarsat<\/li>\n<li>Dur\u00e9e de vie de la batterie de 6 ans (rempla\u00e7able)<\/li>\n<li>Version h\u00e9licopt\u00e8re avec G-Switch 5 axes disponible<\/li>\n<li>Compatible avec le syst\u00e8me de test de confirmation par satellite ARTEX 406Test.com<\/li>\n<li>R\u00e9pond aux exigences de la FAA et de l&#8217;EASA<\/li>\n<\/ul>\n<p>Liste des packs ELT<\/p>\n<table style=\"border-collapse: collapse; width: 745pt; border: none;\" width=\"994\">\n<colgroup>\n<col style=\"width: 140pt;\" width=\"187\">\n<col style=\"width: 219pt;\" width=\"292\">\n<col style=\"width: 197pt;\" width=\"263\">\n<col style=\"width: 189pt;\" width=\"252\"> <\/colgroup>\n<tbody>\n<tr style=\"height: 20.0pt;\">\n<td class=\"xl66\" style=\"border: none; height: 20.0pt; width: 140pt; text-align: center; vertical-align: middle; padding-top: 1px; padding-right: 1px; padding-left: 1px;\" width=\"187\" height=\"27\"><\/td>\n<td class=\"xl68\" style=\"border: 0.5pt solid gray; background: #3c404a; width: 219pt; text-align: center; vertical-align: middle; padding-top: 1px; padding-right: 1px; padding-left: 1px;\" width=\"292\"><span style=\"font-size: 11pt;\"><span style=\"color: #b0e40a;\"><span style=\"font-weight: bold;\"><span style=\"font-style: normal;\"><span style=\"text-decoration: none;\"><span style=\"font-family: Calibri,sans-serif;\">Antenne<\/span><\/span><\/span><\/span><\/span><\/span><\/td>\n<td class=\"xl68\" style=\"border: 0.5pt solid gray; background: #3c404a; border-left: none; width: 197pt; text-align: center; vertical-align: middle; padding-top: 1px; padding-right: 1px; padding-left: 1px;\" width=\"263\"><span style=\"font-size: 11pt;\"><span style=\"color: #b0e40a;\"><span style=\"font-weight: bold;\"><span style=\"font-style: normal;\"><span style=\"text-decoration: none;\"><span style=\"font-family: Calibri,sans-serif;\">Interrupteur \u00e0 distance et accessoires<\/span><\/span><\/span><\/span><\/span><\/span><\/td>\n<td class=\"xl67\" style=\"border: none; background: #3c404a; border-left: none; width: 189pt; text-align: center; vertical-align: middle; border-width: 0.5pt; border-style: solid; border-color: gray windowtext gray gray; padding-top: 1px; padding-right: 1px; padding-left: 1px;\" width=\"252\"><span style=\"font-size: 11pt;\"><span style=\"color: #b0e40a;\"><span style=\"font-weight: bold;\"><span style=\"font-style: normal;\"><span style=\"text-decoration: none;\"><span style=\"font-family: Calibri,sans-serif;\">Manuels\/Approbations\/T\u00e9l\u00e9chargements<\/span><\/span><\/span><\/span><\/span><\/span><\/td>\n<\/tr>\n<tr style=\"height: 20.0pt;\">\n<td class=\"xl70\" style=\"border: 0.5pt solid gray; background: #b0e40a; height: 20.0pt; text-align: center; vertical-align: middle; padding-top: 1px; padding-right: 1px; padding-left: 1px;\" height=\"27\"><span style=\"font-size: 11pt;\"><span style=\"font-weight: 400;\"><span style=\"font-style: normal;\"><span style=\"text-decoration: none;\"><span style=\"font-family: Calibri,sans-serif;\">ELT 3000 8221<\/span><\/span><\/span><\/span><\/span><\/td>\n<td class=\"xl69\" style=\"border: none; padding-top: 1px; padding-right: 1px; padding-left: 1px; vertical-align: bottom;\"><span style=\"font-size: 11pt;\"><span style=\"font-weight: 400;\"><span style=\"font-style: normal;\"><span style=\"text-decoration: none;\"><span style=\"font-family: Calibri,sans-serif;\"> <\/span><\/span><\/span><\/span><\/span><\/td>\n<td class=\"xl66\" style=\"border: none; text-align: center; vertical-align: middle; padding-top: 1px; padding-right: 1px; padding-left: 1px;\"><\/td>\n<td class=\"xl66\" style=\"border: none; text-align: center; vertical-align: middle; padding-top: 1px; padding-right: 1px; padding-left: 1px;\"><a href=\"https:\/\/www.dropbox.com\/s\/xbba3p4g5qxvgid\/8221d.pdf?dl=1\"><span style=\"font-size: 11pt;\"><span style=\"font-weight: 400;\"><span style=\"font-style: normal;\"><span style=\"text-decoration: none;\"><span style=\"font-family: Calibri,sans-serif;\">Liste de colisage<\/span><\/span><\/span><\/span><\/span><\/a><\/td>\n<\/tr>\n<tr style=\"height: 20.0pt;\">\n<td class=\"xl70\" style=\"border: 0.5pt solid gray; background: #b0e40a; height: 20.0pt; border-top: none; text-align: center; vertical-align: middle; padding-top: 1px; padding-right: 1px; padding-left: 1px;\" height=\"27\"><span style=\"font-size: 11pt;\"><span style=\"font-weight: 400;\"><span style=\"font-style: normal;\"><span style=\"text-decoration: none;\"><span style=\"font-family: Calibri,sans-serif;\">ELT 3000 8222<\/span><\/span><\/span><\/span><\/span><\/td>\n<td class=\"xl66\" style=\"border: none; text-align: center; vertical-align: middle; padding-top: 1px; padding-right: 1px; padding-left: 1px;\"><\/td>\n<td class=\"xl66\" style=\"border: none; text-align: center; vertical-align: middle; padding-top: 1px; padding-right: 1px; padding-left: 1px;\"><\/td>\n<td class=\"xl66\" style=\"border: none; text-align: center; vertical-align: middle; padding-top: 1px; padding-right: 1px; padding-left: 1px;\"><a href=\"https:\/\/www.dropbox.com\/s\/q04di0l0nlga6ql\/8222b.pdf?dl=1\"><span style=\"font-size: 11pt;\"><span style=\"font-weight: 400;\"><span style=\"font-style: normal;\"><span style=\"text-decoration: none;\"><span style=\"font-family: Calibri,sans-serif;\">Liste de colisage<\/span><\/span><\/span><\/span><\/span><\/a><\/td>\n<\/tr>\n<tr style=\"height: 20.0pt;\">\n<td class=\"xl70\" style=\"border: 0.5pt solid gray; background: #b0e40a; height: 20.0pt; border-top: none; text-align: center; vertical-align: middle; padding-top: 1px; padding-right: 1px; padding-left: 1px;\" height=\"27\"><span style=\"font-size: 11pt;\"><span style=\"font-weight: 400;\"><span style=\"font-style: normal;\"><span style=\"text-decoration: none;\"><span style=\"font-family: Calibri,sans-serif;\">ELT 3000 8223<\/span><\/span><\/span><\/span><\/span><\/td>\n<td class=\"xl66\" style=\"border: none; text-align: center; vertical-align: middle; padding-top: 1px; padding-right: 1px; padding-left: 1px;\"><span style=\"font-size: 11pt;\"><span style=\"font-weight: 400;\"><span style=\"font-style: normal;\"><span style=\"text-decoration: none;\"><span style=\"font-family: Calibri,sans-serif;\">110-338 (blanc) et 110-338-01 (noir)<\/span><\/span><\/span><\/span><\/span><\/td>\n<td class=\"xl66\" style=\"border: none; text-align: center; vertical-align: middle; padding-top: 1px; padding-right: 1px; padding-left: 1px;\"><span style=\"font-size: 11pt;\"><span style=\"font-weight: 400;\"><span style=\"font-style: normal;\"><span style=\"text-decoration: none;\"><span style=\"font-family: Calibri,sans-serif;\">8304<\/span><\/span><\/span><\/span><\/span><\/td>\n<td class=\"xl66\" style=\"border: none; text-align: center; vertical-align: middle; padding-top: 1px; padding-right: 1px; padding-left: 1px;\"><a href=\"https:\/\/www.dropbox.com\/s\/1ugrlpsd9nqpknt\/8223b.pdf?dl=1\"><span style=\"font-size: 11pt;\"><span style=\"font-weight: 400;\"><span style=\"font-style: normal;\"><span style=\"text-decoration: none;\"><span style=\"font-family: Calibri,sans-serif;\">Liste de colisage<\/span><\/span><\/span><\/span><\/span><\/a><\/td>\n<\/tr>\n<tr style=\"height: 20.0pt;\">\n<td class=\"xl70\" style=\"border: 0.5pt solid gray; background: #b0e40a; height: 20.0pt; border-top: none; text-align: center; vertical-align: middle; padding-top: 1px; padding-right: 1px; padding-left: 1px;\" height=\"27\"><span style=\"font-size: 11pt;\"><span style=\"font-weight: 400;\"><span style=\"font-style: normal;\"><span style=\"text-decoration: none;\"><span style=\"font-family: Calibri,sans-serif;\">ELT 3000 8224<\/span><\/span><\/span><\/span><\/span><\/td>\n<td class=\"xl66\" style=\"border: none; text-align: center; vertical-align: middle; padding-top: 1px; padding-right: 1px; padding-left: 1px;\"><span style=\"font-size: 11pt;\"><span style=\"font-weight: 400;\"><span style=\"font-style: normal;\"><span style=\"text-decoration: none;\"><span style=\"font-family: Calibri,sans-serif;\">110-340 et 110-340-01 (bordure de protection)<\/span><\/span><\/span><\/span><\/span><\/td>\n<td class=\"xl66\" style=\"border: none; text-align: center; vertical-align: middle; padding-top: 1px; padding-right: 1px; padding-left: 1px;\"><span style=\"font-size: 11pt;\"><span style=\"font-weight: 400;\"><span style=\"font-style: normal;\"><span style=\"text-decoration: none;\"><span style=\"font-family: Calibri,sans-serif;\">8304<\/span><\/span><\/span><\/span><\/span><\/td>\n<td class=\"xl66\" style=\"border: none; text-align: center; vertical-align: middle; padding-top: 1px; padding-right: 1px; padding-left: 1px;\"><a href=\"https:\/\/www.dropbox.com\/s\/8hg8d7dglsuvqxu\/8224b.pdf?dl=1\"><span style=\"font-size: 11pt;\"><span style=\"font-weight: 400;\"><span style=\"font-style: normal;\"><span style=\"text-decoration: none;\"><span style=\"font-family: Calibri,sans-serif;\">Liste de colisage<\/span><\/span><\/span><\/span><\/span><\/a><\/td>\n<\/tr>\n<\/tbody>\n<\/table>\n","protected":false},"excerpt":{"rendered":"<p>Sans une Emergency Locator Transmitter ( ELT ) \u00e0 bord, vous n&#8217;\u00eates jamais totalement pr\u00e9par\u00e9. L&#8217; ELT 3000\u2122 est un dispositif de s\u00e9curit\u00e9 v\u00e9ritablement int\u00e9gr\u00e9. Sa conception compacte et son interface de navigation facilitent son installation et permettent aux \u00e9quipes de recherche et de sauvetage de toujours localiser votre a\u00e9ronef. De plus, l&#8217;ELT3000 transmet automatiquement votre latitude\/longitude toutes les 50 secondes pendant 24 heures sur la fr\u00e9quence de d\u00e9tresse 406 MHz. Ainsi, les premiers intervenants locaux peuvent localiser l&#8217;a\u00e9ronef avec pr\u00e9cision quelques minutes apr\u00e8s son activation, en cas d&#8217;urgence. Soyez pr\u00eat \u00e0 affronter l&#8217;impr\u00e9visible&nbsp;: \u2013 Activation manuelle et automatique \u2013 Interrupteur \u00e0 distance \u00e0 deux fils \u2013 Installation flexible \u2013 Support de fixation en acier inoxydable \u2013 Interface de navigation int\u00e9gr\u00e9e     <\/p>\n<p><span style=\"color: #3366ff;\"><strong>Ce produit a \u00e9t\u00e9 abandonn\u00e9<\/strong><\/span><\/p>\n<p><a href=\"https:\/\/www.acrartex.com\/survival-products\/406test\"><img decoding=\"async\" style=\"width: 300px; height: 41px;\" src=\"https:\/\/dk2ztu5ooimmu.cloudfront.net\/ckeditor_assets\/pictures\/146\/406Test_with_desc_-_Tag.gif\" alt=\"\"><\/a><\/p>\n","protected":false},"featured_media":154618,"template":"","meta":{"_acf_changed":false,"om_disable_all_campaigns":false},"product_brand":[],"product_cat":[5628,8483,5961],"product_tag":[8113,8114,5633,5641,10080,10078,8861],"class_list":{"0":"post-154617","1":"product","2":"type-product","3":"status-publish","4":"has-post-thumbnail","6":"product_cat-aviation-fr","7":"product_cat-avions-commerciaux","8":"product_cat-jet-daffaires","9":"product_tag-acr-fr","10":"product_tag-artex-fr","11":"product_tag-elt-fr","12":"product_tag-elt-3000-fr","13":"product_tag-elt3000-fr","14":"product_tag-emetteur","15":"product_tag-emetteur-de-localisation-electronique-fr","16":"pa_aircraft-speed-200-350-noeuds","17":"pa_aircraft-speed-350-noeuds","18":"pa_aircraft-type-jets-de-taille-moyenne","19":"pa_aircraft-type-jets-legers","20":"pa_product-heritage","21":"pa_product-solutions-elt","23":"first","24":"outofstock","25":"taxable","26":"shipping-taxable","27":"product-type-simple"},"acf":[],"_links":{"self":[{"href":"https:\/\/www.acrartex.com\/fr\/wp-json\/wp\/v2\/product\/154617","targetHints":{"allow":["GET"]}}],"collection":[{"href":"https:\/\/www.acrartex.com\/fr\/wp-json\/wp\/v2\/product"}],"about":[{"href":"https:\/\/www.acrartex.com\/fr\/wp-json\/wp\/v2\/types\/product"}],"wp:featuredmedia":[{"embeddable":true,"href":"https:\/\/www.acrartex.com\/fr\/wp-json\/wp\/v2\/media\/154618"}],"wp:attachment":[{"href":"https:\/\/www.acrartex.com\/fr\/wp-json\/wp\/v2\/media?parent=154617"}],"wp:term":[{"taxonomy":"product_brand","embeddable":true,"href":"https:\/\/www.acrartex.com\/fr\/wp-json\/wp\/v2\/product_brand?post=154617"},{"taxonomy":"product_cat","embeddable":true,"href":"https:\/\/www.acrartex.com\/fr\/wp-json\/wp\/v2\/product_cat?post=154617"},{"taxonomy":"product_tag","embeddable":true,"href":"https:\/\/www.acrartex.com\/fr\/wp-json\/wp\/v2\/product_tag?post=154617"}],"curies":[{"name":"wp","href":"https:\/\/api.w.org\/{rel}","templated":true}]}}