{"id":154580,"date":"2021-03-16T08:19:40","date_gmt":"2021-03-16T13:19:40","guid":{"rendered":"https:\/\/www.acrartex.com\/products\/antenne-tige-110-320\/"},"modified":"2021-03-16T08:19:40","modified_gmt":"2021-03-16T13:19:40","slug":"antenne-tige-110-320","status":"publish","type":"product","link":"https:\/\/www.acrartex.com\/fr\/products\/antenne-tige-110-320\/","title":{"rendered":"Antenne tige 110-320"},"content":{"rendered":"<p>Un bo\u00eetier robuste en polyester renforc\u00e9 de fibre de verre abrite notre technologie tri-bande innovante, int\u00e9grant les fr\u00e9quences 121,5, 243 et 406 MHz dans un bo\u00eetier compact. Cette antenne hautement performante offre une isolation de 10 dB entre les ports. La CI 317 offre une configuration \u00e0 double connecteur pour les installations n\u00e9cessitant cette configuration. Con\u00e7ue pour satisfaire \u00e0 l&#8217;essai de r\u00e9sistance \u00e0 la flamme Eurocae ED 62.   <\/p>\n<p>Deux mod\u00e8les disponibles :<\/p>\n<ul>\n<li>110-320 (blanc)<\/li>\n<li>110-320-04 (noir)<\/li>\n<\/ul>\n","protected":false},"excerpt":{"rendered":"<p>Tri-bande, double entr\u00e9e, 121,5, 243 et 406 MHz<\/p>\n<p>&nbsp;<\/p>\n","protected":false},"featured_media":154581,"template":"","meta":{"_acf_changed":false,"om_disable_all_campaigns":false},"product_brand":[],"product_cat":[5628],"product_tag":[9958,9963,9961,9962,9959,9960,9957],"class_list":{"0":"post-154580","1":"product","2":"type-product","3":"status-publish","4":"has-post-thumbnail","6":"product_cat-aviation-fr","7":"product_tag-110-fr","8":"product_tag-110-320-fr","9":"product_tag-121-5-fr","10":"product_tag-320-fr","11":"product_tag-antenne-tige","12":"product_tag-double-entree","13":"product_tag-tri-band-fr","15":"first","16":"instock","17":"taxable","18":"shipping-taxable","19":"product-type-simple"},"acf":[],"_links":{"self":[{"href":"https:\/\/www.acrartex.com\/fr\/wp-json\/wp\/v2\/product\/154580","targetHints":{"allow":["GET"]}}],"collection":[{"href":"https:\/\/www.acrartex.com\/fr\/wp-json\/wp\/v2\/product"}],"about":[{"href":"https:\/\/www.acrartex.com\/fr\/wp-json\/wp\/v2\/types\/product"}],"wp:featuredmedia":[{"embeddable":true,"href":"https:\/\/www.acrartex.com\/fr\/wp-json\/wp\/v2\/media\/154581"}],"wp:attachment":[{"href":"https:\/\/www.acrartex.com\/fr\/wp-json\/wp\/v2\/media?parent=154580"}],"wp:term":[{"taxonomy":"product_brand","embeddable":true,"href":"https:\/\/www.acrartex.com\/fr\/wp-json\/wp\/v2\/product_brand?post=154580"},{"taxonomy":"product_cat","embeddable":true,"href":"https:\/\/www.acrartex.com\/fr\/wp-json\/wp\/v2\/product_cat?post=154580"},{"taxonomy":"product_tag","embeddable":true,"href":"https:\/\/www.acrartex.com\/fr\/wp-json\/wp\/v2\/product_tag?post=154580"}],"curies":[{"name":"wp","href":"https:\/\/api.w.org\/{rel}","templated":true}]}}