{"id":154553,"date":"2021-03-16T08:19:54","date_gmt":"2021-03-16T13:19:54","guid":{"rendered":"https:\/\/www.acrartex.com\/products\/megaphone\/"},"modified":"2021-03-16T08:19:54","modified_gmt":"2021-03-16T13:19:54","slug":"megaphone","status":"publish","type":"product","link":"https:\/\/www.acrartex.com\/fr\/products\/megaphone\/","title":{"rendered":"M\u00e9gaphone"},"content":{"rendered":"<p>Les ACR \/EM-1A, ACR \/EM-2BA et ACR \/EM-1D ont \u00e9t\u00e9 con\u00e7us pour minimiser le retour acoustique r\u00e9g\u00e9n\u00e9ratif, source de sifflements et autres oscillations de ce type. Leur angle de projection sonore de 90\u00b0 permet de diriger le son vers les personnes \u00e0 proximit\u00e9 imm\u00e9diate, ainsi que vers l&#8217;arri\u00e8re des avions. La bande passante de l&#8217;amplificateur a \u00e9t\u00e9 s\u00e9lectionn\u00e9e pour une reproduction claire et nette des signaux vocaux. Leur puissance de fonctionnement est \u00e9galement suffisante pour fournir un son ad\u00e9quat dans des conditions de bruit ambiant \u00e9lev\u00e9, sans \u00eatre surpuissant. Leur taille a \u00e9t\u00e9 \u00e9tudi\u00e9e avec soin afin de garantir une utilisation optimale dans un environnement encombr\u00e9. Disponible uniquement chez Kellstrom Aerospace.     <\/p>\n","protected":false},"excerpt":{"rendered":"<p>Les m\u00e9gaphones de s\u00e9curit\u00e9 portables ACR EM-1A, EM-2BA et EM-1D ont \u00e9t\u00e9 con\u00e7us pour minimiser les effets de larsen, qui peuvent provoquer des sifflements et autres sons similaires. Chaque m\u00e9gaphone offre un angle de projection sonore de 90\u00b0, permettant aux personnes \u00e0 proximit\u00e9 imm\u00e9diate, ainsi qu&#8217;\u00e0 celles se trouvant \u00e0 l&#8217;arri\u00e8re d&#8217;un avion, d&#8217;entendre le message. De plus, la bande passante de l&#8217;amplificateur a \u00e9t\u00e9 s\u00e9lectionn\u00e9e pour une reproduction claire et nette des signaux vocaux. Une attention particuli\u00e8re a \u00e9t\u00e9 port\u00e9e \u00e0 la taille du m\u00e9gaphone afin que chaque mod\u00e8le puisse \u00eatre utilis\u00e9 efficacement dans un environnement bond\u00e9.   <\/p>\n<p>&nbsp;<\/p>\n","protected":false},"featured_media":154562,"template":"","meta":{"_acf_changed":false,"om_disable_all_campaigns":false},"product_brand":[],"product_cat":[5628,8483,5961],"product_tag":[9917,9920,9928,9924,9922,9926],"class_list":{"0":"post-154553","1":"product","2":"type-product","3":"status-publish","4":"has-post-thumbnail","6":"product_cat-aviation-fr","7":"product_cat-avions-commerciaux","8":"product_cat-jet-daffaires","9":"product_tag-em-1a-fr","10":"product_tag-em-1d-fr","11":"product_tag-megaphone-fr","12":"product_tag-megaphone-boeing","13":"product_tag-megaphone-pour-laviation-commerciale","14":"product_tag-megaphone-vocal-pour-cabine-davion","15":"pa_aircraft-type-avion-de-ligne","16":"pa_aircraft-type-avions-de-ligne","17":"pa_aircraft-type-jets-de-taille-moyenne","18":"pa_product-megaphones-fr","20":"first","21":"instock","22":"taxable","23":"shipping-taxable","24":"product-type-simple"},"acf":[],"_links":{"self":[{"href":"https:\/\/www.acrartex.com\/fr\/wp-json\/wp\/v2\/product\/154553","targetHints":{"allow":["GET"]}}],"collection":[{"href":"https:\/\/www.acrartex.com\/fr\/wp-json\/wp\/v2\/product"}],"about":[{"href":"https:\/\/www.acrartex.com\/fr\/wp-json\/wp\/v2\/types\/product"}],"wp:featuredmedia":[{"embeddable":true,"href":"https:\/\/www.acrartex.com\/fr\/wp-json\/wp\/v2\/media\/154562"}],"wp:attachment":[{"href":"https:\/\/www.acrartex.com\/fr\/wp-json\/wp\/v2\/media?parent=154553"}],"wp:term":[{"taxonomy":"product_brand","embeddable":true,"href":"https:\/\/www.acrartex.com\/fr\/wp-json\/wp\/v2\/product_brand?post=154553"},{"taxonomy":"product_cat","embeddable":true,"href":"https:\/\/www.acrartex.com\/fr\/wp-json\/wp\/v2\/product_cat?post=154553"},{"taxonomy":"product_tag","embeddable":true,"href":"https:\/\/www.acrartex.com\/fr\/wp-json\/wp\/v2\/product_tag?post=154553"}],"curies":[{"name":"wp","href":"https:\/\/api.w.org\/{rel}","templated":true}]}}