{"id":154538,"date":"2021-03-16T08:19:59","date_gmt":"2021-03-16T13:19:59","guid":{"rendered":"https:\/\/www.acrartex.com\/products\/l8-3\/"},"modified":"2021-03-16T08:19:59","modified_gmt":"2021-03-16T13:19:59","slug":"l8-3","status":"publish","type":"product","link":"https:\/\/www.acrartex.com\/fr\/products\/l8-3\/","title":{"rendered":"L8-3"},"content":{"rendered":"<ul>\n<li>Approuv\u00e9 par la Garde c\u00f4ti\u00e8re pour une utilisation sur les gilets de sauvetage<\/li>\n<li>La combinaison lampe et lentille produit une lumi\u00e8re brillante visible \u00e0 plus de 1 mile<\/li>\n<li>Fonctionne en eau douce ou sal\u00e9e<\/li>\n<li>Fil conducteur de longueur standard 18 pouces (46 cm)&nbsp;; certaines longueurs personnalis\u00e9es sont disponibles (des quantit\u00e9s minimales s&#8217;appliquent)<\/li>\n<li>Batterie activ\u00e9e par l&#8217;eau<\/li>\n<li>La dur\u00e9e de vie op\u00e9rationnelle d\u00e9passe 8 heures<\/li>\n<li>Dur\u00e9e de conservation de 5 ans<\/li>\n<\/ul>\n","protected":false},"excerpt":{"rendered":"<p>La L8-3 est une lampe de sauvetage personnelle activ\u00e9e par l&#8217;eau, homologu\u00e9e par les garde-c\u00f4tes pour une utilisation sur les gilets de sauvetage. L&#8217;ensemble lampe-lentille de la L8-3 produit une lumi\u00e8re puissante, visible \u00e0 plus d&#8217;un kilom\u00e8tre et demi. Cette lampe de sauvetage est \u00e9quip\u00e9e d&#8217;une batterie activ\u00e9e par l&#8217;eau et offre une autonomie de 8 heures une fois d\u00e9clench\u00e9e.  <\/p>\n<p>&nbsp;<\/p>\n","protected":false},"featured_media":154554,"template":"","meta":{"_acf_changed":false,"om_disable_all_campaigns":false},"product_brand":[],"product_cat":[5950,5721,5948,5946],"product_tag":[9902,9918,9887,9893,9911,9899,9913,9909,9910,9905,9912,9896,8041,9908,9888],"class_list":{"0":"post-154538","1":"product","2":"type-product","3":"status-publish","4":"has-post-thumbnail","6":"product_cat-commercial-fr","7":"product_cat-marin-fr","8":"product_cat-offshore-fr","9":"product_cat-pres-du-rivage","10":"product_tag-feu-de-detresse-pour-laviation","11":"product_tag-feu-stroboscopique-durgence","12":"product_tag-feu-stroboscopique-marin","13":"product_tag-feux-de-secours","14":"product_tag-gilet-de-sauvetage-artex","15":"product_tag-gilet-de-sauvetage-lumineux-pour-laviation","16":"product_tag-l8-3-fr","17":"product_tag-lampe-de-secours","18":"product_tag-lumiere-artex","19":"product_tag-lumiere-daviation","20":"product_tag-lumiere-l8","21":"product_tag-lumiere-stroboscopique-de-sauvetage","22":"product_tag-lumieres-stroboscopiques","23":"product_tag-lumieres-stroboscopiques-acr","24":"product_tag-stroboscope-acr","25":"pa_product-heritage","27":"first","28":"outofstock","29":"taxable","30":"shipping-taxable","31":"product-type-simple"},"acf":[],"_links":{"self":[{"href":"https:\/\/www.acrartex.com\/fr\/wp-json\/wp\/v2\/product\/154538","targetHints":{"allow":["GET"]}}],"collection":[{"href":"https:\/\/www.acrartex.com\/fr\/wp-json\/wp\/v2\/product"}],"about":[{"href":"https:\/\/www.acrartex.com\/fr\/wp-json\/wp\/v2\/types\/product"}],"wp:featuredmedia":[{"embeddable":true,"href":"https:\/\/www.acrartex.com\/fr\/wp-json\/wp\/v2\/media\/154554"}],"wp:attachment":[{"href":"https:\/\/www.acrartex.com\/fr\/wp-json\/wp\/v2\/media?parent=154538"}],"wp:term":[{"taxonomy":"product_brand","embeddable":true,"href":"https:\/\/www.acrartex.com\/fr\/wp-json\/wp\/v2\/product_brand?post=154538"},{"taxonomy":"product_cat","embeddable":true,"href":"https:\/\/www.acrartex.com\/fr\/wp-json\/wp\/v2\/product_cat?post=154538"},{"taxonomy":"product_tag","embeddable":true,"href":"https:\/\/www.acrartex.com\/fr\/wp-json\/wp\/v2\/product_tag?post=154538"}],"curies":[{"name":"wp","href":"https:\/\/api.w.org\/{rel}","templated":true}]}}