{"id":154384,"date":"2021-03-16T08:20:39","date_gmt":"2021-03-16T08:20:39","guid":{"rendered":"https:\/\/www.acrartex.com\/products\/radio-de-survie-portable-vhf-sr203\/"},"modified":"2026-01-07T14:33:52","modified_gmt":"2026-01-07T19:33:52","slug":"radio-de-survie-portable-vhf-sr203","status":"publish","type":"product","link":"https:\/\/www.acrartex.com\/fr\/products\/radio-de-survie-portable-vhf-sr203\/","title":{"rendered":"Radio de survie portable VHF SR203"},"content":{"rendered":"<p>L&#8217;\u00e9cran num\u00e9rique et les boutons de commande sont r\u00e9tro\u00e9clair\u00e9s, ce qui simplifie leur utilisation dans des environnements peu \u00e9clair\u00e9s. Une fois activ\u00e9, le SR203 se r\u00e8gle automatiquement sur le canal 16 et dispose d&#8217;un simple bouton d&#8217;appel pour revenir rapidement au canal d&#8217;urgence. La radio VHF portable SR203 b\u00e9n\u00e9ficie d&#8217;une autonomie exceptionnelle de plus de 16 heures (\u00e0 -20 \u00b0C) gr\u00e2ce \u00e0 son \u00e9metteur haute performance con\u00e7u pour maximiser sa dur\u00e9e de vie. La languette de protection innovante permet de fixer la batterie principale \u00e0 la radio en permanence sans risque de perte de charge. La radio est toujours disponible en cas d&#8217;urgence, sans avoir \u00e0 retirer les \u00e9tiquettes de protection. Il suffit de casser la languette de protection rouge pour que la radio soit imm\u00e9diatement pr\u00eate \u00e0 fonctionner sur le canal 16. Pour une utilisation quotidienne, ACR propose une batterie rechargeable au lithium-polym\u00e8re. Le chargeur rapide \u00e0 d\u00e9gagement rapide est la solution id\u00e9ale pour maintenir les batteries compl\u00e8tement charg\u00e9es.       <\/p>\n<ul>\n<li>  \u00c9metteur efficace<\/li>\n<li>  Conception robuste<\/li>\n<li>  La batterie au lithium primaire d\u00e9passe les exigences du SMDSM<\/li>\n<li>  Languette de protection de la batterie<\/li>\n<li>  Piles non dangereuses<\/li>\n<li>  Dur\u00e9e de vie typique de 16 heures<\/li>\n<li>  Kit de batterie rechargeable en option<\/li>\n<li>  Boutons de commande grav\u00e9s au laser<\/li>\n<li>  \u00c9cran num\u00e9rique et clavier \u00e0 contraste \u00e9lev\u00e9\/r\u00e9tro\u00e9clair\u00e9<\/li>\n<li>  21 cha\u00eenes<\/li>\n<\/ul>\n","protected":false},"excerpt":{"rendered":"<p>La radio de survie portable VHF SR203 est un appareil homologu\u00e9 FCC et con\u00e7u pour toutes les applications marines. Son \u00e9cran num\u00e9rique et ses boutons de commande r\u00e9tro\u00e9clair\u00e9s facilitent son utilisation dans l&#8217;obscurit\u00e9. En cas de besoin d&#8217;assistance, la VHF SR203 est facile \u00e0 utiliser. Une fois activ\u00e9e, cette radio de survie se r\u00e8gle automatiquement sur le canal d&#8217;urgence 16 et dispose d&#8217;un bouton d&#8217;appel unique pour envoyer rapidement un message de d\u00e9tresse. La VHF SR203 offre une autonomie de plus de 16 heures et r\u00e9pond \u00e0 toutes les exigences de l&#8217;OMI.    <\/p>\n<p>&nbsp;<\/p>\n<p><strong>Ce produit n&#8217;est pas disponible \u00e0 la vente commerciale.<\/strong><\/p>\n<p>&nbsp;<\/p>\n","protected":false},"featured_media":154385,"template":"","meta":{"_acf_changed":false,"om_disable_all_campaigns":false},"product_brand":[],"product_cat":[5950,5721,5948],"product_tag":[9654,9655,9660,9661,9650,9656,9652,9659,9662,9649,9658,9653,9651,9657],"class_list":{"0":"post-154384","1":"product","2":"type-product","3":"status-publish","4":"has-post-thumbnail","6":"product_cat-commercial-fr","7":"product_cat-marin-fr","8":"product_cat-offshore-fr","9":"product_tag-antenne-radio-vhf-marine","10":"product_tag-avis-sur-les-radios-vhf-marines","11":"product_tag-radio-de-survie-gmdss","12":"product_tag-radio-homologuee-gmdss","13":"product_tag-radio-marine-vhf","14":"product_tag-radio-portative-vhf","15":"product_tag-radio-vhf-fr","16":"product_tag-radio-vhf-gmdss-fr","17":"product_tag-radio-vhf-gmdss-fr-2","18":"product_tag-radio-vhf-marine-fr","19":"product_tag-radio-vhf-marine-portable","20":"product_tag-radios-vhf","21":"product_tag-radios-vhf-marines","22":"product_tag-radios-vhf-marines-a-vendre","23":"pa_boat-size-80-fr","24":"pa_boat-type-cargo","25":"pa_boat-type-location-de-yacht","26":"pa_boat-type-peche-commerciale","27":"pa_boat-type-remorqueur","28":"pa_boat-type-voilier","29":"pa_boat-type-yacht-fr","30":"pa_product-rescue-beacons-vhf-sart-fr","32":"first","33":"instock","34":"taxable","35":"shipping-taxable","36":"product-type-simple"},"acf":[],"_links":{"self":[{"href":"https:\/\/www.acrartex.com\/fr\/wp-json\/wp\/v2\/product\/154384","targetHints":{"allow":["GET"]}}],"collection":[{"href":"https:\/\/www.acrartex.com\/fr\/wp-json\/wp\/v2\/product"}],"about":[{"href":"https:\/\/www.acrartex.com\/fr\/wp-json\/wp\/v2\/types\/product"}],"wp:featuredmedia":[{"embeddable":true,"href":"https:\/\/www.acrartex.com\/fr\/wp-json\/wp\/v2\/media\/154385"}],"wp:attachment":[{"href":"https:\/\/www.acrartex.com\/fr\/wp-json\/wp\/v2\/media?parent=154384"}],"wp:term":[{"taxonomy":"product_brand","embeddable":true,"href":"https:\/\/www.acrartex.com\/fr\/wp-json\/wp\/v2\/product_brand?post=154384"},{"taxonomy":"product_cat","embeddable":true,"href":"https:\/\/www.acrartex.com\/fr\/wp-json\/wp\/v2\/product_cat?post=154384"},{"taxonomy":"product_tag","embeddable":true,"href":"https:\/\/www.acrartex.com\/fr\/wp-json\/wp\/v2\/product_tag?post=154384"}],"curies":[{"name":"wp","href":"https:\/\/api.w.org\/{rel}","templated":true}]}}