{"id":154313,"date":"2021-03-16T08:21:28","date_gmt":"2021-03-16T13:21:28","guid":{"rendered":"https:\/\/www.acrartex.com\/products\/aislink-cb1\/"},"modified":"2021-03-16T08:21:28","modified_gmt":"2021-03-16T13:21:28","slug":"aislink-cb1","status":"publish","type":"product","link":"https:\/\/www.acrartex.com\/fr\/products\/aislink-cb1\/","title":{"rendered":"AISLink CB1"},"content":{"rendered":"<p><strong>Caract\u00e9ristiques:<\/strong><\/p>\n<ul>\n<li>Antenne GPS interne<\/li>\n<li>Approuv\u00e9 dans le monde entier<\/li>\n<li>Faible consommation d&#8217;\u00e9nergie<\/li>\n<li>Installation facile<\/li>\n<li>Mode silencieux<\/li>\n<li>Interfaces multiples<\/li>\n<li>\u00c9tanche (IPx7)<\/li>\n<li>Fr\u00e9quences par d\u00e9faut&nbsp;: AIS 1 \u2013 161,975&nbsp;MHz, AIS 2 \u2013 162,025&nbsp;MHz<\/li>\n<\/ul>\n<p>L&#8217; ACR AISLink CB1 AIS est homologu\u00e9 dans le monde entier. Cet \u00e9metteur-r\u00e9cepteur extr\u00eamement fiable int\u00e8gre de nombreuses fonctionnalit\u00e9s pratiques. Gr\u00e2ce \u00e0 son antenne GPS interne, qui permet l&#8217;utilisation d&#8217;une antenne externe en option, les utilisateurs b\u00e9n\u00e9ficient d&#8217;un gain de temps et d&#8217;espace lors de l&#8217;installation. Sa conception compacte, robuste et \u00e9tanche (certifi\u00e9e IPx7) offre un confort optimal, tout en offrant une faible consommation d&#8217;\u00e9nergie.  <\/p>\n<p>L&#8217;AISLink CB1 dispose \u00e9galement de sorties de donn\u00e9es NMEA0183 et NMEA2000, permettant une interaction fluide avec les syst\u00e8mes de navigation. La possibilit\u00e9 de mettre l&#8217;\u00e9metteur-r\u00e9cepteur en mode silencieux assure confidentialit\u00e9 et s\u00e9curit\u00e9, car les utilisateurs peuvent d\u00e9sactiver la transmission d&#8217;informations d&#8217;identification tout en continuant de voir les transmissions des autres navires \u00e9quip\u00e9s de AIS . <\/p>\n<p>&nbsp;<\/p>\n<p><a href=\"https:\/\/www.youtube.com\/watch?v=Q9f4lPY1wCg&amp;feature=youtu.be\" target=\"_blank\" rel=\"noopener\">Cliquez ici pour regarder la vid\u00e9o d&#8217;installation rapide ACR AISLink CB1<\/a><\/p>\n","protected":false},"excerpt":{"rendered":"<p>Ce produit a \u00e9t\u00e9 abandonn\u00e9 et n&#8217;est plus disponible \u00e0 la vente. Le nouveau <a href=\"https:\/\/www.acrartex.com\/products\/automatic-identification-system-aislink-cb2\/\">AISLink CB2 Classe B+ est d\u00e9sormais disponible. En savoir plus<\/a> . <\/p>\n<p>Les documents de support pour l&#8217;AISLink CB1 sont disponibles dans l&#8217;onglet T\u00e9l\u00e9chargements.<\/p>\n<p><span style=\"color: #3366ff;\"><strong>Ce produit a \u00e9t\u00e9 abandonn\u00e9.<\/strong><\/span><\/p>\n<p>&nbsp;<\/p>\n<p>&nbsp;<\/p>\n","protected":false},"featured_media":154314,"template":"","meta":{"_acf_changed":false,"om_disable_all_campaigns":false},"product_brand":[],"product_cat":[5721,2922],"product_tag":[9558,9560,9556,9563,9562],"class_list":{"0":"post-154313","1":"product","2":"type-product","3":"status-publish","4":"has-post-thumbnail","6":"product_cat-marin-fr","7":"product_cat-non-categorise","8":"product_tag-ais-fr","9":"product_tag-ais-classe-b-fr","10":"product_tag-aislink-fr","11":"product_tag-aislink-classe-b-fr","12":"product_tag-classe-b-fr","13":"pa_product-heritage","15":"first","16":"outofstock","17":"product-type-simple"},"acf":[],"_links":{"self":[{"href":"https:\/\/www.acrartex.com\/fr\/wp-json\/wp\/v2\/product\/154313","targetHints":{"allow":["GET"]}}],"collection":[{"href":"https:\/\/www.acrartex.com\/fr\/wp-json\/wp\/v2\/product"}],"about":[{"href":"https:\/\/www.acrartex.com\/fr\/wp-json\/wp\/v2\/types\/product"}],"wp:featuredmedia":[{"embeddable":true,"href":"https:\/\/www.acrartex.com\/fr\/wp-json\/wp\/v2\/media\/154314"}],"wp:attachment":[{"href":"https:\/\/www.acrartex.com\/fr\/wp-json\/wp\/v2\/media?parent=154313"}],"wp:term":[{"taxonomy":"product_brand","embeddable":true,"href":"https:\/\/www.acrartex.com\/fr\/wp-json\/wp\/v2\/product_brand?post=154313"},{"taxonomy":"product_cat","embeddable":true,"href":"https:\/\/www.acrartex.com\/fr\/wp-json\/wp\/v2\/product_cat?post=154313"},{"taxonomy":"product_tag","embeddable":true,"href":"https:\/\/www.acrartex.com\/fr\/wp-json\/wp\/v2\/product_tag?post=154313"}],"curies":[{"name":"wp","href":"https:\/\/api.w.org\/{rel}","templated":true}]}}