{"id":154289,"date":"2021-03-16T08:21:43","date_gmt":"2021-03-16T13:21:43","guid":{"rendered":"https:\/\/www.acrartex.com\/products\/hydrofix-hru\/"},"modified":"2025-11-26T03:33:14","modified_gmt":"2025-11-26T08:33:14","slug":"hydrofix-hru","status":"publish","type":"product","link":"https:\/\/www.acrartex.com\/fr\/products\/hydrofix-hru\/","title":{"rendered":"HydroFix \u2122 HRU"},"content":{"rendered":"<p>Un syst\u00e8me de tige brevet\u00e9 ne n\u00e9cessite ni batterie, ni lame, ni dispositif pyrotechnique pour lib\u00e9rer la balise. Cet avantage permet un largage rapide, fluide et fiable en cas d&#8217;urgence. <\/p>\n<p>Veuillez noter qu&#8217;il s&#8217;agit d&#8217;un produit dat\u00e9 et qu&#8217;il doit \u00eatre remplac\u00e9 tous les 2 ans \u00e0 compter de la date d&#8217;installation ou 4 ans \u00e0 compter de la date de fabrication.<\/p>\n<ul>\n<li>Facilement rempla\u00e7able<\/li>\n<li>100% test\u00e9 en usine<\/li>\n<li>Num\u00e9ro de brevet : 7 435 148<\/li>\n<\/ul>\n","protected":false},"excerpt":{"rendered":"<p>L&#8217;unit\u00e9 de largage hydrostatique (HRU) HydroFix \u2122 est un syst\u00e8me de tige brevet\u00e9 qui permet de lib\u00e9rer rapidement et efficacement une balise d&#8217;un support de cat\u00e9gorie I lorsqu&#8217;elle est immerg\u00e9e dans l&#8217;eau entre 1,5 et 4 m\u00e8tres (4,9 et 13,1 pieds). Cette unit\u00e9 est compatible avec les supports de balise Sea Shelter \u2122, Sea Shelter \u21222, Sea Shelter \u21223 et Sea Shelter \u21224. <\/p>\n<p>&nbsp;<\/p>\n<h4><span style=\"color: #ff0000;\"><strong>Fi\u00e8rement fabriqu\u00e9 aux \u00c9tats-Unis !<\/strong><\/span><\/h4>\n","protected":false},"featured_media":164501,"template":"","meta":{"_acf_changed":false,"om_disable_all_campaigns":false},"product_brand":[],"product_cat":[6680,5950,5944,5721,5948,5946],"product_tag":[6846,9515,9521,9520,8211,9516,9512,9514,9518,9517,9511,9513,8213,9519],"class_list":{"0":"post-154289","1":"product","2":"type-product","3":"status-publish","4":"has-post-thumbnail","6":"product_cat-accessoires-de-securite","7":"product_cat-commercial-fr","8":"product_cat-interieur","9":"product_cat-marin-fr","10":"product_cat-offshore-fr","11":"product_cat-pres-du-rivage","12":"product_tag-cospas-sarsat-fr","13":"product_tag-declencheur-hydrostatique-hammar-h20","14":"product_tag-deploiement-automatique-epirb","15":"product_tag-epirb-de-categorie-1","16":"product_tag-epirb-montee-sur-cloison","17":"product_tag-hammar-h20-fr","18":"product_tag-hydrofix-fr","19":"product_tag-largage-hydrostatique-de-la-balise-de-detresse","20":"product_tag-largage-hydrostatique-pour-les-balises-de-detresse","21":"product_tag-largage-hydrostatique-pour-rls","22":"product_tag-liberation-hydrostatique","23":"product_tag-liberation-hydrostatique-de-hammar","24":"product_tag-support-a-profil-bas-pour-epirb","25":"product_tag-unite-de-largage-hydrostatique","26":"pa_boat-size-0-20-fr","27":"pa_boat-size-21-40-fr","28":"pa_boat-size-40-80-fr","29":"pa_boat-size-80-fr","30":"pa_boat-type-bateau-a-moteur","31":"pa_boat-type-cargo","32":"pa_boat-type-location-de-yacht","33":"pa_boat-type-peche-commerciale","34":"pa_boat-type-remorqueur","35":"pa_boat-type-sportcraft-fr","36":"pa_boat-type-voilier","37":"pa_boat-type-yacht-fr","38":"pa_product-accessoires-de-securite","39":"pa_product-rescue-beacons-fr","40":"pa_product-rescue-beacons-vhf-sart-fr","42":"first","43":"instock","44":"taxable","45":"shipping-taxable","46":"purchasable","47":"product-type-simple"},"acf":[],"_links":{"self":[{"href":"https:\/\/www.acrartex.com\/fr\/wp-json\/wp\/v2\/product\/154289","targetHints":{"allow":["GET"]}}],"collection":[{"href":"https:\/\/www.acrartex.com\/fr\/wp-json\/wp\/v2\/product"}],"about":[{"href":"https:\/\/www.acrartex.com\/fr\/wp-json\/wp\/v2\/types\/product"}],"wp:featuredmedia":[{"embeddable":true,"href":"https:\/\/www.acrartex.com\/fr\/wp-json\/wp\/v2\/media\/164501"}],"wp:attachment":[{"href":"https:\/\/www.acrartex.com\/fr\/wp-json\/wp\/v2\/media?parent=154289"}],"wp:term":[{"taxonomy":"product_brand","embeddable":true,"href":"https:\/\/www.acrartex.com\/fr\/wp-json\/wp\/v2\/product_brand?post=154289"},{"taxonomy":"product_cat","embeddable":true,"href":"https:\/\/www.acrartex.com\/fr\/wp-json\/wp\/v2\/product_cat?post=154289"},{"taxonomy":"product_tag","embeddable":true,"href":"https:\/\/www.acrartex.com\/fr\/wp-json\/wp\/v2\/product_tag?post=154289"}],"curies":[{"name":"wp","href":"https:\/\/api.w.org\/{rel}","templated":true}]}}