{"id":154237,"date":"2021-03-16T08:21:51","date_gmt":"2021-03-16T13:21:51","guid":{"rendered":"https:\/\/www.acrartex.com\/products\/balise-de-epirb-globalfix-pro\/"},"modified":"2021-03-16T08:21:51","modified_gmt":"2021-03-16T13:21:51","slug":"balise-de-epirb-globalfix-pro","status":"publish","type":"product","link":"https:\/\/www.acrartex.com\/fr\/products\/balise-de-epirb-globalfix-pro\/","title":{"rendered":"Balise de EPIRB GlobalFix \u2122 PRO"},"content":{"rendered":"<p><a href=\"https:\/\/www.acrartex.com\/products\/globalfix-v5-ais-epirb\/\"><b><i>View les mises \u00e0 niveau de produit disponibles<\/i><\/b><\/a><\/p>\n<p>Le GlobalFix \u2122 PRO diffuse un signal de d\u00e9tresse unique et enregistr\u00e9 qui indique aux sauveteurs non seulement o\u00f9 vous \u00eates, mais aussi qui vous \u00eates. Le GPS interne s&#8217;active automatiquement et acquiert votre position d\u00e8s son activation, puis utilise un puissant signal de 406 MHz pour relayer votre appel de d\u00e9tresse aux satellites en orbite. Lors du d\u00e9ploiement des \u00e9quipes de recherche et de sauvetage locales, un signal de guidage distinct et un flash LED int\u00e9gr\u00e9 guident les sauveteurs vers votre position exacte.  <\/p>\n<p>&nbsp;<\/p>\n<p>Compact et robuste, le GlobalFix \u2122 PRO int\u00e8gre plus de 53 ans de technologie vitale. Un auto-test fonctionnel complet des circuits internes du GlobalFix \u2122 PRO, de la tension et de la puissance de la batterie, ainsi que de la transmission 406 MHz, vous assure une tranquillit\u00e9 d&#8217;esprit&nbsp;: votre EPIRB fonctionnera au moment opportun. Exclusivit\u00e9 ACR&nbsp;: le mode de test d&#8217;acquisition GPS int\u00e9gr\u00e9 vous permet de tester le r\u00e9cepteur GPS interne pour vous assurer de son bon fonctionnement.  <\/p>\n<p>&nbsp;<\/p>\n<p>Exploitez la m\u00eame technologie de sauvetage test\u00e9e sur le terrain utilis\u00e9e par l&#8217;arm\u00e9e am\u00e9ricaine, les garde-c\u00f4tes, l&#8217;OTAN, les forces sp\u00e9ciales et les explorateurs de l&#8217;Arctique.<\/p>\n<p>&nbsp;<\/p>\n<p>GlobalFix \u2122 PRO offre la toute derni\u00e8re technologie \u00e9lectronique de sauvetage en mer :<\/p>\n<ul>\n<li>Stroboscope LED tr\u00e8s visible \u2013 \u00c9conome en \u00e9nergie<\/li>\n<li>GPS interne 66 canaux \u2013 D\u00e9marrage \u00e0 froid rapide<\/li>\n<li>Haute efficacit\u00e9 \u2013 Des performances sur lesquelles vous pouvez compter<\/li>\n<li>Piles non dangereuses \u2013 Pas de tracas d&#8217;exp\u00e9dition<\/li>\n<li>Conception de qualit\u00e9 professionnelle \u2013 Con\u00e7u, test\u00e9 et construit pour des ann\u00e9es d&#8217;utilisation marine abusive<\/li>\n<li>Conception ergonomique et compacte&nbsp;; la plus petite balise EPIRB riche en fonctionnalit\u00e9s disponible<\/li>\n<\/ul>\n<p>&nbsp;<\/p>\n<p>Si vous l&#8217;utilisez, nous la remplacerons <a href=\"http:\/\/www.survivorclub.com\/\">gratuitement<\/a> . Soumettez simplement votre histoire, renvoyez-nous votre balise usag\u00e9e pour qu&#8217;elle soit ajout\u00e9e \u00e0 notre Mur des c\u00e9l\u00e9brit\u00e9s et nous vous enverrons une balise neuve de valeur \u00e9gale ou sup\u00e9rieure. <\/p>\n","protected":false},"excerpt":{"rendered":"<p>#RestezEnS\u00e9curit\u00e9Avec la balise de localisation d&#8217;urgence ( EPIRB ) GlobalFix \u2122 PRO. Cette balise est \u00e9quip\u00e9e d&#8217;un GPS interne qui transmet rapidement et pr\u00e9cis\u00e9ment votre position \u00e0 un r\u00e9seau mondial de satellites de recherche et de sauvetage, en cas d&#8217;urgence maritime. Partez l&#8217;esprit tranquille \u00e0 chaque fois que vous \u00eates en mer&nbsp;: la EPIRB GlobalFix PRO simplifie syst\u00e9matiquement les recherches.  <\/p>\n<p><span style=\"color: #3366ff;\"><strong>Ce produit a \u00e9t\u00e9 mis \u00e0 niveau. <a href=\"https:\/\/www.acrartex.com\/products\/globalfix-v5-ais-epirb\/\">Cliquez ici<\/a> pour voir les mises \u00e0 niveau disponibles.<\/strong><\/span><\/p>\n<p>&nbsp;<\/p>\n","protected":false},"featured_media":154238,"template":"","meta":{"_acf_changed":false,"om_disable_all_campaigns":false},"product_brand":[],"product_cat":[5721],"product_tag":[9450,9452,9448,6249,5725,9306,5735,5729,9444,9442,9446,5723],"class_list":{"0":"post-154237","1":"product","2":"type-product","3":"status-publish","4":"has-post-thumbnail","6":"product_cat-marin-fr","7":"product_tag-2842-fr","8":"product_tag-2844-fr","9":"product_tag-acr-globalfix-pro-fr","10":"product_tag-balise","11":"product_tag-balise-de-detresse","12":"product_tag-balise-radio-de-localisation-des-sinistres","13":"product_tag-correctif-global","14":"product_tag-globalfix-fr","15":"product_tag-globalfix-pro-fr","16":"product_tag-pro-fr","17":"product_tag-rlb-37-fr","18":"product_tag-rls-fr","19":"pa_product-heritage","21":"first","22":"outofstock","23":"taxable","24":"shipping-taxable","25":"product-type-variable"},"acf":[],"_links":{"self":[{"href":"https:\/\/www.acrartex.com\/fr\/wp-json\/wp\/v2\/product\/154237","targetHints":{"allow":["GET"]}}],"collection":[{"href":"https:\/\/www.acrartex.com\/fr\/wp-json\/wp\/v2\/product"}],"about":[{"href":"https:\/\/www.acrartex.com\/fr\/wp-json\/wp\/v2\/types\/product"}],"wp:featuredmedia":[{"embeddable":true,"href":"https:\/\/www.acrartex.com\/fr\/wp-json\/wp\/v2\/media\/154238"}],"wp:attachment":[{"href":"https:\/\/www.acrartex.com\/fr\/wp-json\/wp\/v2\/media?parent=154237"}],"wp:term":[{"taxonomy":"product_brand","embeddable":true,"href":"https:\/\/www.acrartex.com\/fr\/wp-json\/wp\/v2\/product_brand?post=154237"},{"taxonomy":"product_cat","embeddable":true,"href":"https:\/\/www.acrartex.com\/fr\/wp-json\/wp\/v2\/product_cat?post=154237"},{"taxonomy":"product_tag","embeddable":true,"href":"https:\/\/www.acrartex.com\/fr\/wp-json\/wp\/v2\/product_tag?post=154237"}],"curies":[{"name":"wp","href":"https:\/\/api.w.org\/{rel}","templated":true}]}}