{"id":154159,"date":"2021-03-16T08:12:35","date_gmt":"2021-03-16T08:12:35","guid":{"rendered":"https:\/\/www.acrartex.com\/products\/b406-4\/"},"modified":"2026-01-06T09:38:04","modified_gmt":"2026-01-06T14:38:04","slug":"b406-4","status":"publish","type":"product","link":"https:\/\/www.acrartex.com\/fr\/products\/b406-4\/","title":{"rendered":"B406-4"},"content":{"rendered":"<p>L&#8217;Artex B406-4 \u00e9met sur les trois fr\u00e9quences d&#8217;urgence (121,5\/243,0 et 406 MHz). En cas de collision, l&#8217; ELT s&#8217;active automatiquement et \u00e9met la tonalit\u00e9 balay\u00e9e standard sur 121,5 et 243,0 MHz. Toutes les 50 secondes pendant 520 millisecondes (protocole de message long), l&#8217;\u00e9metteur 406 MHz s&#8217;active et transmet un message num\u00e9rique cod\u00e9 au syst\u00e8me satellite Cospas\/Sarsat. L&#8217; ELT peut \u00eatre programm\u00e9 avec l&#8217;adresse 24 bits de l&#8217;avion ainsi qu&#8217;avec les informations de latitude et de longitude du syst\u00e8me de navigation de l&#8217;avion lorsqu&#8217;il est utilis\u00e9 avec l&#8217;interface Artex ELT \/NAV -B (r\u00e9f. 453-6501). Le B406-4 est con\u00e7u pour interagir avec le syst\u00e8me d&#8217;alerte principal de Boeing, en conjonction avec le panneau de commande du cockpit DZUS. Le mat\u00e9riel de montage du B406-4 est compatible avec toutes les versions pr\u00e9c\u00e9dentes des ELT Artex 406 MHz.     <\/p>\n<p>&nbsp;<\/p>\n<p>Les ELT ARTEX sont le choix des avions commerciaux, notamment Boeing, Bombardier et Embraer.<\/p>\n","protected":false},"excerpt":{"rendered":"<p>Le B406-4 a \u00e9t\u00e9 modifi\u00e9 pour s&#8217;interfacer avec le syst\u00e8me Master Caution de Boeing en conjonction avec le panneau de commande \u00e0 distance du cockpit mont\u00e9 sur DZUS (P\/N 453-0161) pour le B737 et est en outre approuv\u00e9 pour une utilisation sur tous les mod\u00e8les B747, B757, B767 et B777.<\/p>\n","protected":false},"featured_media":154180,"template":"","meta":{"_acf_changed":false,"om_disable_all_campaigns":false},"product_brand":[],"product_cat":[5628,8483],"product_tag":[8493,8822,8944,8114,8495,9423,9424,6518,6515,9408,9009,9406,9411,6512,6520,6517,9410,9419,9421,9425,6846,8491,9412,9422,9413,6507,9415,9426,9414],"class_list":{"0":"post-154159","1":"product","2":"type-product","3":"status-publish","4":"has-post-thumbnail","6":"product_cat-aviation-fr","7":"product_cat-avions-commerciaux","8":"product_tag-1215-elt-fr","9":"product_tag-406-elt-fr","10":"product_tag-406-mhz-elt-fr","11":"product_tag-artex-fr","12":"product_tag-artex-110-4-fr","13":"product_tag-artex-b406-fr","14":"product_tag-artex-b406-elt-fr","15":"product_tag-artex-c406-fr","16":"product_tag-artex-c406-1-fr","17":"product_tag-artex-c406-2-fr","18":"product_tag-artex-elt-fr","19":"product_tag-artex-elt-110-4-fr","20":"product_tag-artex-elt-406-fr","21":"product_tag-artex-me-406-fr","22":"product_tag-artex-me-406-elt-fr","23":"product_tag-artex-me406-fr","24":"product_tag-artex-net-fr","25":"product_tag-b406-fr","26":"product_tag-b406-elt-fr","27":"product_tag-cospas-fr","28":"product_tag-cospas-sarsat-fr","29":"product_tag-elt-1215-fr","30":"product_tag-elt-406-fr","31":"product_tag-elt-b406-fr","32":"product_tag-localisateur-elt","33":"product_tag-moi-406-elt","34":"product_tag-sarsat-fr","35":"product_tag-sarsat-cospas-fr","36":"product_tag-testeur-elt-artex","37":"pa_aircraft-type-avion-de-ligne","38":"pa_aircraft-type-avions-de-ligne","39":"pa_aircraft-type-gros-jets","40":"pa_aircraft-type-jets-de-taille-moyenne","41":"pa_aircraft-type-jets-legers","42":"pa_product-solutions-elt","44":"first","45":"instock","46":"taxable","47":"shipping-taxable","48":"product-type-simple"},"acf":[],"_links":{"self":[{"href":"https:\/\/www.acrartex.com\/fr\/wp-json\/wp\/v2\/product\/154159","targetHints":{"allow":["GET"]}}],"collection":[{"href":"https:\/\/www.acrartex.com\/fr\/wp-json\/wp\/v2\/product"}],"about":[{"href":"https:\/\/www.acrartex.com\/fr\/wp-json\/wp\/v2\/types\/product"}],"wp:featuredmedia":[{"embeddable":true,"href":"https:\/\/www.acrartex.com\/fr\/wp-json\/wp\/v2\/media\/154180"}],"wp:attachment":[{"href":"https:\/\/www.acrartex.com\/fr\/wp-json\/wp\/v2\/media?parent=154159"}],"wp:term":[{"taxonomy":"product_brand","embeddable":true,"href":"https:\/\/www.acrartex.com\/fr\/wp-json\/wp\/v2\/product_brand?post=154159"},{"taxonomy":"product_cat","embeddable":true,"href":"https:\/\/www.acrartex.com\/fr\/wp-json\/wp\/v2\/product_cat?post=154159"},{"taxonomy":"product_tag","embeddable":true,"href":"https:\/\/www.acrartex.com\/fr\/wp-json\/wp\/v2\/product_tag?post=154159"}],"curies":[{"name":"wp","href":"https:\/\/api.w.org\/{rel}","templated":true}]}}