{"id":153804,"date":"2021-03-16T08:09:24","date_gmt":"2021-03-16T13:09:24","guid":{"rendered":"https:\/\/www.acrartex.com\/products\/epirb-globalfix-v4\/"},"modified":"2025-09-08T12:11:37","modified_gmt":"2025-09-08T17:11:37","slug":"epirb-globalfix-v4","status":"publish","type":"product","link":"https:\/\/www.acrartex.com\/fr\/products\/epirb-globalfix-v4\/","title":{"rendered":"EPIRB GlobalFix \u2122 V4"},"content":{"rendered":"<p>Le GlobalFIX\u2122 V4 est une EPIRB compl\u00e8te dot\u00e9e d&#8217;une \u00e9lectronique haute performance pour des performances fiables, notamment un GPS interne \u00e0 66 canaux pour une acquisition plus rapide d\u00e8s le d\u00e9marrage \u00e0 froid. Un cache de protection du clavier pr\u00e9vient les fausses activations et la batterie rempla\u00e7able par l&#8217;utilisateur est garantie 10 ans. <\/p>\n<p>Il dispose de deux autotests fonctionnels pour surveiller la transmission, l&#8217;alimentation et les performances de la batterie, ainsi que l&#8217;acquisition GPS la balise. Associez ces tests au portail de test optionnel 406Link.com d&#8217; ACR (disponible uniquement en Am\u00e9rique) et recevez des messages de confirmation satellite directement sur votre t\u00e9l\u00e9phone portable ou par e-mail. <\/p>\n<p>GlobalFIX\u2122 V4 offre la toute derni\u00e8re technologie de sauvetage \u00e9lectronique en mer :<\/p>\n<ul>\n<li>Stroboscope LED tr\u00e8s visible \u2013 \u00c9conome en \u00e9nergie<\/li>\n<li>GPS interne \u00e0 66 canaux \u2013 Acquisition plus rapide \u00e0 partir d&#8217;un d\u00e9marrage \u00e0 froid<\/li>\n<li>\u00c9lectronique \u00e0 haut rendement \u2013 Des performances sur lesquelles vous pouvez compter<\/li>\n<li>Batterie rempla\u00e7able par l&#8217;utilisateur \u2013 dur\u00e9e de vie de la batterie de 10 ans<\/li>\n<li>Conception de qualit\u00e9 professionnelle \u2013 Con\u00e7u, test\u00e9 et construit pour des ann\u00e9es d&#8217;utilisation dans des environnements difficiles<\/li>\n<li>Activation manuelle simple \u2013 Clavier avec couvercle de protection pour \u00e9viter les fausses alarmes<\/li>\n<\/ul>\n","protected":false},"excerpt":{"rendered":"<p>Lorsque vous partez en aventure en bateau, il est important d&#8217;avoir un \u00e9quipement de s\u00e9curit\u00e9 fiable. Dot\u00e9e d&#8217;une \u00e9lectronique haute performance et performante, la balise de localisation d&#8217;urgence ( EPIRB GlobalFix \u2122 V4 GP offre une protection fiable en cas d&#8217;urgence. En cas d&#8217;impr\u00e9vu, cette EPIRB transmettra votre position \u00e0 un vaste r\u00e9seau de satellites de recherche et de sauvetage, permettant ainsi aux premiers secours locaux de vous ramener plus facilement chez vous.  <\/p>\n<p><strong>\u00ab D\u00e9couvrez ces solutions EPIRB disponibles ! \u00bb<\/strong><\/p>\n<ul>\n<li><a href=\"https:\/\/www.acrartex.com\/products\/globalfix-v5-ais-epirb\/\">GlobalFix V5, EPIRB AIS nouvelle g\u00e9n\u00e9ration<\/a><\/li>\n<li><a href=\"https:\/\/www.acrartex.com\/products\/rescueme-epirb1\/\">Ocean Signal EPIRB1, EPIRB 406 MHz<\/a><\/li>\n<li><a href=\"https:\/\/www.acrartex.com\/products\/ocean-signal-epirb1-pro\/\">Ocean Signal EPIRB1 Pro, EPIRB 406 MHz<\/a><\/li>\n<\/ul>\n<p>&nbsp;<\/p>\n<p><a href=\"https:\/\/www.dropbox.com\/s\/ya5dlsufoa2xsk9\/ACR%20-%20EPIRB%20-%20Comparison%20Chart.pdf?dl=1\" target=\"_blank\" rel=\"noopener\">Lequel dois-je acheter ?<\/a><\/p>\n<p>&nbsp;<\/p>\n<p><a href=\"https:\/\/www.acrartex.com\/products\/406link-beacon-self-testing-service\/\"><img loading=\"lazy\" decoding=\"async\" class=\"alignnone\" style=\"width: 300px; height: 41px;\" src=\"\/\/dk2ztu5ooimmu.cloudfront.net\/ckeditor_assets\/pictures\/143\/406Link_with_desc_-_Tag.gif\" alt=\"\" width=\"641\" height=\"88\"><\/a><\/p>\n","protected":false},"featured_media":153826,"template":"","meta":{"_acf_changed":false,"om_disable_all_campaigns":false},"product_brand":[],"product_cat":[5950,5967,5944,5721,5943,5948,5946],"product_tag":[5725,9316,9314,9306,9302,9312,9310,5727,5729,9300,9298,5754,9318,9304,9296,9308,5723],"class_list":{"0":"post-153804","1":"product","2":"type-product","3":"status-publish","4":"has-post-thumbnail","6":"product_cat-commercial-fr","7":"product_cat-forces-navales","8":"product_cat-interieur","9":"product_cat-marin-fr","10":"product_cat-militaire","11":"product_cat-offshore-fr","12":"product_cat-pres-du-rivage","13":"product_tag-balise-de-detresse","14":"product_tag-balise-de-detresse-fr","15":"product_tag-balise-de-sauvetage","16":"product_tag-balise-radio-de-localisation-des-sinistres","17":"product_tag-balises-de-detresse","18":"product_tag-batterie-remplacable-par-lutilisateur-epirb","19":"product_tag-epirb-avec-gps","20":"product_tag-global-fr","21":"product_tag-globalfix-fr","22":"product_tag-globalfix-epirb-fr","23":"product_tag-globalfix-v4-fr","24":"product_tag-gpirb-fr","25":"product_tag-gpirb-fr-2","26":"product_tag-gps-rls","27":"product_tag-marin-fr","28":"product_tag-radiobalises-de-localisation-des-sinistres","29":"product_tag-rls-fr","30":"pa_activity-peche","31":"pa_boat-size-0-20-fr","32":"pa_boat-size-21-40-fr","33":"pa_boat-size-40-80-fr","34":"pa_boat-size-80-fr","35":"pa_boat-type-bateau-a-moteur","36":"pa_boat-type-cargo","37":"pa_boat-type-location-de-yacht","38":"pa_boat-type-peche-commerciale","39":"pa_boat-type-remorqueur","40":"pa_boat-type-sportcraft-fr","41":"pa_boat-type-voilier","42":"pa_boat-type-yacht-fr","43":"pa_product-heritage","45":"first","46":"outofstock","47":"taxable","48":"shipping-taxable","49":"product-type-variable","50":"has-default-attributes"},"acf":[],"_links":{"self":[{"href":"https:\/\/www.acrartex.com\/fr\/wp-json\/wp\/v2\/product\/153804","targetHints":{"allow":["GET"]}}],"collection":[{"href":"https:\/\/www.acrartex.com\/fr\/wp-json\/wp\/v2\/product"}],"about":[{"href":"https:\/\/www.acrartex.com\/fr\/wp-json\/wp\/v2\/types\/product"}],"wp:featuredmedia":[{"embeddable":true,"href":"https:\/\/www.acrartex.com\/fr\/wp-json\/wp\/v2\/media\/153826"}],"wp:attachment":[{"href":"https:\/\/www.acrartex.com\/fr\/wp-json\/wp\/v2\/media?parent=153804"}],"wp:term":[{"taxonomy":"product_brand","embeddable":true,"href":"https:\/\/www.acrartex.com\/fr\/wp-json\/wp\/v2\/product_brand?post=153804"},{"taxonomy":"product_cat","embeddable":true,"href":"https:\/\/www.acrartex.com\/fr\/wp-json\/wp\/v2\/product_cat?post=153804"},{"taxonomy":"product_tag","embeddable":true,"href":"https:\/\/www.acrartex.com\/fr\/wp-json\/wp\/v2\/product_tag?post=153804"}],"curies":[{"name":"wp","href":"https:\/\/api.w.org\/{rel}","templated":true}]}}