{"id":153588,"date":"2021-03-16T08:09:00","date_gmt":"2021-03-16T13:09:00","guid":{"rendered":"https:\/\/www.acrartex.com\/products\/elt-345\/"},"modified":"2021-03-16T08:09:00","modified_gmt":"2021-03-16T13:09:00","slug":"elt-345","status":"publish","type":"product","link":"https:\/\/www.acrartex.com\/fr\/products\/elt-345\/","title":{"rendered":"ELT 345"},"content":{"rendered":"<p><span style=\"font-size: 10pt;\">L&#8217; ARTEX ELT 345 peut \u00eatre activ\u00e9 manuellement (via un interrupteur \u00e0 distance du poste de pilotage ou un interrupteur ELT ) ou automatiquement (le G-Switch d\u00e9tecte un impact de 2,3 G ou plus). Il \u00e9met un signal num\u00e9rique unique sur la fr\u00e9quence de d\u00e9tresse 406 MHz, alertant ainsi l&#8217;organisme de recherche et de sauvetage le plus proche de votre situation d&#8217;urgence. Ce signal 406 MHz, contenant vos coordonn\u00e9es GPS , est transmis aux satellites Cospas-Sarsat et relay\u00e9 au centre de contr\u00f4le de mission, o\u00f9 il est imm\u00e9diatement achemin\u00e9 vers l&#8217;organisme de recherche et de sauvetage le plus proche. L&#8217;enregistrement de votre balise indiquera <b><u>votre<\/u><\/b> identit\u00e9 aux premiers secours, et la balise elle-m\u00eame leur indiquera votre <b><u>position<\/u><\/b> \u00e0 100 m\u00e8tres pr\u00e8s. Enfin, le signal de radioguidage local 121,5 MHz aide les organismes de recherche et de sauvetage \u00e0 d\u00e9terminer votre position exacte.   <\/span><\/p>\n<p>&nbsp;<\/p>\n<p style=\"margin: 0in 0in 0.0001pt;\"><span style=\"font-size: 10pt;\"><b>Facilit\u00e9 d&#8217;installation<\/b><br \/>\n<\/span><\/p>\n<p>&nbsp;<\/p>\n<p style=\"margin: 0in 0in 0.0001pt;\"><span style=\"font-size: 10pt;\">L&#8217; ELT 345 ARTEX offre une solution de modernisation simple et rapide gr\u00e2ce \u00e0 des options d&#8217;installation flexibles, telles que notre commutateur \u00e0 distance \u00e0 deux fils standard ou compact, qui ne n\u00e9cessite aucune alimentation de l&#8217;avion. ELT 345 utilise la m\u00eame sortie RF avec un seul c\u00e2ble coaxial pour transmettre les signaux 406 MHz et 121,5 MHz via nos antennes fouet de 15 ou 23 pouces. L&#8217;interface de navigation int\u00e9gr\u00e9e ne n\u00e9cessite pas l&#8217;alimentation de l&#8217;avion pour fonctionner, ce qui r\u00e9duit consid\u00e9rablement les co\u00fbts d&#8217;installation. Le support de montage en acier inoxydable \u00e0 plusieurs trous facilite et acc\u00e9l\u00e8re le remplacement des anciens ELT ARTEX ou des ELT ACK, Kannad et AmeriKing.   <\/span><\/p>\n<p>&nbsp;<\/p>\n<p style=\"margin: 0in 0in 0.0001pt;\"><span style=\"font-size: 10pt;\"><b>Kits ELT 345<\/b><\/span><\/p>\n<p>&nbsp;<\/p>\n<p style=\"margin: 0in 0in 0.0001pt;\"><span style=\"font-size: 10pt;\">Trois kits complets sont d\u00e9sormais disponibles pour permettre aux utilisateurs d&#8217;acc\u00e9der \u00e0 l&#8217; ELT 345, l&#8217; ELT le plus populaire au monde. Chaque option comprend un interrupteur \u00e0 distance \u00e0 2 fils, un c\u00e2ble coaxial, une antenne et ELT kit d&#8217;installation.  La principale diff\u00e9rence entre les kits r\u00e9side dans l&#8217;antenne et\/ou le commutateur. Notre option la plus \u00e9conomique (r\u00e9f\u00e9rence 8102) est fournie avec notre antenne fouet noire standard et un commutateur \u00e0 distance standard \u00e0 2 fils. Les deux autres kits incluent une antenne plus discr\u00e8te avec une antenne fouet noire, con\u00e7ue pour les installations n\u00e9cessitant un format plus compact. Enfin, si les kits 8102 et 8107 incluent le commutateur \u00e0 distance standard \u00e0 2 fils, le kit 8108 est \u00e9quip\u00e9 d&#8217;un nouveau commutateur \u00e0 profil fin. Ce dernier est id\u00e9al pour les mises \u00e0 niveau ELT ACK et Ameri-King, car il ne n\u00e9cessite aucune modification de la d\u00e9coupe du panneau de commutation lors du remplacement d&#8217;un ancien commutateur \u00e0 cordon t\u00e9l\u00e9phonique. De plus, ce commutateur fin ne n\u00e9cessite pas de piles et fonctionne via une connectivit\u00e9 \u00e0 2 fils pour un fonctionnement fiable du panneau de commande du cockpit.     <\/span><\/p>\n<p>&nbsp;<\/p>\n<table class=\"Table\" style=\"border-collapse: collapse; border: solid windowtext 1.0pt;\">\n<tbody>\n<tr>\n<td style=\"border: solid windowtext 1.0pt; background: black; width: 99.9pt; padding: 0in 5.4pt 0in 5.4pt;\" width=\"133\">\n<p style=\"margin: 0in 0in 0.0001pt;\"><span style=\"font-size: 10pt;\"><span style=\"color: white;\">Num\u00e9ro de pi\u00e8ce<\/span> ARTEX<\/span><\/p>\n<\/td>\n<td style=\"border: solid windowtext 1.0pt; background: black; width: 120.4pt; border-left: none; padding: 0in 5.4pt 0in 5.4pt;\" width=\"161\">\n<p style=\"margin: 0in 0in 0.0001pt;\"><span style=\"font-size: 10pt;\"><span style=\"color: white;\">Description du produit<\/span><\/span><\/p>\n<\/td>\n<td style=\"border: solid windowtext 1.0pt; background: black; width: 110.15pt; border-left: none; padding: 0in 5.4pt 0in 5.4pt;\" width=\"147\">\n<p style=\"margin: 0in 0in 0.0001pt;\"><span style=\"font-size: 10pt;\"><span style=\"color: white;\">Antenne incluse<\/span><\/span><\/p>\n<\/td>\n<td style=\"border: solid windowtext 1.0pt; background: black; width: 110.15pt; border-left: none; padding: 0in 5.4pt 0in 5.4pt;\" width=\"147\">\n<p style=\"margin: 0in 0in 0.0001pt;\"><span style=\"font-size: 10pt;\"><span style=\"color: white;\">Interrupteur \u00e0 distance inclus<\/span><\/span><\/p>\n<\/td>\n<\/tr>\n<tr>\n<td style=\"border: solid windowtext 1.0pt; width: 99.9pt; border-top: none; padding: 0in 5.4pt 0in 5.4pt;\" width=\"133\">\n<p style=\"margin: 0in 0in 0.0001pt;\"><span style=\"font-size: 10pt;\">8102 ( <a href=\"https:\/\/www.dropbox.com\/s\/zbhlmu7i6zokav2\/8102D.pdf?dl=1\">liste de colisage<\/a> )<\/span><\/p>\n<\/td>\n<td style=\"border-bottom: solid windowtext 1.0pt; width: 120.4pt; border-top: none; border-left: none; border-right: solid windowtext 1.0pt; padding: 0in 5.4pt 0in 5.4pt;\" width=\"161\">\n<p style=\"margin: 0in 0in 0.0001pt;\"><span style=\"font-size: 10pt;\">Kit standard ARTEX ELT 345 avec kit d&#8217;installation GA, antenne fouet noire et interrupteur \u00e0 distance standard<\/span><\/p>\n<\/td>\n<td style=\"border-bottom: solid windowtext 1.0pt; width: 110.15pt; border-top: none; border-left: none; border-right: solid windowtext 1.0pt; padding: 0in 5.4pt 0in 5.4pt;\" width=\"147\">\n<p style=\"margin: 0in 0in 0.0001pt;\"><span style=\"font-size: 10pt;\">Antenne fouet noire de 23,4 pouces de hauteur<\/span><\/p>\n<\/td>\n<td style=\"border-bottom: solid windowtext 1.0pt; width: 110.15pt; border-top: none; border-left: none; border-right: solid windowtext 1.0pt; padding: 0in 5.4pt 0in 5.4pt;\" width=\"147\">\n<p style=\"margin: 0in 0in 0.0001pt;\"><span style=\"font-size: 10pt;\">Interrupteur \u00e0 distance standard \u00e0 2 fils ARTEX<\/span><br \/>\n <span style=\"font-size: 11pt;\"><span style=\"font-family: Calibri,sans-serif;\">(2,00 x 1,30 pouces)<\/span><\/span><\/p>\n<\/td>\n<\/tr>\n<tr>\n<td style=\"border: solid windowtext 1.0pt; width: 99.9pt; border-top: none; padding: 0in 5.4pt 0in 5.4pt;\" width=\"133\">\n<p style=\"margin: 0in 0in 0.0001pt;\"><span style=\"font-size: 10pt;\">8107 ( <a href=\"https:\/\/www.dropbox.com\/s\/1lrv6abtjdezrdd\/8107B.pdf?dl=1\">liste de colisage<\/a> )<\/span><\/p>\n<\/td>\n<td style=\"border-bottom: solid windowtext 1.0pt; width: 120.4pt; border-top: none; border-left: none; border-right: solid windowtext 1.0pt; padding: 0in 5.4pt 0in 5.4pt;\" width=\"161\">\n<p style=\"margin: 0in 0in 0.0001pt;\"><span style=\"font-size: 10pt;\">Kit compact ARTEX ELT 345 avec kit d&#8217;installation GA, antenne fouet noire compacte et interrupteur \u00e0 distance standard<\/span><\/p>\n<\/td>\n<td style=\"border-bottom: solid windowtext 1.0pt; width: 110.15pt; border-top: none; border-left: none; border-right: solid windowtext 1.0pt; padding: 0in 5.4pt 0in 5.4pt;\" width=\"147\">\n<p style=\"margin: 0in 0in 0.0001pt;\"><span style=\"font-size: 10pt;\">Antenne fouet noire de 15 pouces de hauteur<\/span><\/p>\n<\/td>\n<td style=\"border-bottom: solid windowtext 1.0pt; width: 110.15pt; border-top: none; border-left: none; border-right: solid windowtext 1.0pt; padding: 0in 5.4pt 0in 5.4pt;\" width=\"147\">\n<p style=\"margin: 0in 0in 0.0001pt;\"><span style=\"font-size: 10pt;\">Interrupteur \u00e0 distance standard \u00e0 2 fils ARTEX<\/span><\/p>\n<p style=\"margin: 0in 0in 0.0001pt;\"><span style=\"font-size: 10pt;\">(2,00 x 1,30 pouces)<\/span><\/p>\n<\/td>\n<\/tr>\n<tr>\n<td style=\"border: solid windowtext 1.0pt; width: 99.9pt; border-top: none; padding: 0in 5.4pt 0in 5.4pt;\" width=\"133\">\n<p style=\"margin: 0in 0in 0.0001pt;\"><span style=\"font-size: 10pt;\">8108 ( <a href=\"https:\/\/www.dropbox.com\/s\/y3uphs2javap1qk\/8108B.pdf?dl=1\">liste de colisage<\/a> )<\/span><\/p>\n<\/td>\n<td style=\"border-bottom: solid windowtext 1.0pt; width: 120.4pt; border-top: none; border-left: none; border-right: solid windowtext 1.0pt; padding: 0in 5.4pt 0in 5.4pt;\" width=\"161\">\n<p style=\"margin: 0in 0in 0.0001pt;\"><span style=\"font-size: 10pt;\">Kit ARTEX ELT 345 Slim avec kit d&#8217;installation GA, antenne fouet noire compacte et interrupteur \u00e0 distance mince<\/span><\/p>\n<\/td>\n<td style=\"border-bottom: solid windowtext 1.0pt; width: 110.15pt; border-top: none; border-left: none; border-right: solid windowtext 1.0pt; padding: 0in 5.4pt 0in 5.4pt;\" width=\"147\">\n<p style=\"margin: 0in 0in 0.0001pt;\"><span style=\"font-size: 10pt;\">Antenne fouet noire de 15 pouces de hauteur<\/span><\/p>\n<\/td>\n<td style=\"border-bottom: solid windowtext 1.0pt; width: 110.15pt; border-top: none; border-left: none; border-right: solid windowtext 1.0pt; padding: 0in 5.4pt 0in 5.4pt;\" width=\"147\">\n<p style=\"margin: 0in 0in 0.0001pt;\"><span style=\"font-size: 10pt;\">Interrupteur \u00e0 distance Slimline \u00e0 2 fils<br \/>\n (Convient \u00e0 ACK et Ameriking)<\/span><\/p>\n<p style=\"margin: 0in 0in 0.0001pt;\"><span style=\"font-size: 10pt;\">(2,08 x 0,75 pouces)<\/span><\/p>\n<\/td>\n<\/tr>\n<\/tbody>\n<\/table>\n<p>&nbsp;<\/p>\n<p>Vous recherchez un kit de survie complet&nbsp;? Le nouveau <a href=\"https:\/\/www.acrartex.com\/fr\/products\/kit-pilote-artex-elt-345\/\">kit pilote ARTEX ELT 345\u2122<\/a> est la combinaison parfaite de produits de s\u00e9curit\u00e9 et de survie, con\u00e7us pour assurer la s\u00e9curit\u00e9 des aviateurs en cas d&#8217;urgence.  Le kit pilote fournit aux aviateurs un kit pratique pour \u00e9quiper leur avion du dernier Emergency Locator Transmitter ( ELT ) 406 MHz ainsi que d&#8217;un \u00e9quipement de survie personnel pour fournir un syst\u00e8me redondant pour alerter la recherche et le sauvetage de leur emplacement.<\/p>\n<p>Ce kit comprend les produits de survie essentiels suivants&nbsp;:<\/p>\n<ul>\n<li>ELT 345\u2122 (comprend une antenne, un commutateur \u00e0 distance et le mat\u00e9riel d&#8217;installation)<\/li>\n<li>Personal Locator Beacon ResQLink +\u2122<\/li>\n<li>Feu de d\u00e9tresse d&#8217;urgence C-Light H\u2082O\u2122<\/li>\n<li>Miroir de signalisation<\/li>\n<li>Sifflet WW-3 Res-Q\u2122<\/li>\n<\/ul>\n<p>&nbsp;<\/p>\n<p>Il y a une raison pour laquelle les ELT ARTEX sont le choix de plus de constructeurs d&#8217;a\u00e9ronefs que tout autre ; ils font confiance \u00e0 ARTEX pour fabriquer des produits de la plus haute qualit\u00e9, sachant qu&#8217;ils sont utilis\u00e9s pour sauver des vies.<\/p>\n","protected":false},"excerpt":{"rendered":"<p>Envolez-vous en toute confiance avec l&#8217; ELT 345. En cas d&#8217;urgence, faites confiance \u00e0 la marque \u00e0 laquelle les plus grands constructeurs d&#8217;avions commerciaux font confiance pour sa qualit\u00e9 irr\u00e9prochable, sa technologie sup\u00e9rieure et son service client exceptionnel. ELT 345 ARTEX , best-seller, est fabriqu\u00e9 selon les normes de gestion de la qualit\u00e9 les plus strictes du secteur, garantissant un fonctionnement ELT d\u00e8s la premi\u00e8re utilisation. L&#8217; ELT 345 ARTEX \u00e9met sur les fr\u00e9quences 406 MHz et 121,5 MHz et offre une pr\u00e9cision de positionnement optimale gr\u00e2ce \u00e0 son interface de navigation GPS int\u00e9gr\u00e9e. L&#8217; ELT 345 b\u00e9n\u00e9ficie d&#8217;un prix comp\u00e9titif pour un ELT offrant la m\u00eame qualit\u00e9 et les m\u00eames performances qui ont fait la r\u00e9putation de la marque ARTEX .    <\/p>\n<p>&nbsp;<\/p>\n<p><a href=\"https:\/\/www.acrartex.com\/canada-elt-mandate\/\">Cliquez ici pour obtenir des informations sur le mandat canadien ELT<\/a><\/p>\n","protected":false},"featured_media":12137,"template":"","meta":{"_acf_changed":false,"om_disable_all_campaigns":false},"product_brand":[],"product_cat":[5628,5959],"product_tag":[8944,8113,8114,5725,5633,9235,5644,8945,5797,8946],"class_list":{"0":"post-153588","1":"product","2":"type-product","3":"status-publish","4":"has-post-thumbnail","6":"product_cat-aviation-fr","7":"product_cat-aviation-generale","8":"product_tag-406-mhz-elt-fr","9":"product_tag-acr-fr","10":"product_tag-artex-fr","11":"product_tag-balise-de-detresse","12":"product_tag-elt-fr","13":"product_tag-elt-345-fr","14":"product_tag-emetteur-de-localisation-durgence","15":"product_tag-emetteur-de-localisation-durgence-fr","16":"product_tag-gps-fr","17":"product_tag-mise-a-niveau-elt-121-5","18":"pa_aircraft-type-experimental-fr","19":"pa_aircraft-type-moteur-unique","20":"pa_aircraft-type-multimoteur","21":"pa_aircraft-type-turbopropulseur","22":"pa_product-solutions-elt","24":"first","25":"instock","26":"taxable","27":"shipping-taxable","28":"product-type-simple"},"acf":[],"_links":{"self":[{"href":"https:\/\/www.acrartex.com\/fr\/wp-json\/wp\/v2\/product\/153588","targetHints":{"allow":["GET"]}}],"collection":[{"href":"https:\/\/www.acrartex.com\/fr\/wp-json\/wp\/v2\/product"}],"about":[{"href":"https:\/\/www.acrartex.com\/fr\/wp-json\/wp\/v2\/types\/product"}],"wp:featuredmedia":[{"embeddable":true,"href":"https:\/\/www.acrartex.com\/fr\/wp-json\/wp\/v2\/media\/12137"}],"wp:attachment":[{"href":"https:\/\/www.acrartex.com\/fr\/wp-json\/wp\/v2\/media?parent=153588"}],"wp:term":[{"taxonomy":"product_brand","embeddable":true,"href":"https:\/\/www.acrartex.com\/fr\/wp-json\/wp\/v2\/product_brand?post=153588"},{"taxonomy":"product_cat","embeddable":true,"href":"https:\/\/www.acrartex.com\/fr\/wp-json\/wp\/v2\/product_cat?post=153588"},{"taxonomy":"product_tag","embeddable":true,"href":"https:\/\/www.acrartex.com\/fr\/wp-json\/wp\/v2\/product_tag?post=153588"}],"curies":[{"name":"wp","href":"https:\/\/api.w.org\/{rel}","templated":true}]}}