{"id":153587,"date":"2021-03-16T08:09:37","date_gmt":"2021-03-16T13:09:37","guid":{"rendered":"https:\/\/www.acrartex.com\/products\/sac-rapidditch-express\/"},"modified":"2025-11-26T03:24:50","modified_gmt":"2025-11-26T08:24:50","slug":"sac-rapidditch-express","status":"publish","type":"product","link":"https:\/\/www.acrartex.com\/fr\/products\/sac-rapidditch-express\/","title":{"rendered":"Sac RapidDitch Express"},"content":{"rendered":"<p>Rangez tous vos effets personnels importants et votre \u00e9quipement de survie dans le nouveau sac d&#8217;abandon de navire ACR RapidDitch \u2122 Express. Compact et flottant, ce sac de s\u00e9curit\u00e9 permet de ranger et de regrouper facilement tout votre \u00e9quipement de s\u00e9curit\u00e9 essentiel, pour un acc\u00e8s rapide en cas d&#8217;urgence. Robuste, il est dot\u00e9 de toutes les poches, sangles et boucles n\u00e9cessaires pour garder votre \u00e9quipement de s\u00e9curit\u00e9 \u00e0 port\u00e9e de main.  <\/p>\n<p>Gr\u00e2ce \u00e0 sa flottabilit\u00e9 accrue, le RapidDitch peut transporter jusqu&#8217;\u00e0 6,8 kg d&#8217;\u00e9quipement, et son nouveau mat\u00e9riau r\u00e9fl\u00e9chissant facilite le rep\u00e9rage par les \u00e9quipes de recherche et de sauvetage. Son tissu r\u00e9sistant et imperm\u00e9able, ainsi que ses fermetures \u00e9clair autor\u00e9parables et r\u00e9sistantes \u00e0 la corrosion, r\u00e9sistent aux intemp\u00e9ries les plus rudes. Le RapidDitch Express rend votre \u00e9quipement de s\u00e9curit\u00e9 portable et vous permet de le transporter facilement d&#8217;un bateau \u00e0 l&#8217;autre.  <\/p>\n<p>Restez group\u00e9s et \u00e0 port\u00e9e de main du RapidDitch Express gr\u00e2ce au nouveau syst\u00e8me innovant de sangles d&#8217;\u00e9paule. D\u00e9tachez-les simplement et elles se transforment rapidement en deux harnais de s\u00e9curit\u00e9 de 1,20 m, con\u00e7us pour maintenir la connexion entre tous les passagers dans l&#8217;eau. <\/p>\n","protected":false},"excerpt":{"rendered":"<p>Soyez pr\u00eat \u00e0 affronter les impr\u00e9vus avec le sac RapidDitch Express. Ce sac de survie compact est dot\u00e9 de poches, d&#8217;attaches et de boucles pour organiser et ranger facilement tout votre \u00e9quipement de s\u00e9curit\u00e9 essentiel en un seul endroit pratique. <\/p>\n<p>Fabriqu\u00e9 en mat\u00e9riau imperm\u00e9able et r\u00e9fl\u00e9chissant, ce sac est con\u00e7u pour r\u00e9sister aux intemp\u00e9ries et faciliter la localisation des \u00e9quipes de secours en cas de probl\u00e8me. De plus, gr\u00e2ce \u00e0 sa conception flottante, le RapidDitch Express peut transporter jusqu&#8217;\u00e0 7 kg de mat\u00e9riel \u00e0 la surface, m\u00eame s&#8217;il tombe \u00e0 l&#8217;eau. <\/p>\n<p>La bandouli\u00e8re innovante du sac se d\u00e9tache et se transforme facilement en deux harnais de s\u00e9curit\u00e9 de 4 pieds qui peuvent \u00eatre attach\u00e9s \u00e0 votre gilet de sauvetage et utilis\u00e9s pour garder tout le monde connect\u00e9 dans l&#8217;eau.<\/p>\n<p style=\"margin-left: 0in; margin-right: 0in;\"><span style=\"font-size: 11pt;\"><span style=\"font-family: Calibri,sans-serif;\"><a style=\"color: blue; text-decoration: underline;\" href=\"https:\/\/www.dropbox.com\/s\/fk04stqsp2hgk5f\/Prop%2065%20-%20DEHP.pdf?dl=0\"><span style=\"color: #000000;\">AVERTISSEMENT : PROPOSITION 65<\/span><\/a><\/span><\/span><\/p>\n","protected":false},"featured_media":164303,"template":"","meta":{"_acf_changed":false,"om_disable_all_campaigns":false},"product_brand":[],"product_cat":[6680,5787,5944,5721,5948,5946],"product_tag":[9236,9046,9047,9071,9070,9238,9055,9237,9234,9239,9051],"class_list":{"0":"post-153587","1":"product","2":"type-product","3":"status-publish","4":"has-post-thumbnail","6":"product_cat-accessoires-de-securite","7":"product_cat-de-plein-air","8":"product_cat-interieur","9":"product_cat-marin-fr","10":"product_cat-offshore-fr","11":"product_cat-pres-du-rivage","12":"product_tag-equipement-de-survie","13":"product_tag-fosse-rapide","14":"product_tag-sac","15":"product_tag-sac-devacuation","16":"product_tag-sac-de-fosse","17":"product_tag-sac-de-fosse-marin","18":"product_tag-sac-de-survie","19":"product_tag-sac-de-survie-fr","20":"product_tag-sac-express","21":"product_tag-sac-flottant","22":"product_tag-survie","23":"pa_activity-peche","24":"pa_boat-size-0-20-fr","25":"pa_boat-size-21-40-fr","26":"pa_boat-size-40-80-fr","27":"pa_boat-size-80-fr","28":"pa_boat-type-bateau-a-moteur","29":"pa_boat-type-location-de-yacht","30":"pa_boat-type-peche-commerciale","31":"pa_boat-type-remorqueur","32":"pa_boat-type-sportcraft-fr","33":"pa_boat-type-voilier","34":"pa_boat-type-yacht-fr","35":"pa_product-accessoires-de-securite","36":"pa_terrain-rivieres-zones-humides-lacs","38":"first","39":"instock","40":"taxable","41":"shipping-taxable","42":"purchasable","43":"product-type-simple"},"acf":[],"_links":{"self":[{"href":"https:\/\/www.acrartex.com\/fr\/wp-json\/wp\/v2\/product\/153587","targetHints":{"allow":["GET"]}}],"collection":[{"href":"https:\/\/www.acrartex.com\/fr\/wp-json\/wp\/v2\/product"}],"about":[{"href":"https:\/\/www.acrartex.com\/fr\/wp-json\/wp\/v2\/types\/product"}],"wp:featuredmedia":[{"embeddable":true,"href":"https:\/\/www.acrartex.com\/fr\/wp-json\/wp\/v2\/media\/164303"}],"wp:attachment":[{"href":"https:\/\/www.acrartex.com\/fr\/wp-json\/wp\/v2\/media?parent=153587"}],"wp:term":[{"taxonomy":"product_brand","embeddable":true,"href":"https:\/\/www.acrartex.com\/fr\/wp-json\/wp\/v2\/product_brand?post=153587"},{"taxonomy":"product_cat","embeddable":true,"href":"https:\/\/www.acrartex.com\/fr\/wp-json\/wp\/v2\/product_cat?post=153587"},{"taxonomy":"product_tag","embeddable":true,"href":"https:\/\/www.acrartex.com\/fr\/wp-json\/wp\/v2\/product_tag?post=153587"}],"curies":[{"name":"wp","href":"https:\/\/api.w.org\/{rel}","templated":true}]}}