{"id":153519,"date":"2021-03-16T08:09:42","date_gmt":"2021-03-16T13:09:42","guid":{"rendered":"https:\/\/www.acrartex.com\/products\/sac-rapidditch\/"},"modified":"2021-03-16T08:09:42","modified_gmt":"2021-03-16T13:09:42","slug":"sac-rapidditch","status":"publish","type":"product","link":"https:\/\/www.acrartex.com\/fr\/products\/sac-rapidditch\/","title":{"rendered":"Sac RapidDitch"},"content":{"rendered":"<p>Le tissu r\u00e9sistant et imperm\u00e9able et les fermetures \u00e9clair autor\u00e9parables et r\u00e9sistantes \u00e0 la corrosion r\u00e9sistent aux intemp\u00e9ries les plus rudes. Gr\u00e2ce \u00e0 sa flottabilit\u00e9 accrue, le RapidDitch peut contenir jusqu&#8217;\u00e0 11 kg d&#8217;\u00e9quipement, et le nouveau mat\u00e9riau r\u00e9fl\u00e9chissant facilite sa d\u00e9tection par les \u00e9quipes de recherche et de sauvetage. <\/p>\n<p>Restez connect\u00e9s gr\u00e2ce au nouveau syst\u00e8me innovant de sangles d&#8217;\u00e9paule qui se d\u00e9tache et se transforme facilement en deux harnais de s\u00e9curit\u00e9 de 1,20 m, con\u00e7us pour s&#8217;accrocher \u00e0 vos gilets de sauvetage et vous permettre de rester connect\u00e9s dans l&#8217;eau. Restez \u00e0 port\u00e9e de main du sac RapidDitch pour avoir tout votre \u00e9quipement de s\u00e9curit\u00e9 et de signalisation \u00e0 port\u00e9e de main. <\/p>\n","protected":false},"excerpt":{"rendered":"<p>Quelle que soit votre aventure, soyez pr\u00eat avec le sac RapidDitch . Ce sac de survie robuste est dot\u00e9 de poches, d&#8217;attaches et de boucles qui permettent de ranger et d&#8217;organiser facilement tout votre \u00e9quipement de s\u00e9curit\u00e9 essentiel. Si le sac RapidDitch finit \u00e0 l&#8217;eau, il flottera avec jusqu&#8217;\u00e0 11 kg d&#8217;\u00e9quipement.  <\/p>\n<p>&nbsp;<\/p>\n<p>Fabriqu\u00e9 en mat\u00e9riau imperm\u00e9able et r\u00e9fl\u00e9chissant, ce sac est con\u00e7u pour r\u00e9sister aux intemp\u00e9ries et faciliter la localisation des \u00e9quipes de secours en cas de besoin. De plus, sa bandouli\u00e8re innovante se d\u00e9clipse et se transforme facilement en deux harnais de s\u00e9curit\u00e9 de 1,20 m, qui s&#8217;attachent \u00e0 votre gilet de sauvetage et permettent de maintenir le contact entre les personnes dans l&#8217;eau. <\/p>\n<p>&nbsp;<\/p>\n<p style=\"margin-left: 0in; margin-right: 0in;\"><span style=\"font-size: 11pt;\"><span style=\"font-family: Calibri,sans-serif;\"><a style=\"color: blue; text-decoration: underline;\" href=\"https:\/\/www.dropbox.com\/s\/fk04stqsp2hgk5f\/Prop%2065%20-%20DEHP.pdf?dl=0\"><span style=\"color: #000000;\">AVERTISSEMENT : PROPOSITION 65<\/span><\/a><\/span><\/span><\/p>\n","protected":false},"featured_media":12152,"template":"","meta":{"_acf_changed":false,"om_disable_all_campaigns":false},"product_brand":[],"product_cat":[6680,5950,5787,5944,5721,5948,5946],"product_tag":[9073,9072,9046,9063,9047,9071,9070,9067,9074,9055,9051],"class_list":{"0":"post-153519","1":"product","2":"type-product","3":"status-publish","4":"has-post-thumbnail","6":"product_cat-accessoires-de-securite","7":"product_cat-commercial-fr","8":"product_cat-de-plein-air","9":"product_cat-interieur","10":"product_cat-marin-fr","11":"product_cat-offshore-fr","12":"product_cat-pres-du-rivage","13":"product_tag-abandonner-le-navire","14":"product_tag-abandonner-le-sac-du-navire","15":"product_tag-fosse-rapide","16":"product_tag-fosse-rapide-fr","17":"product_tag-sac","18":"product_tag-sac-devacuation","19":"product_tag-sac-de-fosse","20":"product_tag-sac-de-fosse-rapide","21":"product_tag-sac-de-securite-nautique","22":"product_tag-sac-de-survie","23":"product_tag-survie","24":"pa_activity-peche","25":"pa_boat-size-0-20-fr","26":"pa_boat-size-21-40-fr","27":"pa_boat-size-40-80-fr","28":"pa_boat-size-80-fr","29":"pa_boat-type-bateau-a-moteur","30":"pa_boat-type-location-de-yacht","31":"pa_boat-type-peche-commerciale","32":"pa_boat-type-remorqueur","33":"pa_boat-type-sportcraft-fr","34":"pa_boat-type-voilier","35":"pa_boat-type-yacht-fr","36":"pa_product-accessoires-de-securite","37":"pa_terrain-rivieres-zones-humides-lacs","39":"first","40":"instock","41":"taxable","42":"shipping-taxable","43":"purchasable","44":"product-type-simple"},"acf":[],"_links":{"self":[{"href":"https:\/\/www.acrartex.com\/fr\/wp-json\/wp\/v2\/product\/153519","targetHints":{"allow":["GET"]}}],"collection":[{"href":"https:\/\/www.acrartex.com\/fr\/wp-json\/wp\/v2\/product"}],"about":[{"href":"https:\/\/www.acrartex.com\/fr\/wp-json\/wp\/v2\/types\/product"}],"wp:featuredmedia":[{"embeddable":true,"href":"https:\/\/www.acrartex.com\/fr\/wp-json\/wp\/v2\/media\/12152"}],"wp:attachment":[{"href":"https:\/\/www.acrartex.com\/fr\/wp-json\/wp\/v2\/media?parent=153519"}],"wp:term":[{"taxonomy":"product_brand","embeddable":true,"href":"https:\/\/www.acrartex.com\/fr\/wp-json\/wp\/v2\/product_brand?post=153519"},{"taxonomy":"product_cat","embeddable":true,"href":"https:\/\/www.acrartex.com\/fr\/wp-json\/wp\/v2\/product_cat?post=153519"},{"taxonomy":"product_tag","embeddable":true,"href":"https:\/\/www.acrartex.com\/fr\/wp-json\/wp\/v2\/product_tag?post=153519"}],"curies":[{"name":"wp","href":"https:\/\/api.w.org\/{rel}","templated":true}]}}