{"id":153330,"date":"2021-03-16T08:11:52","date_gmt":"2021-03-16T13:11:52","guid":{"rendered":"https:\/\/www.acrartex.com\/products\/interface-elt-vers-nav-boeing\/"},"modified":"2021-03-16T08:11:52","modified_gmt":"2021-03-16T13:11:52","slug":"interface-elt-vers-nav-boeing","status":"publish","type":"product","link":"https:\/\/www.acrartex.com\/fr\/products\/interface-elt-vers-nav-boeing\/","title":{"rendered":"Interface ELT vers Nav Boeing"},"content":{"rendered":"<p>L&#8217;interface ELT \/NAV B d&#8217;Artex est con\u00e7ue pour assurer la connexion entre le calculateur de gestion de vol (FMC) de Boeing et l&#8217; ELT Artex B406-4. Sa fonction est de recevoir en continu les mises \u00e0 jour de position du syst\u00e8me de navigation de l&#8217;avion et de les convertir au format appropri\u00e9 pour l&#8217; ELT . D\u00e8s son activation, l&#8217; ELT transmet la latitude et la longitude de l&#8217;avion au syst\u00e8me satellitaire COSPAS\/SARSAT. La connaissance de ces informations de position permet aux \u00e9quipes de recherche et de sauvetage de lancer imm\u00e9diatement une mission vers la derni\u00e8re position connue de l&#8217;avion. L&#8217;interface ELT \/NAV B a \u00e9galement \u00e9t\u00e9 test\u00e9e pour r\u00e9pondre aux exigences strictes de Boeing pour son utilisation sur ses avions, ainsi qu&#8217;aux exigences des normes TSO C126 et JTSO-2C126 en tant que composant du syst\u00e8me ELT B406-4. L&#8217;interface ELT \/NAV B est disponible sous forme de kit complet (r\u00e9f. 455-6501). Le kit comprend tout le mat\u00e9riel d&#8217;installation n\u00e9cessaire (vis, rondelles, etc.), des connecteurs de c\u00e2bles avec broches\/prises et un manuel.      <\/p>\n<p>Lorsqu&#8217;elle est correctement enregistr\u00e9e, l&#8217;utilisation de cette technologie peut fournir les informations suivantes aux \u00e9quipes de recherche et de sauvetage : 1) Type d&#8217;a\u00e9ronef, 2) Propri\u00e9taire(s), 3) Contact(s) d&#8217;urgence, 4) Code du pays, 5) ID de l&#8217;a\u00e9ronef ou num\u00e9ro de s\u00e9rie de ELT , 6) Fabricant ELT , 7) Position latitude\/longitude.       <\/p>\n<p>Une autre fonctionnalit\u00e9 avanc\u00e9e de l&#8217;interface est la possibilit\u00e9 de programmer l&#8217; ELT sur mesure selon l&#8217;adresse 24 bits (num\u00e9ro Mode S) attribu\u00e9e \u00e0 un a\u00e9ronef. Cette fonctionnalit\u00e9 est extr\u00eamement utile pour les exploitants de flottes qui doivent changer ELT d&#8217;un a\u00e9ronef \u00e0 des fins de maintenance, car elle \u00e9vite de reprogrammer l&#8217; ELT \u00e0 chaque d\u00e9placement. <\/p>\n","protected":false},"excerpt":{"rendered":"<p>En cas d&#8217;urgence, ayez l&#8217;esprit tranquille&nbsp;: gr\u00e2ce \u00e0 l&#8217;interface ELT -Nav-B, les \u00e9quipes de recherche et de sauvetage conna\u00eetront votre position (\u00e0 moins de 100&nbsp;m\u00e8tres). Cette interface est con\u00e7ue pour \u00eatre connect\u00e9e entre le calculateur de gestion de vol (FMC) ou le r\u00e9cepteur GPS de l&#8217;avion et l&#8217; ELT du Boeing B406-4. Cet appareil ELT en continu les mises \u00e0 jour de position du syst\u00e8me de navigation de l&#8217;avion, puis les traduit pour l&#8217; ELT . Si vous devez activer votre ELT , la latitude et la longitude de votre avion seront transmises \u00e0 un r\u00e9seau mondial de satellites de recherche et de sauvetage.   <\/p>\n","protected":false},"featured_media":153332,"template":"","meta":{"_acf_changed":false,"om_disable_all_campaigns":false},"product_brand":[],"product_cat":[5628],"product_tag":[8803,5633,8711,8798,8802,8712,8800],"class_list":{"0":"post-153330","1":"product","2":"type-product","3":"status-publish","4":"has-post-thumbnail","6":"product_cat-aviation-fr","7":"product_tag-boeing-fr","8":"product_tag-elt-fr","9":"product_tag-elt-pour-naviguer","10":"product_tag-elttonav-fr","11":"product_tag-interface-de-navigation-fr","12":"product_tag-navigation-fr","13":"product_tag-navigation-elt-2","15":"first","16":"instock","17":"taxable","18":"shipping-taxable","19":"product-type-simple"},"acf":[],"_links":{"self":[{"href":"https:\/\/www.acrartex.com\/fr\/wp-json\/wp\/v2\/product\/153330","targetHints":{"allow":["GET"]}}],"collection":[{"href":"https:\/\/www.acrartex.com\/fr\/wp-json\/wp\/v2\/product"}],"about":[{"href":"https:\/\/www.acrartex.com\/fr\/wp-json\/wp\/v2\/types\/product"}],"wp:featuredmedia":[{"embeddable":true,"href":"https:\/\/www.acrartex.com\/fr\/wp-json\/wp\/v2\/media\/153332"}],"wp:attachment":[{"href":"https:\/\/www.acrartex.com\/fr\/wp-json\/wp\/v2\/media?parent=153330"}],"wp:term":[{"taxonomy":"product_brand","embeddable":true,"href":"https:\/\/www.acrartex.com\/fr\/wp-json\/wp\/v2\/product_brand?post=153330"},{"taxonomy":"product_cat","embeddable":true,"href":"https:\/\/www.acrartex.com\/fr\/wp-json\/wp\/v2\/product_cat?post=153330"},{"taxonomy":"product_tag","embeddable":true,"href":"https:\/\/www.acrartex.com\/fr\/wp-json\/wp\/v2\/product_tag?post=153330"}],"curies":[{"name":"wp","href":"https:\/\/api.w.org\/{rel}","templated":true}]}}