{"id":153293,"date":"2021-03-16T08:11:56","date_gmt":"2021-03-16T13:11:56","guid":{"rendered":"https:\/\/www.acrartex.com\/products\/interface-elt-rswt-a-2-fils\/"},"modified":"2021-03-16T08:11:56","modified_gmt":"2021-03-16T13:11:56","slug":"interface-elt-rswt-a-2-fils","status":"publish","type":"product","link":"https:\/\/www.acrartex.com\/fr\/products\/interface-elt-rswt-a-2-fils\/","title":{"rendered":"Interface ELT \/RSWT \u00e0 2 fils"},"content":{"rendered":"<p>La plupart des installations TSO C91a existantes \u00e9quip\u00e9es d&#8217;ELT Joliet, Pointer et Narco 121,5 MHz n&#8217;utilisent que deux fils entre le commutateur de t\u00e9l\u00e9commande du poste de pilotage et l&#8217; ELT . D&#8217;autres fabricants d&#8217;ELT 121,5 MHz utilisent trois ou quatre fils. L&#8217;interface de t\u00e9l\u00e9commande \u00e0 deux fils Artex utilise seulement deux fils du faisceau de c\u00e2bles existant pour connecter le nouveau commutateur de t\u00e9l\u00e9commande du poste de pilotage \u00e0 un ELT Artex 406 MHz, pour une mise \u00e0 niveau simplifi\u00e9e et \u00e9conomique.  <\/p>\n<ul>\n<li>Mettre \u00e0 niveau toute installation ELT C91a existante vers la technologie Artex 406 MHz<\/li>\n<li>Se branche entre le nouvel interrupteur \u00e0 distance du cockpit et ELT 406 MHz<\/li>\n<li>Simplifiez l&#8217;installation et r\u00e9duisez les co\u00fbts en utilisant les configurations existantes \u00e0 2, 3 ou 4 fils<\/li>\n<li>Une liste de colisage comprend toutes les pi\u00e8ces n\u00e9cessaires \u00e0 l&#8217;installation<\/li>\n<li>Approuv\u00e9 par le TSO C-126<\/li>\n<li>Une autre solution de modernisation d&#8217;Artex Products, prouvant notre engagement \u00e0 r\u00e9duire les co\u00fbts d&#8217;installation pour les propri\u00e9taires d&#8217;avions<\/li>\n<\/ul>\n","protected":false},"excerpt":{"rendered":"<p>L&#8217;interface \u00e0 distance 2 fils succ\u00e8de \u00e0 l&#8217; ELT ME406 ACE. L&#8217;\u00e9metteur de localisation d&#8217;urgence ME406 ACE remplace les ELT ACK ou Ameri-King 121,5 MHz actuels et est fourni avec un commutateur \u00e0 distance et des adaptateurs pour utiliser le c\u00e2blage existant. L&#8217;interface ELT \/RSWT 2 fils utilise seulement deux fils du faisceau de c\u00e2bles pour connecter le nouveau commutateur \u00e0 distance du poste de pilotage \u00e0 n&#8217;importe quel ELT 406 MHz.  <\/p>\n","protected":false},"featured_media":153295,"template":"","meta":{"_acf_changed":false,"om_disable_all_campaigns":false},"product_brand":[],"product_cat":[5628],"product_tag":[8759,8767,8763,8761,8769,8765],"class_list":{"0":"post-153293","1":"product","2":"type-product","3":"status-publish","4":"has-post-thumbnail","6":"product_cat-aviation-fr","7":"product_tag-2-fils","8":"product_tag-2-fils-fr","9":"product_tag-2-fils-elt","10":"product_tag-deux-fils","11":"product_tag-interface-rswt","12":"product_tag-rswt-a-2-fils","14":"first","15":"instock","16":"taxable","17":"shipping-taxable","18":"product-type-simple"},"acf":[],"_links":{"self":[{"href":"https:\/\/www.acrartex.com\/fr\/wp-json\/wp\/v2\/product\/153293","targetHints":{"allow":["GET"]}}],"collection":[{"href":"https:\/\/www.acrartex.com\/fr\/wp-json\/wp\/v2\/product"}],"about":[{"href":"https:\/\/www.acrartex.com\/fr\/wp-json\/wp\/v2\/types\/product"}],"wp:featuredmedia":[{"embeddable":true,"href":"https:\/\/www.acrartex.com\/fr\/wp-json\/wp\/v2\/media\/153295"}],"wp:attachment":[{"href":"https:\/\/www.acrartex.com\/fr\/wp-json\/wp\/v2\/media?parent=153293"}],"wp:term":[{"taxonomy":"product_brand","embeddable":true,"href":"https:\/\/www.acrartex.com\/fr\/wp-json\/wp\/v2\/product_brand?post=153293"},{"taxonomy":"product_cat","embeddable":true,"href":"https:\/\/www.acrartex.com\/fr\/wp-json\/wp\/v2\/product_cat?post=153293"},{"taxonomy":"product_tag","embeddable":true,"href":"https:\/\/www.acrartex.com\/fr\/wp-json\/wp\/v2\/product_tag?post=153293"}],"curies":[{"name":"wp","href":"https:\/\/api.w.org\/{rel}","templated":true}]}}