{"id":153260,"date":"2021-03-16T08:12:00","date_gmt":"2021-03-16T13:12:00","guid":{"rendered":"https:\/\/www.acrartex.com\/products\/interface-elt-vers-nav\/"},"modified":"2021-03-16T08:12:00","modified_gmt":"2021-03-16T13:12:00","slug":"interface-elt-vers-nav","status":"publish","type":"product","link":"https:\/\/www.acrartex.com\/fr\/products\/interface-elt-vers-nav\/","title":{"rendered":"Interface ELT vers Nav"},"content":{"rendered":"<p>La connaissance de la position (\u00e0 1 m\u00e8tre pr\u00e8s) permet aux \u00e9quipes de recherche et de sauvetage de lancer une mission imm\u00e9diate vers la derni\u00e8re position connue de l&#8217;a\u00e9ronef. L&#8217;interface ELT \/NAV est conforme aux exigences des normes TSO C126 et JTSO-2C126 en tant que composant d&#8217;un syst\u00e8me ELT 406 MHz. Correctement enregistr\u00e9e, cette technologie peut fournir les informations suivantes aux \u00e9quipes de recherche et de sauvetage&nbsp;: 1) Type d&#8217;a\u00e9ronef, 2) Propri\u00e9taire(s), 3) Contact(s) d&#8217;urgence, 4) Code pays, 5) Num\u00e9ro d&#8217;identification ou de s\u00e9rie de ELT a\u00e9ronef, 6) Fabricant ELT et 7) Position latitude\/longitude.         <\/p>\n<p>Une fonctionnalit\u00e9 avanc\u00e9e de l&#8217;interface de navigation est la possibilit\u00e9 de programmer l&#8217; ELT sur mesure selon l&#8217;adresse 24 bits (num\u00e9ro Mode S) attribu\u00e9e \u00e0 un avion. Cette fonctionnalit\u00e9 est extr\u00eamement utile pour les exploitants de flottes qui changent d&#8217;ELT, car elle \u00e9vite de devoir reprogrammer l&#8217; ELT avant son installation dans un autre avion. <\/p>\n<ul>\n<li>Permet \u00e0 l&#8217; ELT de transmettre la latitude et la longitude de l&#8217;a\u00e9ronef<\/li>\n<li>Connecte les ELT des s\u00e9ries C406 et G406 \u00e0 l&#8217;ordinateur de gestion de vol de l&#8217;avion ou au r\u00e9cepteur GPS<\/li>\n<li>Programmes ELT avec l&#8217;adresse 24 bits de l&#8217;avion<\/li>\n<li>Compatible avec des syst\u00e8mes tels que : Garmin, UNSD, ARNAV, IIMorrow, Bendix King<\/li>\n<\/ul>\n","protected":false},"excerpt":{"rendered":"<p>En cas d&#8217;urgence, ayez l&#8217;esprit tranquille&nbsp;: gr\u00e2ce \u00e0 l&#8217;interface ELT -Navigation, les \u00e9quipes de recherche et de ELT conna\u00eetront votre position \u00e0 100&nbsp;m\u00e8tres pr\u00e8s. Cette interface est con\u00e7ue pour se connecter au calculateur de gestion de vol (FMC) ou au r\u00e9cepteur GPS de l&#8217;avion et \u00e0 n&#8217;importe quel ELT de la s\u00e9rie 406&nbsp;MHz. Votre position et votre signal de d\u00e9tresse sont ainsi transmis.  <\/p>\n","protected":false},"featured_media":153264,"template":"","meta":{"_acf_changed":false,"om_disable_all_campaigns":false},"product_brand":[],"product_cat":[5628,8483,5961,5630],"product_tag":[8718,5633,8711,8716,8714,8712,8720],"class_list":{"0":"post-153260","1":"product","2":"type-product","3":"status-publish","4":"has-post-thumbnail","6":"product_cat-aviation-fr","7":"product_cat-avions-commerciaux","8":"product_cat-jet-daffaires","9":"product_cat-rotocraft-fr","10":"product_tag-avion-fr","11":"product_tag-elt-fr","12":"product_tag-elt-pour-naviguer","13":"product_tag-interface-de-navigation","14":"product_tag-interface-elt-vers-navigation","15":"product_tag-navigation-fr","16":"product_tag-vol","17":"pa_aircraft-type-avion-de-ligne","18":"pa_aircraft-type-avions-de-ligne","19":"pa_aircraft-type-gros-jets","20":"pa_aircraft-type-rotocraft-fr","21":"pa_product-solutions-elt","23":"first","24":"instock","25":"taxable","26":"shipping-taxable","27":"product-type-simple"},"acf":[],"_links":{"self":[{"href":"https:\/\/www.acrartex.com\/fr\/wp-json\/wp\/v2\/product\/153260","targetHints":{"allow":["GET"]}}],"collection":[{"href":"https:\/\/www.acrartex.com\/fr\/wp-json\/wp\/v2\/product"}],"about":[{"href":"https:\/\/www.acrartex.com\/fr\/wp-json\/wp\/v2\/types\/product"}],"wp:featuredmedia":[{"embeddable":true,"href":"https:\/\/www.acrartex.com\/fr\/wp-json\/wp\/v2\/media\/153264"}],"wp:attachment":[{"href":"https:\/\/www.acrartex.com\/fr\/wp-json\/wp\/v2\/media?parent=153260"}],"wp:term":[{"taxonomy":"product_brand","embeddable":true,"href":"https:\/\/www.acrartex.com\/fr\/wp-json\/wp\/v2\/product_brand?post=153260"},{"taxonomy":"product_cat","embeddable":true,"href":"https:\/\/www.acrartex.com\/fr\/wp-json\/wp\/v2\/product_cat?post=153260"},{"taxonomy":"product_tag","embeddable":true,"href":"https:\/\/www.acrartex.com\/fr\/wp-json\/wp\/v2\/product_tag?post=153260"}],"curies":[{"name":"wp","href":"https:\/\/api.w.org\/{rel}","templated":true}]}}