{"id":152905,"date":"2021-03-16T08:12:52","date_gmt":"2021-03-16T13:12:52","guid":{"rendered":"https:\/\/www.acrartex.com\/products\/support-epirb-quickdraw-cat-ii\/"},"modified":"2021-03-16T08:12:52","modified_gmt":"2021-03-16T13:12:52","slug":"support-epirb-quickdraw-cat-ii","status":"publish","type":"product","link":"https:\/\/www.acrartex.com\/fr\/products\/support-epirb-quickdraw-cat-ii\/","title":{"rendered":"Support EPIRB QuickDraw\u2122 Cat II"},"content":{"rendered":"<ul>\n<li>Le montage unidirectionnel \u00e9limine la possibilit\u00e9 d&#8217;installer EPIRB \u00e0 l&#8217;envers<\/li>\n<li>L&#8217;aimant de d\u00e9sactivation int\u00e9gr\u00e9 emp\u00eache l&#8217; EPIRB de transmettre jusqu&#8217;\u00e0 son d\u00e9ploiement<\/li>\n<li>Fonctionne avec l&#8217; ACR GlobalFix \u2122 iPRO (RLB-36), GlobalFix \u2122 PRO (RLB-37), SATELLITE 3 406\u2122 (RLB-38), ResQmate G (RLB-39A) et ResQmate (RLB-40)<\/li>\n<\/ul>\n","protected":false},"excerpt":{"rendered":"<p>Le QuickDraw\u2122 Cat II est fabriqu\u00e9 \u00e0 partir d&#8217;un mat\u00e9riau haute densit\u00e9, qui stocke en toute s\u00e9curit\u00e9 votre GlobalFix \u2122 iPRO\/PRO m\u00eame apr\u00e8s des ann\u00e9es d&#8217;aventures.<\/p>\n<p>Ce support EPIRB fonctionne avec les produits suivants :<\/p>\n<p>\u2022 GlobalFix \u2122 iPRO (RLB-36)<\/p>\n<p>\u2022 GlobalFix \u2122 PRO (RLB-37)<\/p>\n<p>\u2022 SATELLITE 3 406\u2122 (RLB-38)<\/p>\n<p>\u2022 ResQmate G (RLB-39A)<\/p>\n<p>\u2022 ResQmate (RLB-40)<\/p>\n<p>&nbsp;<\/p>\n<p><span style=\"color: #e74c3c;\">CODE&nbsp;: <strong>SHIPFREE19<\/strong> Livraison terrestre offerte pour toute commande sup\u00e9rieure \u00e0 30&nbsp;$&nbsp;US. Hors Hawa\u00ef et Alaska. <\/span><\/p>\n<p>&nbsp;<\/p>\n","protected":false},"featured_media":152907,"template":"","meta":{"_acf_changed":false,"om_disable_all_campaigns":false},"product_brand":[],"product_cat":[5950,5944,5721,5948,5946],"product_tag":[8113,6842,8217,8205,8211,8218,8213,8215,8207,8209],"class_list":{"0":"post-152905","1":"product","2":"type-product","3":"status-publish","4":"has-post-thumbnail","6":"product_cat-commercial-fr","7":"product_cat-interieur","8":"product_cat-marin-fr","9":"product_cat-offshore-fr","10":"product_cat-pres-du-rivage","11":"product_tag-acr-fr","12":"product_tag-chat-i","13":"product_tag-degaine","14":"product_tag-epirb-cat-2-fr","15":"product_tag-epirb-montee-sur-cloison","16":"product_tag-rapide","17":"product_tag-support-a-profil-bas-pour-epirb","18":"product_tag-tirage-rapide","19":"product_tag-tranche-de-categorie-2","20":"product_tag-tranche-de-categorie-ii","21":"pa_boat-size-0-20-fr","22":"pa_boat-size-21-40-fr","23":"pa_boat-size-40-80-fr","24":"pa_boat-size-80-fr","25":"pa_boat-type-bateau-a-moteur","26":"pa_boat-type-cargo","27":"pa_boat-type-location-de-yacht","28":"pa_boat-type-peche-commerciale","29":"pa_boat-type-remorqueur","30":"pa_boat-type-sportcraft-fr","31":"pa_boat-type-voilier","32":"pa_boat-type-yacht-fr","33":"pa_product-accessoires-de-securite","34":"pa_product-heritage","35":"pa_product-rescue-beacons-fr","36":"pa_product-rescue-beacons-vhf-sart-fr","38":"first","39":"outofstock","40":"taxable","41":"shipping-taxable","42":"product-type-simple"},"acf":[],"_links":{"self":[{"href":"https:\/\/www.acrartex.com\/fr\/wp-json\/wp\/v2\/product\/152905","targetHints":{"allow":["GET"]}}],"collection":[{"href":"https:\/\/www.acrartex.com\/fr\/wp-json\/wp\/v2\/product"}],"about":[{"href":"https:\/\/www.acrartex.com\/fr\/wp-json\/wp\/v2\/types\/product"}],"wp:featuredmedia":[{"embeddable":true,"href":"https:\/\/www.acrartex.com\/fr\/wp-json\/wp\/v2\/media\/152907"}],"wp:attachment":[{"href":"https:\/\/www.acrartex.com\/fr\/wp-json\/wp\/v2\/media?parent=152905"}],"wp:term":[{"taxonomy":"product_brand","embeddable":true,"href":"https:\/\/www.acrartex.com\/fr\/wp-json\/wp\/v2\/product_brand?post=152905"},{"taxonomy":"product_cat","embeddable":true,"href":"https:\/\/www.acrartex.com\/fr\/wp-json\/wp\/v2\/product_cat?post=152905"},{"taxonomy":"product_tag","embeddable":true,"href":"https:\/\/www.acrartex.com\/fr\/wp-json\/wp\/v2\/product_tag?post=152905"}],"curies":[{"name":"wp","href":"https:\/\/api.w.org\/{rel}","templated":true}]}}