{"id":152878,"date":"2021-03-16T08:12:57","date_gmt":"2021-03-16T13:12:57","guid":{"rendered":"https:\/\/www.acrartex.com\/products\/support-epirb-sea-shelter-4-cat-i\/"},"modified":"2025-07-29T15:01:26","modified_gmt":"2025-07-29T20:01:26","slug":"support-epirb-sea-shelter-4-cat-i","status":"publish","type":"product","link":"https:\/\/www.acrartex.com\/fr\/products\/support-epirb-sea-shelter-4-cat-i\/","title":{"rendered":"Support EPIRB Sea Shelter \u2122 4 Cat I"},"content":{"rendered":"<ul>\n<li>M\u00e9canisme de lib\u00e9ration hydrostatique innovant \u00e0 changement rapide<\/li>\n<li>Le montage unidirectionnel \u00e9limine la possibilit\u00e9 d&#8217;installer EPIRB \u00e0 l&#8217;envers<\/li>\n<li>L&#8217;aimant de d\u00e9sactivation int\u00e9gr\u00e9 emp\u00eache l&#8217; EPIRB de transmettre jusqu&#8217;\u00e0 son d\u00e9ploiement<\/li>\n<li>D\u00e9ploie EPIRB lorsqu&#8217;il est immerg\u00e9 dans l&#8217;eau \u00e0 une profondeur comprise entre 4,9 et 13,1 pieds (1,5 \u00e0 4 m) Compatible uniquement avec les EPIRB GlobalFix \u2122 V4 (mod\u00e8le RLB-41)<\/li>\n<\/ul>\n","protected":false},"excerpt":{"rendered":"<p>Les conditions difficiles n&#8217;ont aucune chance contre le Sea Shelter \u2122 4 Cat I. Ce support EPIRB est enti\u00e8rement ferm\u00e9, vous offrant une protection m\u00eame lors de vos aventures les plus extr\u00eames. Si votre embarcation prend l&#8217;eau, le Sea Shelter d\u00e9ploiera automatiquement votre EPIRB et enverra un signal \u00e0 un r\u00e9seau mondial de satellites de recherche et de sauvetage. Ce support est uniquement compatible avec les EPIRB GlobalFix \u2122 V4, GlobalFix \u2122 V5 et GlobalFix \u2122 V6.  <\/p>\n<p>REMARQUE&nbsp;: Le support de remplacement Sea Shelter \u2122 (r\u00e9f. 2832) n&#8217;inclut pas le dispositif de largage hydrostatique (HRU). Ce dispositif (r\u00e9f. 9490.1) doit \u00eatre command\u00e9 s\u00e9par\u00e9ment. <\/p>\n","protected":false},"featured_media":152879,"template":"","meta":{"_acf_changed":false,"om_disable_all_campaigns":false},"product_brand":[],"product_cat":[6680,5950,5944,5721,5948,5946],"product_tag":[8121,8113,8114,8116,8119,8115,8120,6682,5723,6691,8117,8122,8118],"class_list":{"0":"post-152878","1":"product","2":"type-product","3":"status-publish","4":"has-post-thumbnail","6":"product_cat-accessoires-de-securite","7":"product_cat-commercial-fr","8":"product_cat-interieur","9":"product_cat-marin-fr","10":"product_cat-offshore-fr","11":"product_cat-pres-du-rivage","12":"product_tag-abri-marin","13":"product_tag-acr-fr","14":"product_tag-artex-fr","15":"product_tag-categorie-1-fr","16":"product_tag-chat-1","17":"product_tag-l-sea-shelter","18":"product_tag-mer","19":"product_tag-rlb-41-fr","20":"product_tag-rls-fr","21":"product_tag-support","22":"product_tag-support-depirb","23":"product_tag-support-de-deploiement-automatique","24":"product_tag-support-epirb-cat-i","25":"pa_boat-size-0-20-fr","26":"pa_boat-size-21-40-fr","27":"pa_boat-size-40-80-fr","28":"pa_boat-size-80-fr","29":"pa_boat-type-bateau-a-moteur","30":"pa_boat-type-cargo","31":"pa_boat-type-location-de-yacht","32":"pa_boat-type-peche-commerciale","33":"pa_boat-type-remorqueur","34":"pa_boat-type-sportcraft-fr","35":"pa_boat-type-voilier","36":"pa_boat-type-yacht-fr","37":"pa_product-accessoires-de-securite","38":"pa_product-rescue-beacons-fr","39":"pa_product-rescue-beacons-vhf-sart-fr","41":"first","42":"instock","43":"taxable","44":"shipping-taxable","45":"purchasable","46":"product-type-simple"},"acf":[],"_links":{"self":[{"href":"https:\/\/www.acrartex.com\/fr\/wp-json\/wp\/v2\/product\/152878","targetHints":{"allow":["GET"]}}],"collection":[{"href":"https:\/\/www.acrartex.com\/fr\/wp-json\/wp\/v2\/product"}],"about":[{"href":"https:\/\/www.acrartex.com\/fr\/wp-json\/wp\/v2\/types\/product"}],"wp:featuredmedia":[{"embeddable":true,"href":"https:\/\/www.acrartex.com\/fr\/wp-json\/wp\/v2\/media\/152879"}],"wp:attachment":[{"href":"https:\/\/www.acrartex.com\/fr\/wp-json\/wp\/v2\/media?parent=152878"}],"wp:term":[{"taxonomy":"product_brand","embeddable":true,"href":"https:\/\/www.acrartex.com\/fr\/wp-json\/wp\/v2\/product_brand?post=152878"},{"taxonomy":"product_cat","embeddable":true,"href":"https:\/\/www.acrartex.com\/fr\/wp-json\/wp\/v2\/product_cat?post=152878"},{"taxonomy":"product_tag","embeddable":true,"href":"https:\/\/www.acrartex.com\/fr\/wp-json\/wp\/v2\/product_tag?post=152878"}],"curies":[{"name":"wp","href":"https:\/\/api.w.org\/{rel}","templated":true}]}}