{"id":152832,"date":"2021-03-16T08:14:44","date_gmt":"2021-03-16T13:14:44","guid":{"rendered":"https:\/\/www.acrartex.com\/products\/lampe-de-gilet-de-sauvetage-hemilight-3-med-et-solas\/"},"modified":"2025-12-17T14:33:20","modified_gmt":"2025-12-17T19:33:20","slug":"lampe-de-gilet-de-sauvetage-hemilight-3-med-et-solas","status":"publish","type":"product","link":"https:\/\/www.acrartex.com\/fr\/products\/lampe-de-gilet-de-sauvetage-hemilight-3-med-et-solas\/","title":{"rendered":"Lampe de gilet de sauvetage HemiLight \u2122 3 MED et SOLAS"},"content":{"rendered":"<p>Plus petit que les autres \u00e9clairages pour gilets de sauvetage homologu\u00e9s SOLAS et MED, le HemiLight3 pr\u00e9sente des bords arrondis pour pr\u00e9server l&#8217;int\u00e9grit\u00e9 des gilets de sauvetage gonflables. Facile \u00e0 installer, son clip de fixation accepte des sangles jusqu&#8217;\u00e0 5 cm (2 po) de large, et sa conception robuste garantit des ann\u00e9es de service et surpasse les autres \u00e9clairages SOLAS et MED. <\/p>\n<p>Cette lampe LED clignotante ultra-intensive pour VFI s&#8217;active automatiquement pendant plus de 20 heures au contact de l&#8217;eau douce ou sal\u00e9e, et s&#8217;\u00e9teint d&#8217;une simple pression sur le bouton rouge. L&#8217; HemiLight s&#8217;installe en quelques secondes sur presque tous les gilets de sauvetage, facilitant ainsi l&#8217;adaptation de grands volumes. <\/p>\n<p>Disponible en deux configurations : le HemiLight \u21223 propose un mode stroboscopique de base qui peut \u00eatre activ\u00e9 manuellement ou automatiquement.<\/p>\n<p><iframe loading=\"lazy\" title=\"ACR GMDSS Suite: Hemilight 3 Life Jacket Lights\" width=\"500\" height=\"281\" src=\"https:\/\/www.youtube.com\/embed\/yniYx7MjkrA?feature=oembed\" frameborder=\"0\" allow=\"accelerometer; autoplay; clipboard-write; encrypted-media; gyroscope; picture-in-picture; web-share\" referrerpolicy=\"strict-origin-when-cross-origin\" allowfullscreen><\/iframe><\/p>\n","protected":false},"excerpt":{"rendered":"<p>La lampe de survie clignotante ACR Auto HemiLight \u21223 s&#8217;installe facilement et rapidement sur presque tous les gilets de sauvetage. Plus petite que les autres lampes homologu\u00e9es, la HemiLight \u2122\u025c pr\u00e9sente des bords arrondis pour pr\u00e9server l&#8217;int\u00e9grit\u00e9 des gilets de sauvetage gonflables et est conforme aux normes USCG, MED et SOLAS. La lampe LED clignotante haute intensit\u00e9 s&#8217;active automatiquement pendant plus de 20 heures au contact de l&#8217;eau douce ou sal\u00e9e, et s&#8217;\u00e9teint d&#8217;une simple pression sur le bouton rouge. Les boucles de fixation permettent d&#8217;attacher des sangles jusqu&#8217;\u00e0 5 cm de large, et sa conception robuste garantit des ann\u00e9es de service.   <\/p>\n<p>&nbsp;<\/p>\n<p><span style=\"font-size: 11.0pt;\"><a style=\"color: blue; text-decoration: underline;\" href=\"https:\/\/www.dropbox.com\/s\/0ezw0kexbm120vv\/Prop%2065%20-%20Lead%20and%20Lead%20Compounds.pdf?dl=0\">AVERTISSEMENT : PROPOSITION 65<\/a><\/span><\/p>\n<p>&nbsp;<\/p>\n<p>&nbsp;<\/p>\n","protected":false},"featured_media":12237,"template":"","meta":{"_acf_changed":false,"om_disable_all_campaigns":false},"product_brand":[],"product_cat":[6680,5950,5787,5956,5944,5721,5948,5946,5952,5954,5958],"product_tag":[8051,8049,8046,8044,8041,8056,8053],"class_list":{"0":"post-152832","1":"product","2":"type-product","3":"status-publish","4":"has-post-thumbnail","6":"product_cat-accessoires-de-securite","7":"product_cat-commercial-fr","8":"product_cat-de-plein-air","9":"product_cat-equipement-de-voyage","10":"product_cat-interieur","11":"product_cat-marin-fr","12":"product_cat-offshore-fr","13":"product_cat-pres-du-rivage","14":"product_cat-randonnee-escalade-camp","15":"product_cat-sport-daction-tout-terrain","16":"product_cat-sports-de-pagaie-peche","17":"product_tag-convention-solas","18":"product_tag-hemisphere","19":"product_tag-lumiere-de-gilet-de-sauvetage","20":"product_tag-lumiere-de-survivant","21":"product_tag-lumieres-stroboscopiques","22":"product_tag-med-fr","23":"product_tag-smdsm","24":"pa_boat-size-0-20-fr","25":"pa_boat-size-21-40-fr","26":"pa_boat-size-40-80-fr","27":"pa_boat-size-80-fr","28":"pa_boat-type-bateau-a-moteur","29":"pa_boat-type-cargo","30":"pa_boat-type-location-de-yacht","31":"pa_boat-type-peche-commerciale","32":"pa_boat-type-remorqueur","33":"pa_boat-type-sportcraft-fr","34":"pa_boat-type-voilier","35":"pa_boat-type-yacht-fr","36":"pa_product-accessoires-de-securite","37":"pa_product-lumieres-de-sauvetage","39":"first","40":"instock","41":"sale","42":"taxable","43":"shipping-taxable","44":"purchasable","45":"product-type-variable"},"acf":[],"_links":{"self":[{"href":"https:\/\/www.acrartex.com\/fr\/wp-json\/wp\/v2\/product\/152832","targetHints":{"allow":["GET"]}}],"collection":[{"href":"https:\/\/www.acrartex.com\/fr\/wp-json\/wp\/v2\/product"}],"about":[{"href":"https:\/\/www.acrartex.com\/fr\/wp-json\/wp\/v2\/types\/product"}],"wp:featuredmedia":[{"embeddable":true,"href":"https:\/\/www.acrartex.com\/fr\/wp-json\/wp\/v2\/media\/12237"}],"wp:attachment":[{"href":"https:\/\/www.acrartex.com\/fr\/wp-json\/wp\/v2\/media?parent=152832"}],"wp:term":[{"taxonomy":"product_brand","embeddable":true,"href":"https:\/\/www.acrartex.com\/fr\/wp-json\/wp\/v2\/product_brand?post=152832"},{"taxonomy":"product_cat","embeddable":true,"href":"https:\/\/www.acrartex.com\/fr\/wp-json\/wp\/v2\/product_cat?post=152832"},{"taxonomy":"product_tag","embeddable":true,"href":"https:\/\/www.acrartex.com\/fr\/wp-json\/wp\/v2\/product_tag?post=152832"}],"curies":[{"name":"wp","href":"https:\/\/api.w.org\/{rel}","templated":true}]}}