{"id":152825,"date":"2021-03-16T08:14:31","date_gmt":"2021-03-16T13:14:31","guid":{"rendered":"https:\/\/www.acrartex.com\/products\/interrupteur-a-distance-standard-455-6196\/"},"modified":"2021-03-16T08:14:31","modified_gmt":"2021-03-16T13:14:31","slug":"interrupteur-a-distance-standard-455-6196","status":"publish","type":"product","link":"https:\/\/www.acrartex.com\/fr\/products\/interrupteur-a-distance-standard-455-6196\/","title":{"rendered":"Interrupteur \u00e0 distance, standard 455-6196"},"content":{"rendered":"","protected":false},"excerpt":{"rendered":"<p>Ce commutateur \u00e0 distance est standard pour tous ELT TSO C91a et TSO C126, \u00e0 l&#8217;exception des ELT ME406 ACE et B406. Si un client OEM requiert un mod\u00e8le de commutateur \u00e0 distance sp\u00e9cifique, ou si l&#8217; ELT est sp\u00e9cifiquement destin\u00e9 \u00e0 des applications militaires, ce commutateur \u00e0 distance ne sera pas non plus standard. <\/p>\n<p>&nbsp;<\/p>\n","protected":false},"featured_media":152830,"template":"","meta":{"_acf_changed":false,"om_disable_all_campaigns":false},"product_brand":[],"product_cat":[2922],"product_tag":[8039,6895,8037,8038],"class_list":{"0":"post-152825","1":"product","2":"type-product","3":"status-publish","4":"has-post-thumbnail","6":"product_cat-non-categorise","7":"product_tag-455-6196-fr","8":"product_tag-interrupteur-a-distance","9":"product_tag-norme-455-6196","10":"product_tag-standard-fr","12":"first","13":"instock","14":"taxable","15":"shipping-taxable","16":"product-type-simple"},"acf":[],"_links":{"self":[{"href":"https:\/\/www.acrartex.com\/fr\/wp-json\/wp\/v2\/product\/152825","targetHints":{"allow":["GET"]}}],"collection":[{"href":"https:\/\/www.acrartex.com\/fr\/wp-json\/wp\/v2\/product"}],"about":[{"href":"https:\/\/www.acrartex.com\/fr\/wp-json\/wp\/v2\/types\/product"}],"wp:featuredmedia":[{"embeddable":true,"href":"https:\/\/www.acrartex.com\/fr\/wp-json\/wp\/v2\/media\/152830"}],"wp:attachment":[{"href":"https:\/\/www.acrartex.com\/fr\/wp-json\/wp\/v2\/media?parent=152825"}],"wp:term":[{"taxonomy":"product_brand","embeddable":true,"href":"https:\/\/www.acrartex.com\/fr\/wp-json\/wp\/v2\/product_brand?post=152825"},{"taxonomy":"product_cat","embeddable":true,"href":"https:\/\/www.acrartex.com\/fr\/wp-json\/wp\/v2\/product_cat?post=152825"},{"taxonomy":"product_tag","embeddable":true,"href":"https:\/\/www.acrartex.com\/fr\/wp-json\/wp\/v2\/product_tag?post=152825"}],"curies":[{"name":"wp","href":"https:\/\/api.w.org\/{rel}","templated":true}]}}