{"id":152754,"date":"2021-03-16T08:16:33","date_gmt":"2021-03-16T13:16:33","guid":{"rendered":"https:\/\/www.acrartex.com\/products\/c-lights\/"},"modified":"2026-04-06T09:39:01","modified_gmt":"2026-04-06T14:39:01","slug":"c-lights","status":"publish","type":"product","link":"https:\/\/www.acrartex.com\/fr\/products\/c-lights\/","title":{"rendered":"C-Lights"},"content":{"rendered":"<p>Le C-Light s&#8217;active manuellement gr\u00e2ce \u00e0 une simple rotation marche\/arr\u00eat et le mod\u00e8le C-Light H2O comprend deux m\u00e9thodes d&#8217;activation ; la lumi\u00e8re peut \u00eatre facilement activ\u00e9e par une simple pression sur le bouton marche\/arr\u00eat ou, lorsqu&#8217;elle est en position arm\u00e9e, peut \u00eatre activ\u00e9e automatiquement lorsqu&#8217;elle est immerg\u00e9e dans l&#8217;eau.<\/p>\n<p>&nbsp;<\/p>\n<p>Fin, l\u00e9ger et polyvalent, il se glisse facilement dans une poche ou se suspend discr\u00e8tement \u00e0 un gilet de sauvetage ou \u00e0 un sac \u00e0 dos. Les boucles d&#8217;arrimage flexibles sur le c\u00f4t\u00e9 offrent de multiples options de fixation, notamment sur la sangle de votre sac \u00e0 dos ou sur les sangles de votre gilet de sauvetage. La sangle <sup>Velcro\u00ae<\/sup> se fixe autour des boucles d&#8217;arrimage et offre d&#8217;innombrables possibilit\u00e9s de fixation. La lampe est \u00e9galement livr\u00e9e avec un clip pratique pour se glisser sur le tube de gonflage buccal de votre gilet de sauvetage gonflable et ainsi la ranger \u00e0 l&#8217;int\u00e9rieur.   <\/p>\n<p>&nbsp;<\/p>\n<p><strong>Caract\u00e9ristiques:<\/strong><\/p>\n<ul>\n<li>Pour une assistance de localisation en cas d&#8217;urgence en cas de faible luminosit\u00e9<\/li>\n<li>LED blanche extr\u00eamement lumineuse de 20 lumens<\/li>\n<li>Dur\u00e9e de vie prolong\u00e9e en continu de plus de 30 heures<\/li>\n<li>\u00c9tanche \u2013 Test\u00e9 pendant 24 heures \u00e0 1 m (3,3 pi)<\/li>\n<li>Activation\/d\u00e9sactivation facile par simple rotation<\/li>\n<li>Bo\u00eetier r\u00e9sistant aux chocs<\/li>\n<li>Fonctionne avec deux piles \u00ab AA \u00bb de 1,5 V (non incluses)<\/li>\n<li>Approuv\u00e9 par l&#8217;USCG\/SOLAS<\/li>\n<li>Id\u00e9al pour les gilets de sauvetage, le camping, le v\u00e9lo, l&#8217;automobile, etc.<\/li>\n<li>Sangle Velcro\u00ae incluse (avec version card\u00e9e) utilis\u00e9e en conjonction avec des boucles d&#8217;arrimage int\u00e9gr\u00e9es pour une flexibilit\u00e9 de montage<\/li>\n<li>Clip PFD inclus (avec version cartonn\u00e9e) pour une fixation facile au tube de gonflage oral<\/li>\n<li>Capteurs d&#8217;activation de l&#8217;eau \u2013 Activation automatique au contact de l&#8217;eau (Exclusivit\u00e9 C-Light H20 \u2013 3962.1)<\/li>\n<\/ul>\n","protected":false},"excerpt":{"rendered":"<p>Compactes, robustes et \u00e9tanches, les C-Light (non activ\u00e9es par l&#8217;eau) et C-Light H2O (activ\u00e9es par l&#8217;eau) sont homologu\u00e9es USCG\/SOLAS et disposent d&#8217;une LED de 20 lumens fonctionnant g\u00e9n\u00e9ralement 30 heures en continu. Dot\u00e9es d&#8217;un bo\u00eetier r\u00e9sistant aux chocs, ces lampes de d\u00e9tresse personnelles \u00e0 \u00e9clairage fixe sont fiables et polyvalentes, id\u00e9ales pour un \u00e9clairage de d\u00e9tresse efficace. <\/p>\n<p>&nbsp;<\/p>\n<p style=\"margin-left: 0in; margin-right: 0in;\"><span style=\"font-size: 11pt;\"><span style=\"font-family: Calibri,sans-serif;\"><a style=\"color: blue; text-decoration: underline;\" href=\"https:\/\/www.dropbox.com\/s\/8343nj28z0d7bxa\/Prop%2065%20-%20BPA.pdf?dl=0\"><span style=\"color: #000000;\">AVERTISSEMENT : PROPOSITION 65<\/span><\/a><\/span><\/span><\/p>\n<p style=\"margin-left: 0in; margin-right: 0in;\">\n","protected":false},"featured_media":152758,"template":"","meta":{"_acf_changed":false,"om_disable_all_campaigns":false},"product_brand":[],"product_cat":[5950,5787,5956,5944,5721,5948,5946,7903,5952,5954,5958],"product_tag":[7914,7906,7926,7917,7923,7920,7699,7911,7929],"class_list":{"0":"post-152754","1":"product","2":"type-product","3":"status-publish","4":"has-post-thumbnail","6":"product_cat-commercial-fr","7":"product_cat-de-plein-air","8":"product_cat-equipement-de-voyage","9":"product_cat-interieur","10":"product_cat-marin-fr","11":"product_cat-offshore-fr","12":"product_cat-pres-du-rivage","13":"product_cat-produits-de-signalisation","14":"product_cat-randonnee-escalade-camp","15":"product_cat-sport-daction-tout-terrain","16":"product_cat-sports-de-pagaie-peche","17":"product_tag-c-lumiere","18":"product_tag-c-light-fr","19":"product_tag-eclairage-led-acr","20":"product_tag-eclairage-led-de-secours","21":"product_tag-feux-de-detresse","22":"product_tag-lampe-led-c-light-acr","23":"product_tag-lumiere","24":"product_tag-lumiere-acr-c","25":"product_tag-lumiere-pfd","26":"pa_activity-camping-fr","27":"pa_activity-cross-country-fr","28":"pa_activity-escalade","29":"pa_activity-motoneige","30":"pa_activity-peche","31":"pa_activity-randonnee","32":"pa_activity-ski-snowboard-fr","33":"pa_activity-sports-de-pagaie","34":"pa_activity-tout-terrain-4x4","35":"pa_activity-velo","36":"pa_boat-size-0-20-fr","37":"pa_boat-size-21-40-fr","38":"pa_boat-size-40-80-fr","39":"pa_boat-size-80-fr","40":"pa_boat-type-bateau-a-moteur","41":"pa_boat-type-cargo","42":"pa_boat-type-location-de-yacht","43":"pa_boat-type-peche-commerciale","44":"pa_boat-type-remorqueur","45":"pa_boat-type-sportcraft-fr","46":"pa_boat-type-voilier","47":"pa_boat-type-yacht-fr","48":"pa_product-accessoires-de-securite","49":"pa_product-lumieres-de-sauvetage","50":"pa_product-produits-de-signalisation","51":"pa_terrain-colline-et-montagne","52":"pa_terrain-foret-et-jungle","53":"pa_terrain-rivieres-zones-humides-lacs","54":"pa_terrain-toundra","56":"first","57":"instock","58":"taxable","59":"shipping-taxable","60":"purchasable","61":"product-type-variable"},"acf":[],"_links":{"self":[{"href":"https:\/\/www.acrartex.com\/fr\/wp-json\/wp\/v2\/product\/152754","targetHints":{"allow":["GET"]}}],"collection":[{"href":"https:\/\/www.acrartex.com\/fr\/wp-json\/wp\/v2\/product"}],"about":[{"href":"https:\/\/www.acrartex.com\/fr\/wp-json\/wp\/v2\/types\/product"}],"wp:featuredmedia":[{"embeddable":true,"href":"https:\/\/www.acrartex.com\/fr\/wp-json\/wp\/v2\/media\/152758"}],"wp:attachment":[{"href":"https:\/\/www.acrartex.com\/fr\/wp-json\/wp\/v2\/media?parent=152754"}],"wp:term":[{"taxonomy":"product_brand","embeddable":true,"href":"https:\/\/www.acrartex.com\/fr\/wp-json\/wp\/v2\/product_brand?post=152754"},{"taxonomy":"product_cat","embeddable":true,"href":"https:\/\/www.acrartex.com\/fr\/wp-json\/wp\/v2\/product_cat?post=152754"},{"taxonomy":"product_tag","embeddable":true,"href":"https:\/\/www.acrartex.com\/fr\/wp-json\/wp\/v2\/product_tag?post=152754"}],"curies":[{"name":"wp","href":"https:\/\/api.w.org\/{rel}","templated":true}]}}