{"id":152671,"date":"2021-03-16T08:16:22","date_gmt":"2021-03-16T13:16:22","guid":{"rendered":"https:\/\/www.acrartex.com\/products\/ms-2000m2-waterbug\/"},"modified":"2021-03-16T08:16:22","modified_gmt":"2021-03-16T13:16:22","slug":"ms-2000m2-waterbug","status":"publish","type":"product","link":"https:\/\/www.acrartex.com\/fr\/products\/ms-2000m2-waterbug\/","title":{"rendered":"MS-2000(M2) Waterbug"},"content":{"rendered":"<p>Tout comme nos SDU-5E et MS-2000(M) hautement r\u00e9put\u00e9s et fiables, le MS-2000(M2) est con\u00e7u pour respecter ou d\u00e9passer les sp\u00e9cifications militaires, notamment MIL-L-38217D et CID AA-59176, et il dispose de nombreuses fonctionnalit\u00e9s am\u00e9lior\u00e9es de sauvetage pour r\u00e9pondre \u00e0 de multiples capacit\u00e9s de mission.<\/p>\n<ul>\n<li>La nouvelle fonction de vibration vous avertit de l&#8217;activation et des changements de mode de mani\u00e8re secr\u00e8te lorsque vous utilisez le bouclier IR<\/li>\n<li>Les capteurs d&#8217;activation de l&#8217;eau activent automatiquement la lumi\u00e8re lorsqu&#8217;ils sont arm\u00e9s<\/li>\n<li>4 modes d&#8217;activation au choix&nbsp;: arm\u00e9, stroboscopique, SOS ou fixe<\/li>\n<li>R\u00e9pond aux exigences les plus r\u00e9centes de l&#8217;arm\u00e9e et s&#8217;adapte \u00e0 pratiquement toutes les applications<\/li>\n<li>Un nouveau dispositif de retenue en acier tress\u00e9 maintient le couvercle de la batterie attach\u00e9<\/li>\n<li>Le rev\u00eatement conforme en silicone sur les composants \u00e9lectroniques prot\u00e8ge contre l&#8217;humidit\u00e9<\/li>\n<li>Le filtre bleu directionnel alerte les forces amies et distingue le stroboscope du tir au sol.<\/li>\n<li>Jusqu&#8217;\u00e0 56 heures de fonctionnement avec 2 piles alcalines AA standard (utilisez des piles au lithium pour les environnements extr\u00eamement froids ou le stockage \u00e0 long terme)<\/li>\n<li>Filtre infrarouge (IR) attach\u00e9 pour la visualisation avec des lunettes de vision nocturne (NVG) avec doublure en feutre pour \u00e9viter les fuites de lumi\u00e8re manifestes<\/li>\n<li>Technologie LED de pointe<\/li>\n<li>Les indicateurs de polarit\u00e9 sur\u00e9lev\u00e9s permettent un placement correct de la batterie<\/li>\n<\/ul>\n","protected":false},"excerpt":{"rendered":"<p>Pour sauver des vies, rien de moins que le meilleur n&#8217;est envisageable. Depuis son lancement, le MS-2000 original est devenu la lampe phare de recherche et sauvetage au combat (C-SAR) des forces militaires d&#8217;\u00e9lite du monde entier. Ce feu de balisage stroboscopique est dot\u00e9 de la derni\u00e8re technologie LED et r\u00e9pond aux exigences militaires les plus r\u00e9centes. Sa fonction de vibration vous avertit de l&#8217;activation et des changements de mode lors de l&#8217;utilisation du bouclier infrarouge, et ses capteurs d&#8217;activation par l&#8217;eau allument automatiquement la lampe au contact de l&#8217;eau douce ou sal\u00e9e. Avec 4 modes d&#8217;activation au choix&nbsp;: Arm\u00e9, Stroboscope, SOS ou Fixe, vous serez pr\u00eat \u00e0 utiliser votre lampe dans presque toutes les situations.    <\/p>\n","protected":false},"featured_media":152681,"template":"","meta":{"_acf_changed":false,"om_disable_all_campaigns":false},"product_brand":[],"product_cat":[5943],"product_tag":[7708,7709,7705,7699,7706,7507,7707,7701],"class_list":{"0":"post-152671","1":"product","2":"type-product","3":"status-publish","4":"has-post-thumbnail","6":"product_cat-militaire","7":"product_tag-3991-fr","8":"product_tag-3991-2-fr","9":"product_tag-feu-de-balisage-stroboscopique-waterbug","10":"product_tag-lumiere","11":"product_tag-lumiere-du-marche","12":"product_tag-ms2000-fr","13":"product_tag-punaise-deau","14":"product_tag-stroboscope","16":"first","17":"instock","18":"taxable","19":"shipping-taxable","20":"product-type-simple"},"acf":[],"_links":{"self":[{"href":"https:\/\/www.acrartex.com\/fr\/wp-json\/wp\/v2\/product\/152671","targetHints":{"allow":["GET"]}}],"collection":[{"href":"https:\/\/www.acrartex.com\/fr\/wp-json\/wp\/v2\/product"}],"about":[{"href":"https:\/\/www.acrartex.com\/fr\/wp-json\/wp\/v2\/types\/product"}],"wp:featuredmedia":[{"embeddable":true,"href":"https:\/\/www.acrartex.com\/fr\/wp-json\/wp\/v2\/media\/152681"}],"wp:attachment":[{"href":"https:\/\/www.acrartex.com\/fr\/wp-json\/wp\/v2\/media?parent=152671"}],"wp:term":[{"taxonomy":"product_brand","embeddable":true,"href":"https:\/\/www.acrartex.com\/fr\/wp-json\/wp\/v2\/product_brand?post=152671"},{"taxonomy":"product_cat","embeddable":true,"href":"https:\/\/www.acrartex.com\/fr\/wp-json\/wp\/v2\/product_cat?post=152671"},{"taxonomy":"product_tag","embeddable":true,"href":"https:\/\/www.acrartex.com\/fr\/wp-json\/wp\/v2\/product_tag?post=152671"}],"curies":[{"name":"wp","href":"https:\/\/api.w.org\/{rel}","templated":true}]}}