{"id":152575,"date":"2021-03-16T08:16:09","date_gmt":"2021-03-16T13:16:09","guid":{"rendered":"https:\/\/www.acrartex.com\/products\/ms-2000m2-doublefly\/"},"modified":"2021-03-16T08:16:09","modified_gmt":"2021-03-16T13:16:09","slug":"ms-2000m2-doublefly","status":"publish","type":"product","link":"https:\/\/www.acrartex.com\/fr\/products\/ms-2000m2-doublefly\/","title":{"rendered":"MS-2000(M2) Doublefly"},"content":{"rendered":"<p>Tout comme nos SDU-5E et MS-2000(M) hautement r\u00e9put\u00e9s et fiables, le MS-2000(M2) est con\u00e7u pour respecter ou d\u00e9passer les sp\u00e9cifications militaires, notamment MIL-L-38217D et CID AA-59176, et il dispose de nombreuses fonctionnalit\u00e9s am\u00e9lior\u00e9es de sauvetage pour r\u00e9pondre \u00e0 de multiples capacit\u00e9s de mission.<\/p>\n<ul>\n<li>La nouvelle fonction de vibration vous avertit de l&#8217;activation et des changements de mode de mani\u00e8re secr\u00e8te lorsque vous utilisez le bouclier IR<\/li>\n<li>3 modes d&#8217;activation au choix&nbsp;: stroboscope, SOS ou fixe<\/li>\n<li>R\u00e9pond aux exigences les plus r\u00e9centes de l&#8217;arm\u00e9e et s&#8217;adapte \u00e0 pratiquement toutes les applications<\/li>\n<li>Un nouveau dispositif de retenue en acier tress\u00e9 maintient le couvercle de la batterie attach\u00e9<\/li>\n<li>Le rev\u00eatement conforme en silicone sur les composants \u00e9lectroniques prot\u00e8ge contre l&#8217;humidit\u00e9<\/li>\n<li>Le filtre bleu directionnel alerte les forces amies et distingue le stroboscope du tir au sol.<\/li>\n<li>Jusqu&#8217;\u00e0 56 heures de fonctionnement avec 2 piles alcalines AA standard (utilisez des piles au lithium pour les environnements extr\u00eamement froids ou le stockage \u00e0 long terme)<\/li>\n<li>Filtre infrarouge (IR) attach\u00e9 pour la visualisation avec des lunettes de vision nocturne (NVG) avec doublure en feutre pour \u00e9viter les fuites de lumi\u00e8re manifestes<\/li>\n<li>Technologie LED de pointe<\/li>\n<li>Les indicateurs de polarit\u00e9 sur\u00e9lev\u00e9s permettent un placement correct de la batterie<\/li>\n<li>D\u00e9passe la norme SOLAS<\/li>\n<\/ul>\n","protected":false},"excerpt":{"rendered":"<p>Pr\u00e9sentation de la nouvelle version M2&nbsp;: un feu de balisage stroboscopique plus lumineux et plus simple d&#8217;utilisation que son pr\u00e9d\u00e9cesseur. Pour sauver des vies, rien de moins que l&#8217;excellence n&#8217;est envisageable. Le MS-2000(M2) Doublefly est con\u00e7u pour r\u00e9pondre aux sp\u00e9cifications militaires, et souvent m\u00eame les d\u00e9passer, et est con\u00e7u pour une utilisation polyvalente.  <\/p>\n","protected":false},"featured_media":152583,"template":"","meta":{"_acf_changed":false,"om_disable_all_campaigns":false},"product_brand":[],"product_cat":[5967,5969,5943,5965,5963],"product_tag":[7565,7566,7518,7562,7517,7511,7513,7509,7514,7563,7564,7507,7516,7505,7515,7560,7558],"class_list":{"0":"post-152575","1":"product","2":"type-product","3":"status-publish","4":"has-post-thumbnail","6":"product_cat-forces-navales","7":"product_cat-forces-terrestres-speciales","8":"product_cat-militaire","9":"product_cat-patrouille-aerienne","10":"product_cat-police-municipalite","11":"product_tag-3994-fr","12":"product_tag-3994-2-fr","13":"product_tag-eclairage-de-secours-militaire","14":"product_tag-feu-de-gabarit-fixe","15":"product_tag-lampe-de-sauvetage-militaire","16":"product_tag-ms-2000-fr","17":"product_tag-ms-2000-m-fr","18":"product_tag-ms-2000m-fr","19":"product_tag-ms-2000r-fr","20":"product_tag-ms-2000m-fr-2","21":"product_tag-ms-2000m2-fr","22":"product_tag-ms2000-fr","23":"product_tag-ms2000-lumiere","24":"product_tag-ms2000m-fr","25":"product_tag-ms2000r-fr","26":"product_tag-sos-fr","27":"product_tag-stroboscope-de-type-militaire","29":"first","30":"instock","31":"taxable","32":"shipping-taxable","33":"product-type-simple"},"acf":[],"_links":{"self":[{"href":"https:\/\/www.acrartex.com\/fr\/wp-json\/wp\/v2\/product\/152575","targetHints":{"allow":["GET"]}}],"collection":[{"href":"https:\/\/www.acrartex.com\/fr\/wp-json\/wp\/v2\/product"}],"about":[{"href":"https:\/\/www.acrartex.com\/fr\/wp-json\/wp\/v2\/types\/product"}],"wp:featuredmedia":[{"embeddable":true,"href":"https:\/\/www.acrartex.com\/fr\/wp-json\/wp\/v2\/media\/152583"}],"wp:attachment":[{"href":"https:\/\/www.acrartex.com\/fr\/wp-json\/wp\/v2\/media?parent=152575"}],"wp:term":[{"taxonomy":"product_brand","embeddable":true,"href":"https:\/\/www.acrartex.com\/fr\/wp-json\/wp\/v2\/product_brand?post=152575"},{"taxonomy":"product_cat","embeddable":true,"href":"https:\/\/www.acrartex.com\/fr\/wp-json\/wp\/v2\/product_cat?post=152575"},{"taxonomy":"product_tag","embeddable":true,"href":"https:\/\/www.acrartex.com\/fr\/wp-json\/wp\/v2\/product_tag?post=152575"}],"curies":[{"name":"wp","href":"https:\/\/api.w.org\/{rel}","templated":true}]}}