{"id":152510,"date":"2021-03-16T08:15:33","date_gmt":"2021-03-16T13:15:33","guid":{"rendered":"https:\/\/www.acrartex.com\/products\/projecteur-rcl-75\/"},"modified":"2021-03-16T08:15:33","modified_gmt":"2021-03-16T13:15:33","slug":"projecteur-rcl-75","status":"publish","type":"product","link":"https:\/\/www.acrartex.com\/fr\/products\/projecteur-rcl-75\/","title":{"rendered":"Projecteur RCL -75"},"content":{"rendered":"<p><strong><span style=\"color: #e74c3c;\"><a href=\"https:\/\/www.acrartex.com\/products\/rcl-95-wireless-led-searchlight\/\">Le RCL -75 a \u00e9t\u00e9 abandonn\u00e9.<\/a>  L&#8217;assistance sous garantie est toujours accessible.<\/span><\/strong><\/p>\n<p>L&#8217;\u00e9lectronique est int\u00e9gr\u00e9e \u00e0 la t\u00eate d&#8217;\u00e9clairage \u00e9tanche plut\u00f4t qu&#8217;\u00e0 la base pour une protection accrue. Le syst\u00e8me innovant \u00ab&nbsp;direct drive&nbsp;\u00bb \u00e9limine les mouvements incontr\u00f4l\u00e9s de la lumi\u00e8re en conditions instables. <\/p>\n<p>Application : bateaux de plaisance, yachts de sport, bateaux de p\u00eache sportive et navires commerciaux.<\/p>\n<ul>\n<li>La conception \u00e0 double lampe offre redondance et fiabilit\u00e9 \u2013 fonctionne quand vous en avez besoin<\/li>\n<li>Ampoules halog\u00e8nes lumineuses et puissantes de 55 watts avec faisceau de 3\u00b0 h x 5\u00b0 w<\/li>\n<li>Commande par joystick de type Point Pad\u2122 facile \u00e0 installer<\/li>\n<li>Projecteur robuste, fonctionnel et riche en fonctionnalit\u00e9s, facile \u00e0 installer<\/li>\n<li>Faisceau de c\u00e2bles \u00e0 7 fils, longueur de 17 pieds<\/li>\n<li>\u00c9lectronique situ\u00e9e dans la t\u00eate d&#8217;\u00e9clairage r\u00e9sistante \u00e0 l&#8217;eau, au lieu de l&#8217;emplacement traditionnel de la base d&#8217;\u00e9clairage, pour une protection contre l&#8217;accumulation d&#8217;eau<\/li>\n<li>La conception oculaire \u00e0 inclinaison vers le bas de 45\u00b0 offre une visibilit\u00e9 am\u00e9lior\u00e9e lors de l&#8217;accostage<\/li>\n<li>Inclinaison de 18\u00b0 vers le haut pour \u00e9clairer les tours de pont-levis, etc.<\/li>\n<li>Lampes facilement rempla\u00e7ables en retirant le capuchon sup\u00e9rieur pour acc\u00e9der \u00e0 l&#8217;ensemble de feux arri\u00e8re<\/li>\n<li>Le filtre dess\u00e9ch\u00e9 ass\u00e8che l&#8217;air ; prot\u00e8ge le r\u00e9flecteur et l&#8217;ensemble d&#8217;\u00e9clairage<\/li>\n<li>Le syst\u00e8me innovant \u00ab&nbsp;direct drive&nbsp;\u00bb \u00e9limine les mouvements de lumi\u00e8re incontr\u00f4l\u00e9s dans des conditions agit\u00e9es<\/li>\n<li>Dents d&#8217;engrenages et moteurs \u00e9lectriques robustes<\/li>\n<li>Ajoutez un adaptateur et un autre Point Pad\u2122 pour un fonctionnement \u00e0 distance sur une deuxi\u00e8me station<\/li>\n<\/ul>\n<p>\u00c9tiquettes&nbsp;: projecteurs, projecteur, projecteur RCL , RCL 75, projecteur de bateau, projecteur marin, projecteurs marins, projecteur ACR , 1946, r\u00e9f. 1946<\/p>\n","protected":false},"excerpt":{"rendered":"<p><strong><span style=\"color: #e74c3c;\"><a href=\"https:\/\/www.acrartex.com\/products\/rcl-95-wireless-led-searchlight\/\">Le RCL -75 a \u00e9t\u00e9 abandonn\u00e9.<\/a>  L&#8217;assistance sous garantie est toujours accessible.<\/span><\/strong><\/p>\n<p>Le projecteur RCL -75 est sp\u00e9cialement con\u00e7u pour les bateaux de plaisance, les yachts de sport, les bateaux de p\u00eache sportive et les navires commerciaux. Sa conception \u00e0 double lampe assure redondance et fiabilit\u00e9, vous assurant ainsi un fonctionnement optimal lorsque vous en avez le plus besoin. De plus, son syst\u00e8me innovant d&#8217;entra\u00eenement direct \u00e9limine les mouvements incontr\u00f4l\u00e9s de la lumi\u00e8re par temps agit\u00e9. Ainsi, en cas de m\u00e9t\u00e9o impr\u00e9vue, vous avez la garantie que votre projecteur continuera \u00e0 briller comme pr\u00e9vu.  <\/p>\n<p>&nbsp;<\/p>\n<p style=\"margin-left: 0in; margin-right: 0in;\"><span style=\"font-size: 11pt;\"><span style=\"font-family: Calibri,sans-serif;\"><a style=\"color: blue; text-decoration: underline;\" href=\"https:\/\/www.dropbox.com\/s\/fk04stqsp2hgk5f\/Prop%2065%20-%20DEHP.pdf?dl=0\"><span style=\"color: #000000;\">AVERTISSEMENT : PROPOSITION 65<\/span><\/a><\/span><\/span><\/p>\n<p style=\"margin-left: 0in; margin-right: 0in;\">\n","protected":false},"featured_media":152512,"template":"","meta":{"_acf_changed":false,"om_disable_all_campaigns":false},"product_brand":[],"product_cat":[5944,5721,5946],"product_tag":[7448,7174,7169,7170,7171,7164,7442,7446,7444],"class_list":{"0":"post-152510","1":"product","2":"type-product","3":"status-publish","4":"has-post-thumbnail","6":"product_cat-interieur","7":"product_cat-marin-fr","8":"product_cat-pres-du-rivage","9":"product_tag-1946-fr","10":"product_tag-projecteur-acr","11":"product_tag-projecteur-de-bateau","12":"product_tag-projecteur-marin","13":"product_tag-projecteurs-marins","14":"product_tag-rcl-fr","15":"product_tag-rcl-75-fr","16":"product_tag-rcl-75-fr-2","17":"product_tag-rcl75-fr","18":"pa_product-heritage","20":"first","21":"outofstock","22":"taxable","23":"shipping-taxable","24":"product-type-simple"},"acf":[],"_links":{"self":[{"href":"https:\/\/www.acrartex.com\/fr\/wp-json\/wp\/v2\/product\/152510","targetHints":{"allow":["GET"]}}],"collection":[{"href":"https:\/\/www.acrartex.com\/fr\/wp-json\/wp\/v2\/product"}],"about":[{"href":"https:\/\/www.acrartex.com\/fr\/wp-json\/wp\/v2\/types\/product"}],"wp:featuredmedia":[{"embeddable":true,"href":"https:\/\/www.acrartex.com\/fr\/wp-json\/wp\/v2\/media\/152512"}],"wp:attachment":[{"href":"https:\/\/www.acrartex.com\/fr\/wp-json\/wp\/v2\/media?parent=152510"}],"wp:term":[{"taxonomy":"product_brand","embeddable":true,"href":"https:\/\/www.acrartex.com\/fr\/wp-json\/wp\/v2\/product_brand?post=152510"},{"taxonomy":"product_cat","embeddable":true,"href":"https:\/\/www.acrartex.com\/fr\/wp-json\/wp\/v2\/product_cat?post=152510"},{"taxonomy":"product_tag","embeddable":true,"href":"https:\/\/www.acrartex.com\/fr\/wp-json\/wp\/v2\/product_tag?post=152510"}],"curies":[{"name":"wp","href":"https:\/\/api.w.org\/{rel}","templated":true}]}}