{"id":152454,"date":"2021-03-16T08:15:18","date_gmt":"2021-03-16T13:15:18","guid":{"rendered":"https:\/\/www.acrartex.com\/products\/projecteur-a-led-rcl-100\/"},"modified":"2026-03-06T08:33:46","modified_gmt":"2026-03-06T13:33:46","slug":"projecteur-a-led-rcl-100","status":"publish","type":"product","link":"https:\/\/www.acrartex.com\/fr\/products\/projecteur-a-led-rcl-100\/","title":{"rendered":"Projecteur \u00e0 LED RCL -100"},"content":{"rendered":"<p>Le projecteur \u00e0 LED RCL -100 conserve la m\u00eame conception robuste que le RCL -100D original, mais int\u00e8gre un nouveau r\u00e9seau de 9 LED performantes produisant plus de 220&nbsp;000 candelas. Son bo\u00eetier en aluminium robuste et l\u00e9ger, ainsi que sa lentille en verre, sont \u00e9tanches pour des ann\u00e9es de fonctionnement sans probl\u00e8me. Parmi ses autres caract\u00e9ristiques, une t\u00e9l\u00e9commande filaire permet une rotation continue \u00e0 360 degr\u00e9s, \u00e0 vitesse rapide ou lente, sans arr\u00eat brutal. Avec un angle de faisceau de 7 degr\u00e9s, le projecteur offre \u00e9galement des angles d&#8217;\u00e9l\u00e9vation de 9 degr\u00e9s vers le haut et de 17 degr\u00e9s vers le bas, facilitant ainsi l&#8217;\u00e9clairage des ponts-levis, des bou\u00e9es et des quais.   <\/p>\n<p>Tous les projecteurs ne se valent pas. Leur corps est trait\u00e9 avec une triple couche d&#8217;appr\u00eat et un stabilisateur UV pour r\u00e9sister \u00e0 des ann\u00e9es d&#8217;utilisation dans un environnement marin hostile. Le projecteur LED RCL -100 est enti\u00e8rement ferm\u00e9 et offre un contr\u00f4le pr\u00e9cis de l&#8217;inclinaison du faisceau tout en \u00e9tant prot\u00e9g\u00e9. Son r\u00e9seau de LED performant offre plus de 40&nbsp;000 heures de fonctionnement. Ce projecteur int\u00e8gre \u00e9galement notre technologie exclusive XRCiZ\u2122, qui effectue une rotation ind\u00e9pendante tous les 30 jours apr\u00e8s activation, garantissant ainsi l&#8217;absence de corrosion sur toutes les surfaces d&#8217;appui et le bon fonctionnement de tous les contacts \u00e9lectriques. R\u00e9sistant aux intemp\u00e9ries, le RCL -100 LED fonctionne sur une alimentation 12 ou 24 V CC.    <\/p>\n<p>La nouvelle lampe LED ACR RCL -100 est vendue dans un kit pratique configur\u00e9 comme suit.<\/p>\n<ul>\n<li>Kit filaire&nbsp;: projecteur LED RCL -100 avec contr\u00f4leur principal et contr\u00f4leur de pointage filaire (r\u00e9f. 1951 ou 1951.B)<\/li>\n<\/ul>\n<p>&nbsp;<\/p>\n<h3>Principales caract\u00e9ristiques du nouveau RCL -100 LED :<\/h3>\n<ul>\n<li>Le r\u00e9seau ultra-lumineux de 9 LED g\u00e9n\u00e8re plus de 220 000 candelas de cr\u00eate<\/li>\n<li>LED efficaces et longue dur\u00e9e de vie \u2013 40 000 heures de fonctionnement<\/li>\n<li>R\u00e9duction de la consommation d&#8217;\u00e9nergie jusqu&#8217;\u00e0 50 % sur les navires 12 V<\/li>\n<li>Le contr\u00f4leur dispose d&#8217;une \u00e9lectronique de pointe pour prot\u00e9ger la lumi\u00e8re de la plupart des surtensions<\/li>\n<li>M\u00e9canisme d&#8217;\u00e9l\u00e9vation interne pour un contr\u00f4le pr\u00e9cis de l&#8217;inclinaison du faisceau ; prot\u00e8ge le m\u00e9canisme d&#8217;\u00e9l\u00e9vation des intemp\u00e9ries<\/li>\n<li>Bo\u00eetier robuste en aluminium de qualit\u00e9 marine, triplement appr\u00eat\u00e9 et scell\u00e9<\/li>\n<li>Comprend une t\u00e9l\u00e9commande Point Pad du bout des doigts ; jusqu&#8217;\u00e0 trois unit\u00e9s Point Pad distantes peuvent \u00eatre install\u00e9es sur le syst\u00e8me ; options de montage en surface\/encastr\u00e9 incluses<\/li>\n<li>La fonction exclusive XRCiZ\u2122 fait pivoter et d\u00e9place l&#8217;assemblage d&#8217;\u00e9clairage tous les 30 jours \u00e0 compter de l&#8217;activation pour maintenir toutes les surfaces d&#8217;appui exemptes de corrosion et tous les contacts \u00e9lectriques fonctionnels<\/li>\n<li>Le faisceau de c\u00e2bles de 15 pieds (4,57 m)<\/li>\n<li>Moteur \u00e0 deux vitesses<\/li>\n<\/ul>\n<p>&nbsp;<\/p>\n<h3>Configurations disponibles :<\/h3>\n<p>La LED RCL-100 est disponible dans un certain nombre de configurations pratiques diff\u00e9rentes, comme indiqu\u00e9 ci-dessous.<\/p>\n<p>&nbsp;<\/p>\n<p><em><strong>Num\u00e9ros de pi\u00e8ces des kits de projecteurs utilisant le pav\u00e9 tactile URP-102 et le contr\u00f4leur principal URC-103&nbsp;:<\/strong><\/em><\/p>\n<table>\n<tbody>\n<tr>\n<td width=\"103\"><strong>NUM\u00c9RO DE PI\u00c8CE<\/strong><\/td>\n<td width=\"619\"><strong>DESCRIPTION<\/strong><\/td>\n<\/tr>\n<tr>\n<td width=\"103\">1951<\/td>\n<td width=\"619\">LED RCL-100, blanc, avec contr\u00f4leur principal URC-103 et pav\u00e9 tactile URP-102<\/td>\n<\/tr>\n<tr>\n<td width=\"103\">1951.B<\/td>\n<td width=\"619\">LED RCL-100, noir, avec contr\u00f4leur principal URC-103 et pav\u00e9 tactile URP-102<\/td>\n<\/tr>\n<\/tbody>\n<\/table>\n<p>&nbsp;<\/p>\n<p><em><strong>Num\u00e9ros de pi\u00e8ces des kits de projecteurs utilisant le pav\u00e9 tactile URP-103 am\u00e9lior\u00e9 et le contr\u00f4leur principal URC-104&nbsp;:<\/strong><\/em><\/p>\n<table>\n<tbody>\n<tr>\n<td width=\"103\"><strong>NUM\u00c9RO DE PI\u00c8CE<\/strong><\/td>\n<td width=\"619\"><strong>DESCRIPTION<\/strong><\/td>\n<\/tr>\n<tr>\n<td width=\"103\">1976<\/td>\n<td width=\"619\">LED RCL-100, blanc, avec nouveau contr\u00f4leur principal URC-104, pav\u00e9 tactile URP-103 et t\u00e9l\u00e9commande sans fil portable URH-103<\/td>\n<\/tr>\n<tr>\n<td width=\"103\">1977<\/td>\n<td width=\"619\">T\u00e9l\u00e9commande sans fil RCL-100 LED noire avec contr\u00f4leur principal URC-104, pav\u00e9 tactile URP-103 et t\u00e9l\u00e9commande sans fil portable URH-103<\/td>\n<\/tr>\n<tr>\n<td width=\"103\">1978<\/td>\n<td width=\"619\">LED RCL-100, blanc, avec nouveau contr\u00f4leur principal URC-104 et pav\u00e9 tactile URP-103<\/td>\n<\/tr>\n<tr>\n<td width=\"103\">1979<\/td>\n<td width=\"619\">LED RCL-100, noir, avec nouveau contr\u00f4leur principal URC-104 et pav\u00e9 tactile URP-103<\/td>\n<\/tr>\n<\/tbody>\n<\/table>\n<h3><\/h3>\n<p>&nbsp;<\/p>\n<p>&nbsp;<\/p>\n<h3>Instructions d&#8217;installation de l&#8217;application mobile&nbsp;:<\/h3>\n<p>&nbsp;<\/p>\n<p><strong>REMARQUE&nbsp;: Le module Wi-Fi pour projecteur, n\u00e9cessaire \u00e0 l&#8217;utilisation des applications iOS ou Android, est d\u00e9sormais obsol\u00e8te. Les informations ci-dessous sont destin\u00e9es aux anciens clients poss\u00e9dant d\u00e9j\u00e0 le module Wi-Fi et pouvant donc avoir besoin d&#8217;acc\u00e9der \u00e0 l&#8217;application. <\/strong><\/p>\n<p>&nbsp;<\/p>\n<p><em><strong>iOS \u2013 Visitez l&#8217;App Store d&#8217;Apple, recherchez \u00abACR Searchlight&nbsp;\u00bb et t\u00e9l\u00e9chargez l&#8217;application gratuite<\/strong><\/em><\/p>\n<p><em><strong>Android \u2013 Comme illustr\u00e9 dans la capture d&#8217;\u00e9cran ci-dessous, acc\u00e9dez aux param\u00e8tres \u00ab&nbsp;Verrouillage et s\u00e9curit\u00e9&nbsp;\u00bb de l&#8217;appareil mobile que vous souhaitez utiliser pour contr\u00f4ler votre projecteur, s\u00e9lectionnez l&#8217;option permettant l&#8217;installation d&#8217;applications provenant de sources inconnues et cliquez sur \u00ab&nbsp;OK&nbsp;\u00bb. Apr\u00e8s avoir effectu\u00e9 ces \u00e9tapes, <a href=\"https:\/\/www.dropbox.com\/scl\/fi\/7vf72mbbatofnee3bw3mx\/ACR_searchlight_release.apk?rlkey=codcu1zvl5yhy7bryqn29e8pv&amp;dl=1\">cliquez ici<\/a> pour installer l&#8217;application mobile ACR Searchlight sur votre appareil. <\/strong><\/em><\/p>\n<p><a href=\"https:\/\/www.acrartex.com\/wp-content\/uploads\/2021\/03\/Android-Searchlight-App_Download-Instructions.png\"><img loading=\"lazy\" decoding=\"async\" class=\" wp-image-83080 aligncenter\" src=\"https:\/\/www.acrartex.com\/wp-content\/uploads\/2021\/03\/Android-Searchlight-App_Download-Instructions-300x265.png\" alt=\"\" width=\"317\" height=\"280\" srcset=\"https:\/\/www.acrartex.com\/wp-content\/uploads\/2021\/03\/Android-Searchlight-App_Download-Instructions-300x265.png 300w, https:\/\/www.acrartex.com\/wp-content\/uploads\/2021\/03\/Android-Searchlight-App_Download-Instructions.png 446w\" sizes=\"auto, (max-width: 317px) 100vw, 317px\" \/><\/a><\/p>\n","protected":false},"excerpt":{"rendered":"<p>La version LED de notre projecteur RCL -100D le plus populaire offre une performance LED haute intensit\u00e9 qui \u00e9claire la nuit et les conditions de faible luminosit\u00e9 avec une puissance lumineuse de 220&nbsp;000 candelas. Le design \u00e9pur\u00e9 RCL -100 LED en fait un choix attrayant et \u00e9conomique pour les yachts de sport, les m\u00e9ga-yachts, les bateaux de p\u00eache sportive et les navires de commerce l\u00e9gers. Gr\u00e2ce \u00e0 ses LED plus efficaces, le RCL -100 LED r\u00e9duit la consommation \u00e9lectrique jusqu&#8217;\u00e0 50&nbsp;% sur les navires 12&nbsp;V.  <\/p>\n<p>Les propri\u00e9taires du projecteur LED RCL -100 et de l&#8217;ancien projecteur halog\u00e8ne RCL -100D peuvent acheter le <a href=\"https:\/\/www.acrartex.com\/fr\/products\/module-de-telecommande-wi-fi\/\">module de t\u00e9l\u00e9commande Wi-Fi<\/a> , qui permet de contr\u00f4ler leur projecteur LED RCL -100 et RCL -100D via l&#8217;application gratuite ACR Searchlight. <a href=\"https:\/\/www.dropbox.com\/s\/68k95jlvicbgmgy\/Privacy%20Policy_ACR%20Searchlight%20App.pdf?dl=1\">La politique de confidentialit\u00e9 de l&#8217;application ACR Searchlight est accessible via ce lien<\/a> .<\/p>\n<p>&nbsp;<\/p>\n<p style=\"margin-left: 0in; margin-right: 0in;\"><span style=\"font-size: 11pt;\"><span style=\"font-family: Calibri,sans-serif;\"><a style=\"color: blue; text-decoration: underline;\" href=\"https:\/\/www.dropbox.com\/s\/ezakylsa2478sav\/Prop%2065%20-%20DINP%20and%20BPA.pdf?dl=0\"><span style=\"color: #000000;\">AVERTISSEMENT : PROPOSITION 65<\/span><\/a><\/span><\/span><\/p>\n","protected":false},"featured_media":36738,"template":"","meta":{"_acf_changed":false,"om_disable_all_campaigns":false},"product_brand":[],"product_cat":[5950,5944,5721,5948,5946,7163],"product_tag":[7355,7357,7344,7173,7351,7353,7167,7341,7348,7174,7169,7346,7350,7170,7347,7168,7338,7342,7171,7349],"class_list":{"0":"post-152454","1":"product","2":"type-product","3":"status-publish","4":"has-post-thumbnail","6":"product_cat-commercial-fr","7":"product_cat-interieur","8":"product_cat-marin-fr","9":"product_cat-offshore-fr","10":"product_cat-pres-du-rivage","11":"product_cat-projecteurs","12":"product_tag-1951-fr","13":"product_tag-1951-b-fr","14":"product_tag-acr-rcl-100-led-fr","15":"product_tag-entreprise-de-projecteurs","16":"product_tag-numero-de-piece-1951","17":"product_tag-p-n-1951-fr","18":"product_tag-projecteur","19":"product_tag-projecteur-a-led","20":"product_tag-projecteur-a-led-rcl-100","21":"product_tag-projecteur-acr","22":"product_tag-projecteur-de-bateau","23":"product_tag-projecteur-led-marin","24":"product_tag-projecteur-led-pour-bateau","25":"product_tag-projecteur-marin","26":"product_tag-projecteurs-a-led","27":"product_tag-projecteurs-a-vendre","28":"product_tag-projecteurs-de-recherche-a-led-pour-bateaux","29":"product_tag-projecteurs-led-marins","30":"product_tag-projecteurs-marins","31":"product_tag-rcl-100-led-fr","32":"pa_product-projecteurs","34":"first","35":"instock","36":"taxable","37":"shipping-taxable","38":"purchasable","39":"product-type-variable"},"acf":[],"_links":{"self":[{"href":"https:\/\/www.acrartex.com\/fr\/wp-json\/wp\/v2\/product\/152454","targetHints":{"allow":["GET"]}}],"collection":[{"href":"https:\/\/www.acrartex.com\/fr\/wp-json\/wp\/v2\/product"}],"about":[{"href":"https:\/\/www.acrartex.com\/fr\/wp-json\/wp\/v2\/types\/product"}],"wp:featuredmedia":[{"embeddable":true,"href":"https:\/\/www.acrartex.com\/fr\/wp-json\/wp\/v2\/media\/36738"}],"wp:attachment":[{"href":"https:\/\/www.acrartex.com\/fr\/wp-json\/wp\/v2\/media?parent=152454"}],"wp:term":[{"taxonomy":"product_brand","embeddable":true,"href":"https:\/\/www.acrartex.com\/fr\/wp-json\/wp\/v2\/product_brand?post=152454"},{"taxonomy":"product_cat","embeddable":true,"href":"https:\/\/www.acrartex.com\/fr\/wp-json\/wp\/v2\/product_cat?post=152454"},{"taxonomy":"product_tag","embeddable":true,"href":"https:\/\/www.acrartex.com\/fr\/wp-json\/wp\/v2\/product_tag?post=152454"}],"curies":[{"name":"wp","href":"https:\/\/api.w.org\/{rel}","templated":true}]}}