{"id":152442,"date":"2021-03-16T08:15:06","date_gmt":"2021-03-16T13:15:06","guid":{"rendered":"https:\/\/www.acrartex.com\/products\/projecteur-rcl-100d\/"},"modified":"2021-03-16T08:15:06","modified_gmt":"2021-03-16T13:15:06","slug":"projecteur-rcl-100d","status":"publish","type":"product","link":"https:\/\/www.acrartex.com\/fr\/products\/projecteur-rcl-100d\/","title":{"rendered":"Projecteur RCL -100D"},"content":{"rendered":"<p>La conception r\u00e9sistante \u00e0 l&#8217;eau sal\u00e9e comprend une construction triplement appr\u00eat\u00e9e et scell\u00e9e, des rondelles en nylon et ph\u00e9noliques et des vis en acier inoxydable aluminis\u00e9 avec lubrifiant isolant.<\/p>\n<p>&nbsp;<\/p>\n<p>Application : Yachts de sport, m\u00e9ga-yachts, bateaux de p\u00eache sportive et navires commerciaux.<\/p>\n<ul>\n<li>Ampoules halog\u00e8nes doubles haute intensit\u00e9 de 55 watts<\/li>\n<li>Le contr\u00f4leur est dot\u00e9 d&#8217;une \u00e9lectronique de pointe pour prot\u00e9ger la lumi\u00e8re de la plupart des surtensions<\/li>\n<li>L&#8217;allumage et l&#8217;extinction progressifs augmentent la dur\u00e9e de vie de l&#8217;ampoule<\/li>\n<li>M\u00e9canisme d&#8217;\u00e9l\u00e9vation interne pour un contr\u00f4le pr\u00e9cis de l&#8217;inclinaison du faisceau ; prot\u00e8ge le m\u00e9canisme d&#8217;\u00e9l\u00e9vation des intemp\u00e9ries<\/li>\n<li>Bo\u00eetier robuste en aluminium de qualit\u00e9 marine, triplement appr\u00eat\u00e9 et scell\u00e9<\/li>\n<li>Comprend une t\u00e9l\u00e9commande Point Pad du bout des doigts ; jusqu&#8217;\u00e0 trois unit\u00e9s Point Pad distantes peuvent \u00eatre install\u00e9es sur le syst\u00e8me ; options de montage en surface\/encastr\u00e9 incluses<\/li>\n<li>La fonction exclusive XRCiZ\u2122 fait pivoter et d\u00e9place l&#8217;assemblage d&#8217;\u00e9clairage tous les 30 jours \u00e0 compter de l&#8217;activation pour maintenir toutes les surfaces d&#8217;appui exemptes de corrosion et tous les contacts \u00e9lectriques fonctionnels<\/li>\n<li>Faisceau de c\u00e2bles de 15 pieds (4,57 m)<\/li>\n<\/ul>\n<p>\u00c9tiquettes&nbsp;: projecteurs, projecteur, projecteur RCL , RCL 100, projecteur de bateau, projecteur marin, projecteurs marins, projecteur ACR, 1930, r\u00e9f. 1930, 1931, r\u00e9f. 1931<\/p>\n","protected":false},"excerpt":{"rendered":"<p>Le bo\u00eetier robuste en aluminium de qualit\u00e9 marine du RCL -100D est id\u00e9al pour les yachts de sport de taille moyenne et les navires commerciaux. R\u00e9sistant \u00e0 l&#8217;eau sal\u00e9e, ce projecteur b\u00e9n\u00e9ficie d&#8217;une construction triplement appr\u00eat\u00e9e et scell\u00e9e, de rondelles en nylon et en ph\u00e9nol et de vis en acier inoxydable aluminis\u00e9. <\/p>\n<p>&nbsp;<\/p>\n<p style=\"margin-left: 0in; margin-right: 0in;\"><span style=\"font-size: 11pt;\"><span style=\"font-family: Calibri,sans-serif;\"><a style=\"color: blue; text-decoration: underline;\" href=\"https:\/\/www.dropbox.com\/s\/ezakylsa2478sav\/Prop%2065%20-%20DINP%20and%20BPA.pdf?dl=0\"><span style=\"color: #000000;\">AVERTISSEMENT : PROPOSITION 65<\/span><\/a><\/span><\/span><\/p>\n<p style=\"margin-left: 0in; margin-right: 0in;\">\n","protected":false},"featured_media":152443,"template":"","meta":{"_acf_changed":false,"om_disable_all_campaigns":false},"product_brand":[],"product_cat":[5950,5944,5721,5948,5946,7163],"product_tag":[7302,7303,7174,7169,7170,7166,7176,7175,7164,7301,7300],"class_list":{"0":"post-152442","1":"product","2":"type-product","3":"status-publish","4":"has-post-thumbnail","6":"product_cat-commercial-fr","7":"product_cat-interieur","8":"product_cat-marin-fr","9":"product_cat-offshore-fr","10":"product_cat-pres-du-rivage","11":"product_cat-projecteurs","12":"product_tag-projecteur-12-v","13":"product_tag-projecteur-24v","14":"product_tag-projecteur-acr","15":"product_tag-projecteur-de-bateau","16":"product_tag-projecteur-marin","17":"product_tag-projecteurs","18":"product_tag-projecteurs-acr","19":"product_tag-projecteurs-au-xenon","20":"product_tag-rcl-fr","21":"product_tag-rcl-100-fr","22":"product_tag-rcl100-fr","23":"pa_product-heritage","25":"first","26":"outofstock","27":"taxable","28":"shipping-taxable","29":"product-type-simple"},"acf":[],"_links":{"self":[{"href":"https:\/\/www.acrartex.com\/fr\/wp-json\/wp\/v2\/product\/152442","targetHints":{"allow":["GET"]}}],"collection":[{"href":"https:\/\/www.acrartex.com\/fr\/wp-json\/wp\/v2\/product"}],"about":[{"href":"https:\/\/www.acrartex.com\/fr\/wp-json\/wp\/v2\/types\/product"}],"wp:featuredmedia":[{"embeddable":true,"href":"https:\/\/www.acrartex.com\/fr\/wp-json\/wp\/v2\/media\/152443"}],"wp:attachment":[{"href":"https:\/\/www.acrartex.com\/fr\/wp-json\/wp\/v2\/media?parent=152442"}],"wp:term":[{"taxonomy":"product_brand","embeddable":true,"href":"https:\/\/www.acrartex.com\/fr\/wp-json\/wp\/v2\/product_brand?post=152442"},{"taxonomy":"product_cat","embeddable":true,"href":"https:\/\/www.acrartex.com\/fr\/wp-json\/wp\/v2\/product_cat?post=152442"},{"taxonomy":"product_tag","embeddable":true,"href":"https:\/\/www.acrartex.com\/fr\/wp-json\/wp\/v2\/product_tag?post=152442"}],"curies":[{"name":"wp","href":"https:\/\/api.w.org\/{rel}","templated":true}]}}